{"id":2851,"date":"2026-01-01T16:16:39","date_gmt":"2026-01-01T15:16:39","guid":{"rendered":"https:\/\/boostique.pl\/shop\/non%20class\u00e9\/batonnets-dencens-diffuseur-daromes-encens-de-velours-formule-de-niche\/"},"modified":"2026-04-21T16:46:08","modified_gmt":"2026-04-21T14:46:08","slug":"batonnets-dencens-diffuseur-daromes-encens-de-velours-formule-de-niche","status":"publish","type":"product","link":"https:\/\/boostique.pl\/fr\/shop\/batonnets-dencens\/batonnets-dencens-diffuseur-daromes-encens-de-velours-formule-de-niche\/","title":{"rendered":"B\u00e2tonnets d\u2019encens | Diffuseur d\u2019ar\u00f4mes | Encens de velours &#8211; Formule de niche"},"content":{"rendered":"<h1 data-start=\"223\" data-end=\"298\" data-rm-block-id=\"block-1\"><strong data-start=\"223\" data-end=\"253\">Boostique \u2013 Encens de velours<\/strong><\/h1>\n<h3 data-start=\"223\" data-end=\"298\" data-rm-block-id=\"block-2\"><strong data-start=\"256\" data-end=\"298\">B\u00e2tonnets parfum\u00e9s &#8211; une formule de niche<\/strong><\/h3>\n<p data-start=\"300\" data-end=\"754\" data-rm-block-id=\"block-3\"><strong>Velvet Incense<\/strong> sont des b\u00e2tonnets parfum\u00e9s de <a href=\"https:\/\/boostique.pl\/perfumy-do-prania-sklep\/\">Boostique<\/a>, con\u00e7us pour des int\u00e9rieurs qui ont un caract\u00e8re distinctif et ne craignent pas la profondeur. C\u2019est un parfum pour ceux qui recherchent autre chose qu\u2019une composition d\u2019int\u00e9rieur classique \u2013 un parfum qui cr\u00e9e l\u2019atmosph\u00e8re, attire l\u2019attention et reste dans la m\u00e9moire. Velvet Incense se distingue par son intensit\u00e9, sa veloursit\u00e9 et son \u00e9l\u00e9gance exceptionnelle, qui conf\u00e8re \u00e0 l\u2019espace une dimension luxueuse, presque intime.  <\/p>\n<p data-start=\"756\" data-end=\"1185\" data-rm-block-id=\"block-4\">D\u00e8s les premiers instants de la pr\u00e9sence du diffuseur dans la pi\u00e8ce, le parfum emplit l\u2019int\u00e9rieur d\u2019une aura \u00e9paisse et enveloppante. Velvet Incense n\u2019est pas un parfum neutre \u2013 c\u2019est une composition qui marque consciemment sa pr\u00e9sence, cr\u00e9ant une atmosph\u00e8re de myst\u00e8re et de sophistication. L\u2019ar\u00f4me se d\u00e9veloppe lentement, cr\u00e9ant une impression de profondeur et de paix, s\u2019int\u00e9grant parfaitement aux rituels du soir, aux moments de d\u00e9tente et aux espaces destin\u00e9s au repos et \u00e0 la r\u00e9flexion.  <\/p>\n<p data-start=\"1187\" data-end=\"1691\" data-rm-block-id=\"block-5\"><strong>Diffuseur d\u2019ar\u00f4mes avec b\u00e2tonnets<\/strong> Velvet Incense a \u00e9t\u00e9 con\u00e7u pour des int\u00e9rieurs \u00e0 l\u2019esth\u00e9tique expressive \u2013 lofts modernes, salons \u00e9l\u00e9gants, bureaux ou zones de d\u00e9tente. La forme minimaliste du flacon caract\u00e9ristique de la marque Boostique contraste parfaitement avec le caract\u00e8re intense du parfum, cr\u00e9ant un tout coh\u00e9rent bas\u00e9 sur le principe de forme subtile et de contenu profond. C\u2019est un produit qui poss\u00e8de \u00e0 la fois un parfum et une fonction d\u00e9corative, mettant en valeur le style individuel de l\u2019espace.  <\/p>\n<p data-start=\"1693\" data-end=\"2052\" data-rm-block-id=\"block-6\">Velvet Incense se distingue par son \u00e9quilibre parfait entre intensit\u00e9 et \u00e9l\u00e9gance. Le parfum est lib\u00e9r\u00e9 progressivement et de mani\u00e8re uniforme, ce qui ne submerge pas l\u2019int\u00e9rieur, mais le remplit de fa\u00e7on constante. C\u2019est un diffuseur de parfums avec des b\u00e2tons, qui devient une partie int\u00e9grante du confort quotidien, surtout dans les espaces o\u00f9 l\u2019ambiance et l\u2019ambiance comptent.  <\/p>\n<p data-start=\"2054\" data-end=\"2453\" data-rm-block-id=\"block-7\">L\u2019utilisation de b\u00e2tons de haute qualit\u00e9 assure une lib\u00e9ration durable et stable du parfum pendant de nombreuses semaines. L\u2019intensit\u00e9 de l\u2019ar\u00f4me peut \u00eatre facilement ajust\u00e9e selon le nombre de b\u00e2tonnets utilis\u00e9s, en ajustant l\u2019effet du diffuseur \u00e0 la taille de la pi\u00e8ce et aux pr\u00e9f\u00e9rences personnelles. Velvet Incense est parfait pour les salons, chambres, bureaux, ainsi que pour les h\u00f4tels et appartements.  <\/p>\n<p data-start=\"2455\" data-end=\"2774\" data-rm-block-id=\"block-8\">L\u2019encens en velours est aussi une id\u00e9e de cadeau unique \u2014 de niche, sophistiqu\u00e9e et peu \u00e9vidente. Ceci est une proposition destin\u00e9e aux personnes qui valorisent le luxe, le caract\u00e8re et les parfums avec \u00e2me. Lorsque vous choisissez Boostique Velvet Incense, vous optez pour un diffuseur de parfum avec des b\u00e2tons qui non seulement aromatise l\u2019int\u00e9rieur, mais lui donne aussi profondeur et identit\u00e9.  <\/p>\n<p data-start=\"2776\" data-end=\"2875\" data-rm-block-id=\"block-9\"><strong>L\u2019encens de velours<\/strong> est un parfum qui enveloppe l\u2019espace comme du velours doux \u2013 dense, \u00e9l\u00e9gant et magn\u00e9tique.<\/p>\n<hr data-start=\"722\" data-end=\"725\" data-rm-block-id=\"block-10\">\n<h2 data-start=\"727\" data-end=\"767\" data-rm-block-id=\"block-11\"><strong data-start=\"730\" data-end=\"767\">Profil parfum\u00e9 \u2013 Velvet Incense<\/strong><\/h2>\n<h3 data-start=\"769\" data-end=\"825\" data-rm-block-id=\"block-12\"><strong data-start=\"773\" data-end=\"825\">Notes d\u2019inspiration \u2013 riche en fruits et en douceur miel<\/strong><\/h3>\n<p data-start=\"826\" data-end=\"1127\" data-rm-block-id=\"block-13\"><strong data-start=\"826\" data-end=\"879\">Orange am\u00e8re, cassis, framboise, miel<\/strong><br data-start=\"879\" data-end=\"882\">Un accord intense et fruit\u00e9 s\u2019ouvre : cassis, juteux et framboise se combinent avec un orange amer distinctif. L\u2019ensemble est envelopp\u00e9 d\u2019une d\u00e9licate douceur dor\u00e9e de miel, qui conf\u00e8re \u00e0 la composition un caract\u00e8re velout\u00e9 et profond d\u00e8s les premiers instants. <\/p>\n<h3 data-start=\"1129\" data-end=\"1188\" data-rm-block-id=\"block-14\"><strong data-start=\"1133\" data-end=\"1188\">Notes de c\u0153ur \u2013 profondeur florale et \u00e9l\u00e9gance orientale<\/strong><\/h3>\n<p data-start=\"1189\" data-end=\"1497\" data-rm-block-id=\"block-15\"><strong data-start=\"1189\" data-end=\"1230\">Taif de rose, g\u00e9ranium, kananga, patchouli<\/strong><br data-start=\"1230\" data-end=\"1233\">Dans le c\u0153ur fleurit la luxuriante rose de Taif, connue pour son ar\u00f4me riche et noble. Le g\u00e9ranium apporte de la fra\u00eecheur, le kananga introduit une douceur exotique, et le patchouli donne au parfum un fond profond et l\u00e9g\u00e8rement terreux. C\u2019est un c\u0153ur rempli d\u2019\u00e9l\u00e9gance orientale et de sensualit\u00e9.  <\/p>\n<h3 data-start=\"1499\" data-end=\"1556\" data-rm-block-id=\"block-16\"><strong data-start=\"1503\" data-end=\"1556\">Notes de base \u2013 brume d\u2019encens et harmonie bois\u00e9e<\/strong><\/h3>\n<p data-start=\"1557\" data-end=\"1827\" data-rm-block-id=\"block-17\"><strong data-start=\"1557\" data-end=\"1603\">Vanille, v\u00e9tiver, encens, ambre gris, musc<\/strong><br data-start=\"1603\" data-end=\"1606\">La base est un v\u00e9ritable artisanat parfum\u00e9 : l\u2019encens conf\u00e8re un caract\u00e8re mystique, l\u2019ambre apporte une chaleur dor\u00e9e, le musc apporte de la puret\u00e9, et le v\u00e9tiver et la vanille enveloppent l\u2019ensemble d\u2019une aura velout\u00e9e, profonde et extr\u00eamement r\u00e9sistante.<\/p>\n<hr data-start=\"1829\" data-end=\"1832\" data-rm-block-id=\"block-18\">\n<h2 data-start=\"1834\" data-end=\"1875\" data-rm-block-id=\"block-19\"><strong data-start=\"1837\" data-end=\"1875\">Pourquoi aimerez-vous Velvet Incensis ?<\/strong><\/h2>\n<ul data-start=\"1876\" data-end=\"2142\">\n<li data-start=\"1876\" data-end=\"1945\">\n<p data-start=\"1878\" data-end=\"1945\" data-rm-block-id=\"block-20\">est un parfum de niche avec une structure extr\u00eamement riche et multi-couches<\/p>\n<\/li>\n<li data-start=\"1946\" data-end=\"2015\">\n<p data-start=\"1948\" data-end=\"2015\" data-rm-block-id=\"block-21\">Il apporte une atmosph\u00e8re de luxe, de myst\u00e8re et de sophistication \u00e0 l\u2019int\u00e9rieur<\/p>\n<\/li>\n<li data-start=\"2016\" data-end=\"2065\">\n<p data-start=\"2018\" data-end=\"2065\" data-rm-block-id=\"block-22\">est intense, \u00e9l\u00e9gant et extr\u00eamement durable<\/p>\n<\/li>\n<li data-start=\"2066\" data-end=\"2142\">\n<p data-start=\"2068\" data-end=\"2142\" data-rm-block-id=\"block-23\">Id\u00e9al pour les personnes qui appr\u00e9cient les compositions orientales, plus sombres et sensuelles<\/p>\n<\/li>\n<\/ul>\n<hr data-start=\"2144\" data-end=\"2147\" data-rm-block-id=\"block-24\">\n<h2 data-start=\"2149\" data-end=\"2169\" data-rm-block-id=\"block-25\"><strong data-start=\"2152\" data-end=\"2169\">Excellent pour :<\/strong><\/h2>\n<p data-start=\"2170\" data-end=\"2311\" data-rm-block-id=\"block-26\">Salon, bureau, chambre, espace de d\u00e9tente et tout endroit o\u00f9 vous souhaitez cr\u00e9er une atmosph\u00e8re de profondeur, d\u2019\u00e9l\u00e9gance et de tranquillit\u00e9 luxueuse.<\/p>\n<p data-start=\"584\" data-end=\"900\" data-rm-block-id=\"block-27\"><strong>Capacit\u00e9 : 250 ml<\/strong><\/p>\n<hr data-start=\"902\" data-end=\"905\" data-rm-block-id=\"block-28\">\n<h3 data-start=\"943\" data-end=\"986\" data-rm-block-id=\"block-29\"><\/h3>\n<h3 data-start=\"943\" data-end=\"986\" data-rm-block-id=\"block-30\"><strong data-start=\"947\" data-end=\"984\">Contenu (composition du parfum) :<\/strong><\/h3>\n<p data-rm-block-id=\"block-31\">Patchouli, ext., ionone, m\u00e9thylle, citronellol, [3R-(3\u03b1,3a\u03b2,7\u03b2,8a\u03b1)]-1-(2,3,4,7,8,8a-hexahydro-3,6,8,8-t\u00e9tram\u00e9thyle-1H-3a,7-m\u00e9thanoazulen-5-yl)\u00e9thane-1-one, huile essentielle de Cananga odorata, etc. obtenue des fleurs de Cananga odorata macrophylla par distillation \u00e0 la vapeur, g\u00e9raniol, (R)-p-menta-1,8-di\u00e8ne, alpha-pin\u00e8ne (cf. Terp\u00e8nes), 3-ph\u00e9nylprop-2-\u00e9nal<\/p>\n<hr data-start=\"1415\" data-end=\"1418\" data-rm-block-id=\"block-32\">\n<h3 data-start=\"1420\" data-end=\"1455\" data-rm-block-id=\"block-33\"><\/h3>\n<h3 data-start=\"1420\" data-end=\"1455\" data-rm-block-id=\"block-34\"><strong data-start=\"1424\" data-end=\"1455\">Notes et pr\u00e9cautions :<\/strong><\/h3>\n<p data-rm-block-id=\"block-35\">Liquide inflammable et vapeurs. Peut provoquer une r\u00e9action cutan\u00e9e allergique. C\u2019est irritant pour les yeux. Il est toxique pour les organismes aquatiques, provoquant des effets durables. Si vous avez besoin de consulter un m\u00e9decin, montrez le contenant ou l\u2019\u00e9tiquette. Restez hors de port\u00e9e des enfants. Lavez-vous soigneusement les mains et les parties du corps affect\u00e9es apr\u00e8s utilisation. Portez des gants de protection ou de protection pour les yeux. Ramassez la fuite. Jetez le contenu\/contenant \u00e0 un point d\u2019\u00e9limination des d\u00e9chets autoris\u00e9 ou rendez-le au fournisseur.         <\/p>\n<p data-rm-block-id=\"block-36\"><img decoding=\"async\" class=\"alignnone wp-image-203\" src=\"https:\/\/boostique.pl\/wp-content\/uploads\/2025\/07\/uwaga.png\" alt=\"\" width=\"55\" height=\"56\" title=\"\" srcset=\"https:\/\/boostique.pl\/wp-content\/uploads\/2025\/07\/uwaga.png 95w, https:\/\/boostique.pl\/wp-content\/uploads\/2025\/07\/uwaga-50x50.png 50w\" sizes=\"(max-width: 55px) 100vw, 55px\" \/>   <img decoding=\"async\" class=\"alignnone wp-image-1774\" src=\"https:\/\/boostique.pl\/wp-content\/uploads\/2025\/12\/3588-300x300.png\" alt=\"\" width=\"59\" height=\"59\" title=\"\" srcset=\"https:\/\/boostique.pl\/wp-content\/uploads\/2025\/12\/3588-300x300.png 300w, https:\/\/boostique.pl\/wp-content\/uploads\/2025\/12\/3588-100x100.png 100w, https:\/\/boostique.pl\/wp-content\/uploads\/2025\/12\/3588-150x150.png 150w, https:\/\/boostique.pl\/wp-content\/uploads\/2025\/12\/3588.png 400w\" sizes=\"(max-width: 59px) 100vw, 59px\" \/><\/p>\n<hr data-start=\"1875\" data-end=\"1878\" data-rm-block-id=\"block-37\">\n<h3 data-start=\"1880\" data-end=\"1898\" data-rm-block-id=\"block-38\"><\/h3>\n<h3 data-start=\"1880\" data-end=\"1898\" data-rm-block-id=\"block-39\"><strong data-start=\"1884\" data-end=\"1898\">Fabricant :<\/strong><\/h3>\n<p data-start=\"1900\" data-end=\"2141\" data-rm-block-id=\"block-40\"><strong data-start=\"1900\" data-end=\"1918\">FABRIQU\u00c9 EN POLOGNE<\/strong><br data-start=\"1918\" data-end=\"1921\"><strong data-start=\"1921\" data-end=\"1950\">Fabricant :<\/strong><br data-start=\"1950\" data-end=\"1953\"><strong data-start=\"1953\" data-end=\"1994\">Olfaction Consulting \u0141ukasz Czaplicki<\/strong><br data-start=\"1994\" data-end=\"1997\">Wroc\u0142awska 7A, 95-082 Dobro\u0144, Pologne<br data-start=\"2037\" data-end=\"2040\">T\u00e9l\u00e9phone : +48 519 614 314<br data-start=\"2064\" data-end=\"2067\">UFI : G940-80GF-C002-WM20<br \/>\nwww.boostique.eu <\/p>\n","protected":false},"excerpt":{"rendered":"<p data-start=\"404\" data-end=\"588\">Encens de velours : Orange amer, cassise et framboise m\u00e8nent \u00e0 la rose de Taif et au patchouli, avec une base de vanille, v\u00e9tiver, encens, ambre et musc.<\/p>\n<p data-start=\"559\" data-end=\"583\"><strong>Capacit\u00e9 : 250 ml<\/strong><\/p>\n","protected":false},"featured_media":1787,"comment_status":"open","ping_status":"closed","template":"","meta":[],"product_brand":[],"product_cat":[166],"product_tag":[171,124,170,169],"class_list":{"0":"post-2851","1":"product","2":"type-product","3":"status-publish","4":"has-post-thumbnail","6":"product_cat-batonnets-dencens","7":"product_tag-batonnets-parfumes","8":"product_tag-boostique","9":"product_tag-diffuseur-a-anches","10":"product_tag-diffuseur-daromes-avec-batonnets","12":"first","13":"instock","14":"taxable","15":"shipping-taxable","16":"purchasable","17":"product-type-simple"},"_links":{"self":[{"href":"https:\/\/boostique.pl\/fr\/wp-json\/wp\/v2\/product\/2851","targetHints":{"allow":["GET"]}}],"collection":[{"href":"https:\/\/boostique.pl\/fr\/wp-json\/wp\/v2\/product"}],"about":[{"href":"https:\/\/boostique.pl\/fr\/wp-json\/wp\/v2\/types\/product"}],"replies":[{"embeddable":true,"href":"https:\/\/boostique.pl\/fr\/wp-json\/wp\/v2\/comments?post=2851"}],"wp:featuredmedia":[{"embeddable":true,"href":"https:\/\/boostique.pl\/fr\/wp-json\/wp\/v2\/media\/1787"}],"wp:attachment":[{"href":"https:\/\/boostique.pl\/fr\/wp-json\/wp\/v2\/media?parent=2851"}],"wp:term":[{"taxonomy":"product_brand","embeddable":true,"href":"https:\/\/boostique.pl\/fr\/wp-json\/wp\/v2\/product_brand?post=2851"},{"taxonomy":"product_cat","embeddable":true,"href":"https:\/\/boostique.pl\/fr\/wp-json\/wp\/v2\/product_cat?post=2851"},{"taxonomy":"product_tag","embeddable":true,"href":"https:\/\/boostique.pl\/fr\/wp-json\/wp\/v2\/product_tag?post=2851"}],"curies":[{"name":"wp","href":"https:\/\/api.w.org\/{rel}","templated":true}]}}