{"id":2813,"date":"2026-01-01T09:40:21","date_gmt":"2026-01-01T08:40:21","guid":{"rendered":"https:\/\/boostique.pl\/shop\/non%20class\u00e9\/batonnets-dencens-diffuseur-daromes-golden-harmony-mega-efficace\/"},"modified":"2026-02-26T14:23:58","modified_gmt":"2026-02-26T13:23:58","slug":"batonnets-dencens-diffuseur-daromes-golden-harmony-mega-efficace","status":"publish","type":"product","link":"https:\/\/boostique.pl\/fr\/shop\/batonnets-dencens\/batonnets-dencens-diffuseur-daromes-golden-harmony-mega-efficace\/","title":{"rendered":"B\u00e2tonnets d\u2019encens | Diffuseur d\u2019ar\u00f4mes | Golden Harmony \u2013 M\u00e9ga Efficace !"},"content":{"rendered":"<h1 data-start=\"253\" data-end=\"330\" data-rm-block-id=\"block-1\"><strong data-start=\"253\" data-end=\"283\">Boostique \u2013 Harmonie dor\u00e9e<\/strong><\/h1>\n<h3 data-start=\"253\" data-end=\"330\" data-rm-block-id=\"block-2\"><strong data-start=\"286\" data-end=\"330\">B\u00e2tonnets d\u2019encens de luxe<\/strong><\/h3>\n<p data-start=\"332\" data-end=\"717\" data-rm-block-id=\"block-3\"><strong>Golden Harmony<\/strong> est <a href=\"https:\/\/boostique.pl\/perfumy-do-prania-sklep\/\">un b\u00e2ton parfum\u00e9 de Boostique<\/a>, con\u00e7u pour les int\u00e9rieurs o\u00f9 harmonie, \u00e9l\u00e9gance et paix sont des choix conscients. C\u2019est un parfum qui construit subtilement l\u2019atmosph\u00e8re de l\u2019espace, lui conf\u00e9rant un caract\u00e8re sophistiqu\u00e9 sans intensit\u00e9 excessive. Golden Harmony est la r\u00e9ponse au besoin d\u2019\u00e9quilibre \u2013 olfactif, esth\u00e9tique et \u00e9motionnel.  <\/p>\n<p data-start=\"719\" data-end=\"1147\" data-rm-block-id=\"block-4\">D\u00e8s les premiers instants de la pr\u00e9sence du diffuseur dans la pi\u00e8ce, le parfum enveloppe doucement l\u2019espace, cr\u00e9ant l\u2019impression d\u2019une maison raffin\u00e9e et luxueuse o\u00f9 chaque d\u00e9tail compte. Golden Harmony ne s\u2019impose pas par son ar\u00f4me, mais accompagne constamment les moments du quotidien, emplissant l\u2019int\u00e9rieur de paix et d\u2019\u00e9l\u00e9gance. C\u2019est un parfum qui favorise la d\u00e9tente, les r\u00e9unions et le confort quotidien, devenant un cadre naturel pour la vie domestique.  <\/p>\n<p data-start=\"1149\" data-end=\"1622\" data-rm-block-id=\"block-5\"><strong>Le diffuseur de parfum Golden Harmony avec b\u00e2tonnets<\/strong> a \u00e9t\u00e9 con\u00e7u pour des arrangements modernes, lumineux et \u00e9l\u00e9gants. La forme minimaliste de la bouteille, caract\u00e9ristique de l\u2019esth\u00e9tique Boostique, fait que le produit s\u2019int\u00e8gre parfaitement \u00e0 la fois dans des int\u00e9rieurs modernes classiques et doux de luxe, ainsi qu\u2019avec des espaces plus contemporains et minimalistes. Le diffuseur a non seulement une fonction parfum\u00e9e, mais aussi une fonction d\u00e9corative \u2013 subtile, discr\u00e8te et intemporelle.  <\/p>\n<p data-start=\"1624\" data-end=\"2065\" data-rm-block-id=\"block-6\">Golden Harmony se distingue par son excellent \u00e9quilibre entre intensit\u00e9 et subtilit\u00e9. La composition a \u00e9t\u00e9 d\u00e9velopp\u00e9e pour se d\u00e9velopper progressivement et de mani\u00e8re homog\u00e8ne, assurant la pr\u00e9sence constante d\u2019ar\u00f4me sans l\u2019effet \u00e9crasant. Gr\u00e2ce \u00e0 cela, le diffuseur d\u2019ar\u00f4mes avec des b\u00e2tons devient un \u00e9l\u00e9ment du confort quotidien, et pas seulement un accessoire occasionnel. Le parfum se fond parfaitement dans le rythme de la journ\u00e9e, cr\u00e9ant une atmosph\u00e8re de paix et d\u2019ordre.   <\/p>\n<p data-start=\"2067\" data-end=\"2524\" data-rm-block-id=\"block-7\">L\u2019utilisation de b\u00e2tons de haute qualit\u00e9 permet une lib\u00e9ration efficace et durable du parfum pendant de nombreuses semaines. L\u2019intensit\u00e9 de l\u2019ar\u00f4me peut \u00eatre facilement ajust\u00e9e selon le nombre de b\u00e2tonnets utilis\u00e9s, ce qui permet d\u2019ajuster le fonctionnement du diffuseur \u00e0 la taille de la pi\u00e8ce et aux pr\u00e9f\u00e9rences individuelles. Golden Harmony est parfait pour le salon, la chambre, le bureau, la salle de bain, ainsi que pour les espaces repr\u00e9sentatifs, comme les bureaux ou appartements.  <\/p>\n<p data-start=\"2526\" data-end=\"2893\" data-rm-block-id=\"block-8\">Le diffuseur de parfum Golden Harmony avec b\u00e2tonnets est \u00e9galement un excellent choix pour un cadeau. Son caract\u00e8re universel et \u00e9l\u00e9gant en fait une proposition s\u00fbre et \u00e0 la fois luxueuse pour diverses occasions \u2013 des cadeaux pour une nouvelle maison, en passant par les f\u00eates, jusqu\u2019aux cadeaux d\u2019affaires. C\u2019est un produit qui non seulement est magnifique, mais laisse aussi une impression positive durable.  <\/p>\n<p data-start=\"2895\" data-end=\"3237\" data-rm-block-id=\"block-9\">Lorsque vous choisissez Boostique Golden Harmony, vous optez pour un diffuseur de parfums avec des b\u00e2tons qui allie esth\u00e9tique, qualit\u00e9 et une exp\u00e9rience parfum\u00e9e premium. C\u2019est un parfum qui non seulement aromatise l\u2019int\u00e9rieur, mais d\u00e9finit aussi son caract\u00e8re. Golden Harmony est plus qu\u2019un simple parfum \u2013 c\u2019est un mode de vie envelopp\u00e9 dans une forme \u00e9l\u00e9gante et minimaliste.  <\/p>\n<hr data-start=\"680\" data-end=\"683\" data-rm-block-id=\"block-10\">\n<h2 data-start=\"685\" data-end=\"725\" data-rm-block-id=\"block-11\"><strong data-start=\"688\" data-end=\"725\">Profil parfum\u00e9 \u2013 Diffuseur de parfum Golden Harmony avec b\u00e2tonnets<\/strong><\/h2>\n<h3 data-start=\"727\" data-end=\"766\" data-rm-block-id=\"block-12\"><strong data-start=\"731\" data-end=\"766\">Notes de t\u00eate \u2013 fra\u00eecheur radieuse<\/strong><\/h3>\n<p data-start=\"767\" data-end=\"992\" data-rm-block-id=\"block-13\"><strong data-start=\"767\" data-end=\"806\">Accords citron, orange, poudreux<\/strong><br data-start=\"806\" data-end=\"809\">La composition s\u2019ouvre sur un m\u00e9lange lumineux de citron et d\u2019orange, soulign\u00e9 par une d\u00e9licate pulv\u00e9rit\u00e9. C\u2019est un d\u00e9but lumineux et \u00e9nergisant qui apporte une touche d\u2019harmonie fra\u00eeche \u00e0 l\u2019int\u00e9rieur. <\/p>\n<h3 data-start=\"994\" data-end=\"1045\" data-rm-block-id=\"block-14\"><strong data-start=\"998\" data-end=\"1045\">Notes de c\u0153ur \u2013 profondeur florale et chaleur dor\u00e9e<\/strong><\/h3>\n<p data-start=\"1046\" data-end=\"1293\" data-rm-block-id=\"block-15\"><strong data-start=\"1046\" data-end=\"1088\">Rose turque, muguet, cannelle, ambre gris<\/strong><br data-start=\"1088\" data-end=\"1091\">Au c\u0153ur de Golden Harmony, une rose velout\u00e9e et un muguet frais fleurissent, associ\u00e9s \u00e0 une pinc\u00e9e de cannelle. L\u2019ambre gris apporte une chaleur agr\u00e9able, l\u00e9g\u00e8rement r\u00e9sin\u00e9e, \u00e0 la composition \u2013 cr\u00e9ant un accord \u00e9l\u00e9gant et enveloppant. <\/p>\n<h3 data-start=\"1295\" data-end=\"1357\" data-rm-block-id=\"block-16\"><strong data-start=\"1299\" data-end=\"1357\">Notes de base \u2013 douceur, bois et finition balsamique<\/strong><\/h3>\n<p data-start=\"1358\" data-end=\"1627\" data-rm-block-id=\"block-17\"><strong data-start=\"1358\" data-end=\"1413\">Vanille, tonka, c\u00e8dre, bois de guaiac, mousse de ch\u00eane<\/strong><br data-start=\"1413\" data-end=\"1416\">La base du parfum est riche, cr\u00e9meuse et durable. La vanille et la f\u00e8ve tonka lui conf\u00e8rent douceur et douceur, le c\u00e8dre et le guaiac apportent des notes bois\u00e9es nobles, et la mousse de ch\u00eane compl\u00e8te l\u2019ensemble avec une profondeur \u00e9l\u00e9gante, l\u00e9g\u00e8rement mousseuse. <\/p>\n<hr data-start=\"1629\" data-end=\"1632\" data-rm-block-id=\"block-18\">\n<h2 data-start=\"1634\" data-end=\"1675\" data-rm-block-id=\"block-19\"><strong data-start=\"1637\" data-end=\"1675\">Pourquoi aimerais-tu Golden Harmony ?<\/strong><\/h2>\n<ul data-start=\"1676\" data-end=\"1910\">\n<li data-start=\"1676\" data-end=\"1729\">\n<p data-start=\"1678\" data-end=\"1729\" data-rm-block-id=\"block-20\">cr\u00e9e une atmosph\u00e8re de chaleur, d\u2019\u00e9l\u00e9gance et de chaleur<\/p>\n<\/li>\n<li data-start=\"1730\" data-end=\"1789\">\n<p data-start=\"1732\" data-end=\"1789\" data-rm-block-id=\"block-21\">Allie la fra\u00eecheur des agrumes \u00e0 une base florale et bois\u00e9e profonde<\/p>\n<\/li>\n<li data-start=\"1790\" data-end=\"1841\">\n<p data-start=\"1792\" data-end=\"1841\" data-rm-block-id=\"block-22\">est intense, durable et parfaitement \u00e9quilibr\u00e9e<\/p>\n<\/li>\n<li data-start=\"1842\" data-end=\"1910\">\n<p data-start=\"1844\" data-end=\"1910\" data-rm-block-id=\"block-23\">s\u2019int\u00e8gre parfaitement au style minimaliste et luxueux de Boostique<\/p>\n<\/li>\n<\/ul>\n<hr data-start=\"1912\" data-end=\"1915\" data-rm-block-id=\"block-24\">\n<h2 data-start=\"1917\" data-end=\"1937\" data-rm-block-id=\"block-25\"><strong data-start=\"1920\" data-end=\"1937\">Excellent pour :<\/strong><\/h2>\n<p data-start=\"1938\" data-end=\"2077\" data-rm-block-id=\"block-26\">Le salon, la chambre, le bureau, le hall et tous les espaces que vous souhaitez donner un caract\u00e8re \u00e9l\u00e9gant et dor\u00e9 ainsi qu\u2019une sensation de chaleur agr\u00e9able.<\/p>\n<p data-start=\"584\" data-end=\"900\" data-rm-block-id=\"block-27\"><strong>Capacit\u00e9 : 250 ml<\/strong><\/p>\n<hr data-start=\"902\" data-end=\"905\" data-rm-block-id=\"block-28\">\n<h3 data-start=\"943\" data-end=\"986\" data-rm-block-id=\"block-29\"><\/h3>\n<h3 data-start=\"943\" data-end=\"986\" data-rm-block-id=\"block-30\"><strong data-start=\"947\" data-end=\"984\">Contenu (composition du parfum) :<\/strong><\/h3>\n<p data-rm-block-id=\"block-31\">Ac\u00e9tate de 4-tert-butylcyclohexyle, 3,7-dim\u00e9thyl-1,6-octadi\u00e8ne-3-ol, Coumarine, (+) &#8211; Limon\u00e8ne, Citronellol, Ac\u00e9tate de Nopyle, Ac\u00e9tate de Linallyle, alcool de cannelle, alcool benzylique<\/p>\n<hr data-start=\"1415\" data-end=\"1418\" data-rm-block-id=\"block-32\">\n<h3 data-start=\"1420\" data-end=\"1455\" data-rm-block-id=\"block-33\"><\/h3>\n<h3 data-start=\"1420\" data-end=\"1455\" data-rm-block-id=\"block-34\"><strong data-start=\"1424\" data-end=\"1455\">Notes et pr\u00e9cautions :<\/strong><\/h3>\n<p data-rm-block-id=\"block-35\">Liquide inflammable et vapeurs. Peut provoquer une r\u00e9action cutan\u00e9e allergique. C\u2019est irritant pour les yeux. Il est toxique pour les organismes aquatiques, provoquant des effets durables. Si vous avez besoin de consulter un m\u00e9decin, montrez le contenant ou l\u2019\u00e9tiquette. Restez hors de port\u00e9e des enfants. Lavez-vous soigneusement les mains et les parties du corps affect\u00e9es apr\u00e8s utilisation. Portez des gants de protection ou de protection pour les yeux. Ramassez la fuite. Jetez le contenu\/contenant \u00e0 un point d\u2019\u00e9limination des d\u00e9chets autoris\u00e9 ou rendez-le au fournisseur.         <\/p>\n<p data-rm-block-id=\"block-37\"><img decoding=\"async\" class=\"alignnone wp-image-203\" src=\"https:\/\/boostique.pl\/wp-content\/uploads\/2025\/07\/uwaga.png\" alt=\"\" width=\"55\" height=\"56\" title=\"\" srcset=\"https:\/\/boostique.pl\/wp-content\/uploads\/2025\/07\/uwaga.png 95w, https:\/\/boostique.pl\/wp-content\/uploads\/2025\/07\/uwaga-50x50.png 50w\" sizes=\"(max-width: 55px) 100vw, 55px\" \/>   <img decoding=\"async\" class=\"alignnone wp-image-1774\" src=\"https:\/\/boostique.pl\/wp-content\/uploads\/2025\/12\/3588-300x300.png\" alt=\"\" width=\"59\" height=\"59\" title=\"\" srcset=\"https:\/\/boostique.pl\/wp-content\/uploads\/2025\/12\/3588-300x300.png 300w, https:\/\/boostique.pl\/wp-content\/uploads\/2025\/12\/3588-100x100.png 100w, https:\/\/boostique.pl\/wp-content\/uploads\/2025\/12\/3588-150x150.png 150w, https:\/\/boostique.pl\/wp-content\/uploads\/2025\/12\/3588.png 400w\" sizes=\"(max-width: 59px) 100vw, 59px\" \/><\/p>\n<hr data-start=\"1875\" data-end=\"1878\" data-rm-block-id=\"block-38\">\n<h3 data-start=\"1880\" data-end=\"1898\" data-rm-block-id=\"block-39\"><\/h3>\n<h3 data-start=\"1880\" data-end=\"1898\" data-rm-block-id=\"block-40\"><strong data-start=\"1884\" data-end=\"1898\">Fabricant :<\/strong><\/h3>\n<p data-start=\"1900\" data-end=\"2141\" data-rm-block-id=\"block-41\"><strong data-start=\"1900\" data-end=\"1918\">FABRIQU\u00c9 EN POLOGNE<\/strong><br data-start=\"1918\" data-end=\"1921\"><strong data-start=\"1921\" data-end=\"1950\">Fabricant :<\/strong><br data-start=\"1950\" data-end=\"1953\"><strong data-start=\"1953\" data-end=\"1994\">Olfaction Consulting \u0141ukasz Czaplicki<\/strong><br data-start=\"1994\" data-end=\"1997\">Wroc\u0142awska 7A, 95-082 Dobro\u0144, Pologne<br data-start=\"2037\" data-end=\"2040\">T\u00e9l\u00e9phone : +48 519 614 314<br data-start=\"2064\" data-end=\"2067\">UFI : R740-R0T2-100K-78FX<br \/>\nwww.boostique.eu <\/p>\n","protected":false},"excerpt":{"rendered":"<p data-start=\"404\" data-end=\"588\">Harmonie dor\u00e9e : citron et orange \u00e0 l\u2019ouverture, rose, muguet-de-vall\u00e9e et cannelle en c\u0153ur, et vanille, tonka, c\u00e8dre, guaiac et mousse de ch\u00eane \u00e0 la base.<\/p>\n<p data-start=\"559\" data-end=\"583\"><strong>Capacit\u00e9 : 250 ml<\/strong><\/p>\n","protected":false},"featured_media":1785,"comment_status":"open","ping_status":"closed","template":"","meta":[],"product_brand":[],"product_cat":[166],"product_tag":[171,124,170,169],"class_list":{"0":"post-2813","1":"product","2":"type-product","3":"status-publish","4":"has-post-thumbnail","6":"product_cat-batonnets-dencens","7":"product_tag-batonnets-parfumes","8":"product_tag-boostique","9":"product_tag-diffuseur-a-anches","10":"product_tag-diffuseur-daromes-avec-batonnets","12":"first","13":"instock","14":"taxable","15":"shipping-taxable","16":"purchasable","17":"product-type-simple"},"_links":{"self":[{"href":"https:\/\/boostique.pl\/fr\/wp-json\/wp\/v2\/product\/2813","targetHints":{"allow":["GET"]}}],"collection":[{"href":"https:\/\/boostique.pl\/fr\/wp-json\/wp\/v2\/product"}],"about":[{"href":"https:\/\/boostique.pl\/fr\/wp-json\/wp\/v2\/types\/product"}],"replies":[{"embeddable":true,"href":"https:\/\/boostique.pl\/fr\/wp-json\/wp\/v2\/comments?post=2813"}],"wp:featuredmedia":[{"embeddable":true,"href":"https:\/\/boostique.pl\/fr\/wp-json\/wp\/v2\/media\/1785"}],"wp:attachment":[{"href":"https:\/\/boostique.pl\/fr\/wp-json\/wp\/v2\/media?parent=2813"}],"wp:term":[{"taxonomy":"product_brand","embeddable":true,"href":"https:\/\/boostique.pl\/fr\/wp-json\/wp\/v2\/product_brand?post=2813"},{"taxonomy":"product_cat","embeddable":true,"href":"https:\/\/boostique.pl\/fr\/wp-json\/wp\/v2\/product_cat?post=2813"},{"taxonomy":"product_tag","embeddable":true,"href":"https:\/\/boostique.pl\/fr\/wp-json\/wp\/v2\/product_tag?post=2813"}],"curies":[{"name":"wp","href":"https:\/\/api.w.org\/{rel}","templated":true}]}}