{"id":2733,"date":"2026-01-01T09:13:10","date_gmt":"2026-01-01T08:13:10","guid":{"rendered":"https:\/\/boostique.pl\/shop\/non%20class\u00e9\/batonnets-dencens-diffuseur-daromes-confort-en-blanc-mega-efficace\/"},"modified":"2026-02-26T14:23:41","modified_gmt":"2026-02-26T13:23:41","slug":"batonnets-dencens-diffuseur-daromes-confort-en-blanc-mega-efficace","status":"publish","type":"product","link":"https:\/\/boostique.pl\/fr\/shop\/batonnets-dencens\/batonnets-dencens-diffuseur-daromes-confort-en-blanc-mega-efficace\/","title":{"rendered":"B\u00e2tonnets d\u2019encens | Diffuseur d\u2019ar\u00f4mes | Confort en blanc &#8211; M\u00e9ga Efficace !"},"content":{"rendered":"<h1 data-start=\"149\" data-end=\"228\" data-rm-block-id=\"block-1\"><strong data-start=\"149\" data-end=\"181\">Boostique \u2013 Confort en blanc<\/strong><\/h1>\n<h3 data-start=\"149\" data-end=\"228\" data-rm-block-id=\"block-2\"><strong data-start=\"184\" data-end=\"228\">B\u00e2tonnets d\u2019encens de luxe<\/strong><\/h3>\n<p data-start=\"230\" data-end=\"654\" data-rm-block-id=\"block-3\"><strong>Comfort In<\/strong> White est l\u2019essence de puret\u00e9, de d\u00e9licatesse et d\u2019\u00e9l\u00e9gance, envelopp\u00e9e dans un diffuseur de parfums minimaliste avec des b\u00e2tons de Boostique. C\u2019est une proposition con\u00e7ue pour des int\u00e9rieurs o\u00f9 l\u2019harmonie, l\u2019esth\u00e9tique lumineuse et le luxe subtil perceptible dans chaque d\u00e9tail sont essentiels. Le diffuseur s\u2019int\u00e8gre parfaitement dans des espaces modernes et lumineux, devenant non seulement une source de parfum, mais aussi un \u00e9l\u00e9ment \u00e9l\u00e9gant de d\u00e9coration.  <\/p>\n<p data-start=\"656\" data-end=\"980\" data-rm-block-id=\"block-4\">Le parfum Comfort In White a \u00e9t\u00e9 con\u00e7u pour les personnes qui valorisent la paix, l\u2019\u00e9quilibre et l\u2019\u00e9l\u00e9gance sans effort. C\u2019est une composition parfaite pour l\u2019accompagnement quotidien \u2013 discr\u00e8te, mais clairement pr\u00e9sente. Il remplit l\u2019int\u00e9rieur d\u2019une atmosph\u00e8re de fra\u00eecheur et de douceur, cr\u00e9ant un cadre convivial et harmonieux pour la vie \u00e0 la maison, le travail ou le repos.  <\/p>\n<p data-start=\"982\" data-end=\"1312\" data-rm-block-id=\"block-5\">L\u2019ar\u00f4me se d\u00e9veloppe dans l\u2019espace de mani\u00e8re naturelle et uniforme. La douceur des fleurs blanches se m\u00eale \u00e0 une douceur cr\u00e9meuse et une poudre d\u00e9licate, cr\u00e9ant un parfum associ\u00e9 \u00e0 la propret\u00e9, \u00e0 la literie fra\u00eechement lav\u00e9e et \u00e0 un int\u00e9rieur lumineux et calme. Comfort In White introduit un sentiment d\u2019ordre et de confort, propice \u00e0 la d\u00e9tente et \u00e0 la tranquillit\u00e9.  <\/p>\n<p data-start=\"1314\" data-end=\"1711\" data-rm-block-id=\"block-6\">Gr\u00e2ce \u00e0 sa formule efficace, le diffuseur de parfum avec b\u00e2tonnets Boostique offre une lib\u00e9ration de parfum durable pendant de nombreuses semaines. L\u2019intensit\u00e9 peut \u00eatre facilement ajust\u00e9e selon le nombre de b\u00e2tonnets utilis\u00e9s, en ajustant l\u2019ar\u00f4me \u00e0 la taille de la pi\u00e8ce et aux pr\u00e9f\u00e9rences individuelles. Comfort In White est parfait pour le salon, la chambre, la salle de bain ou le bureau, cr\u00e9ant une atmosph\u00e8re coh\u00e9rente et \u00e9l\u00e9gante chaque jour.  <\/p>\n<p data-start=\"1713\" data-end=\"1811\" data-is-last-node=\"\" data-is-only-node=\"\" data-rm-block-id=\"block-7\">C\u2019est un <a href=\"https:\/\/www.treasure-island.pl\/treasure-island-sklep\/\" target=\"_blank\" rel=\"noopener\">parfum d\u2019int\u00e9rieur<\/a> luxueux pour ceux qui privil\u00e9gient la simplicit\u00e9, la qualit\u00e9 et une esth\u00e9tique intemporelle.<\/p>\n<p data-start=\"193\" data-end=\"650\" data-rm-block-id=\"block-8\">Comfort In White sont des b\u00e2tons d\u2019encens qui soulignent subtilement le caract\u00e8re de l\u2019int\u00e9rieur, sans le dominer, mais le compl\u00e9tant harmonieusement. Sa pr\u00e9sence est palpable, mais discr\u00e8te \u2014 elle cr\u00e9e une atmosph\u00e8re \u00e0 laquelle on a envie de revenir. C\u2019est un choix id\u00e9al pour les personnes qui consid\u00e8rent le parfum comme un \u00e9l\u00e9ment du confort quotidien, et non seulement comme un accessoire d\u00e9coratif. Le diffuseur apporte une sensation de fra\u00eecheur et d\u2019ordre \u00e0 l\u2019espace, favorisant la concentration, la d\u00e9tente et l\u2019\u00e9quilibre du foyer.   <\/p>\n<p data-start=\"652\" data-end=\"1059\" data-rm-block-id=\"block-9\">Le design minimaliste du diffuseur Boostique s\u2019harmonise parfaitement avec l\u2019esth\u00e9tique des agencements modernes et classiques. Forme simple, couleurs vives et d\u00e9tails \u00e9l\u00e9gants font de Comfort In White une d\u00e9coration int\u00e9rieure discr\u00e8te, s\u2019int\u00e9grant aux styles \u00ab propre \u00bb, \u00ab doux luxueux \u00bb et \u00ab classique moderne \u00bb. C\u2019est un parfum qui s\u2019int\u00e8gre parfaitement dans des espaces d\u00e9cor\u00e9s avec une attention aux d\u00e9tails et une coh\u00e9rence visuelle.  <\/p>\n<p data-start=\"1061\" data-end=\"1424\" data-rm-block-id=\"block-10\">Le diffuseur de parfum Comfort In White avec b\u00e2tonnets est aussi une excellente id\u00e9e cadeau \u2013 polyvalent, \u00e9l\u00e9gant et s\u00fbr. Son parfum r\u00e9pond aux besoins d\u2019un large \u00e9ventail de destinataires, et le caract\u00e8re luxueux du produit met en valeur l\u2019unicit\u00e9 de chaque occasion. C\u2019est une proposition qui fonctionnera bien aussi bien dans une nouvelle maison que comme \u00e9l\u00e9ment du plaisir quotidien.  <\/p>\n<p data-start=\"1426\" data-end=\"1545\" data-is-last-node=\"\" data-is-only-node=\"\" data-rm-block-id=\"block-11\">Comfort In White est un parfum qui cr\u00e9e une atmosph\u00e8re de calme, de puret\u00e9 et d\u2019harmonie \u2013 naturellement, coh\u00e9rente et \u00e9l\u00e9gante.<\/p>\n<hr data-start=\"569\" data-end=\"572\" data-rm-block-id=\"block-12\">\n<h2 data-start=\"574\" data-end=\"616\" data-rm-block-id=\"block-13\"><strong data-start=\"577\" data-end=\"616\">Profil parfum\u00e9 \u2013 Comfort In White<\/strong><\/h2>\n<h3 data-start=\"618\" data-end=\"662\" data-rm-block-id=\"block-15\"><strong data-start=\"622\" data-end=\"662\">Notes d\u2019aiguille \u2013 fra\u00eecheur et luminosit\u00e9<\/strong><\/h3>\n<p data-start=\"663\" data-end=\"817\" data-rm-block-id=\"block-16\"><strong data-start=\"663\" data-end=\"690\">H\u00e9liotrope, fleurs blanches<\/strong><br data-start=\"690\" data-end=\"693\">L\u2019ouverture est lumineuse, l\u00e9g\u00e8re et cr\u00e9meuse. L\u2019h\u00e9liotrope apporte une douceur poudreuse, et les fleurs blanches apportent une fra\u00eecheur propre et subtile. <\/p>\n<h3 data-start=\"819\" data-end=\"863\" data-rm-block-id=\"block-17\"><strong data-start=\"823\" data-end=\"863\">Notes de c\u0153ur \u2013 \u00e9l\u00e9gance et velours<\/strong><\/h3>\n<p data-start=\"864\" data-end=\"1002\" data-rm-block-id=\"block-18\"><strong data-start=\"864\" data-end=\"890\">Boutons de rose, iris doux<\/strong><br data-start=\"890\" data-end=\"893\">Au c\u0153ur, de d\u00e9licats bourgeons de rose se combinent avec des iris poudreux pour cr\u00e9er une composition harmonieuse et enveloppante.<\/p>\n<h3 data-start=\"1004\" data-end=\"1040\" data-rm-block-id=\"block-19\"><strong data-start=\"1008\" data-end=\"1040\">Notes de base \u2013 chaleur et confort<\/strong><\/h3>\n<p data-start=\"1041\" data-end=\"1231\" data-rm-block-id=\"block-20\"><strong data-start=\"1041\" data-end=\"1080\">Vanille, f\u00e8ve tonka, musc transparent<\/strong><br data-start=\"1080\" data-end=\"1083\">La base du parfum est douce, cr\u00e9meuse et apaisante. La vanille et la f\u00e8ve tonka apportent une douceur chaleureuse, tandis que la finale musqu\u00e9e apporte clart\u00e9 et long\u00e9vit\u00e9. <\/p>\n<hr data-start=\"1233\" data-end=\"1236\" data-rm-block-id=\"block-21\">\n<h2 data-start=\"1238\" data-end=\"1281\" data-rm-block-id=\"block-22\"><strong data-start=\"1241\" data-end=\"1281\">Pourquoi allez-vous adorer Comfort In White ?<\/strong><\/h2>\n<ul data-start=\"1282\" data-end=\"1470\">\n<li data-start=\"1282\" data-end=\"1322\">\n<p data-start=\"1284\" data-end=\"1322\" data-rm-block-id=\"block-23\">cr\u00e9e une atmosph\u00e8re d\u2019\u00e9l\u00e9gance et de paix<\/p>\n<\/li>\n<li data-start=\"1323\" data-end=\"1365\">\n<p data-start=\"1325\" data-end=\"1365\" data-rm-block-id=\"block-24\">est subtil mais durable et palpable<\/p>\n<\/li>\n<li data-start=\"1366\" data-end=\"1423\">\n<p data-start=\"1368\" data-end=\"1423\" data-rm-block-id=\"block-25\">S\u2019int\u00e8gre parfaitement au style minimaliste de Boostique<\/p>\n<\/li>\n<li data-start=\"1424\" data-end=\"1470\">\n<p data-start=\"1426\" data-end=\"1470\" data-rm-block-id=\"block-26\">enveloppe l\u2019int\u00e9rieur d\u2019une aura douce, propre et cr\u00e9meuse<\/p>\n<\/li>\n<\/ul>\n<hr data-start=\"1472\" data-end=\"1475\" data-rm-block-id=\"block-27\">\n<h2 data-start=\"1477\" data-end=\"1497\" data-rm-block-id=\"block-28\"><strong data-start=\"1480\" data-end=\"1497\">Excellent pour :<\/strong><\/h2>\n<p data-start=\"1498\" data-end=\"1610\" data-rm-block-id=\"block-29\">Chambre, salon, salle de bain, loge et tous les endroits o\u00f9 la paix, la fra\u00eecheur et la sophistication comptent.<\/p>\n<p data-start=\"584\" data-end=\"900\" data-rm-block-id=\"block-30\"><strong>Capacit\u00e9 : 250 ml<\/strong><\/p>\n<hr data-start=\"902\" data-end=\"905\" data-rm-block-id=\"block-31\">\n<h3 data-start=\"943\" data-end=\"986\" data-rm-block-id=\"block-32\"><\/h3>\n<h3 data-start=\"943\" data-end=\"986\" data-rm-block-id=\"block-33\"><strong data-start=\"947\" data-end=\"984\">Contenu (composition du parfum) :<\/strong><\/h3>\n<p data-rm-block-id=\"block-34\">Benzyl salicylate, coumarine, 7-hydroxycitronellal, 3,7-dim\u00e9thyl-1,6-octadi\u00e8ne-3-ol, g\u00e9raniol, citronellol<\/p>\n<hr data-start=\"1415\" data-end=\"1418\" data-rm-block-id=\"block-35\">\n<h3 data-start=\"1420\" data-end=\"1455\" data-rm-block-id=\"block-36\"><\/h3>\n<h3 data-start=\"1420\" data-end=\"1455\" data-rm-block-id=\"block-37\"><strong data-start=\"1424\" data-end=\"1455\">Notes et pr\u00e9cautions :<\/strong><\/h3>\n<p data-rm-block-id=\"block-38\">Liquide inflammable et vapeurs. Peut provoquer une r\u00e9action cutan\u00e9e allergique. C\u2019est irritant pour les yeux. Il est toxique pour les organismes aquatiques, provoquant des effets durables. Si vous avez besoin de consulter un m\u00e9decin, montrez le contenant ou l\u2019\u00e9tiquette. Restez hors de port\u00e9e des enfants. Lavez-vous soigneusement les mains et les parties du corps affect\u00e9es apr\u00e8s utilisation. Portez des gants de protection ou de protection pour les yeux. Ramassez la fuite. Jetez le contenu\/contenant \u00e0 un point d\u2019\u00e9limination des d\u00e9chets autoris\u00e9 ou rendez-le au fournisseur.         <\/p>\n<p data-rm-block-id=\"block-39\"><img decoding=\"async\" class=\"alignnone wp-image-203\" src=\"https:\/\/boostique.pl\/wp-content\/uploads\/2025\/07\/uwaga.png\" alt=\"\" width=\"55\" height=\"56\" title=\"\" srcset=\"https:\/\/boostique.pl\/wp-content\/uploads\/2025\/07\/uwaga.png 95w, https:\/\/boostique.pl\/wp-content\/uploads\/2025\/07\/uwaga-50x50.png 50w\" sizes=\"(max-width: 55px) 100vw, 55px\" \/>  <img decoding=\"async\" class=\"alignnone wp-image-202\" src=\"https:\/\/boostique.pl\/wp-content\/uploads\/2025\/07\/stworzenie-morskie.png\" alt=\"\" width=\"59\" height=\"60\" title=\"\" srcset=\"https:\/\/boostique.pl\/wp-content\/uploads\/2025\/07\/stworzenie-morskie.png 95w, https:\/\/boostique.pl\/wp-content\/uploads\/2025\/07\/stworzenie-morskie-50x50.png 50w\" sizes=\"(max-width: 59px) 100vw, 59px\" \/> <img decoding=\"async\" class=\"alignnone wp-image-1774\" src=\"https:\/\/boostique.pl\/wp-content\/uploads\/2025\/12\/3588-300x300.png\" alt=\"\" width=\"59\" height=\"59\" title=\"\" srcset=\"https:\/\/boostique.pl\/wp-content\/uploads\/2025\/12\/3588-300x300.png 300w, https:\/\/boostique.pl\/wp-content\/uploads\/2025\/12\/3588-100x100.png 100w, https:\/\/boostique.pl\/wp-content\/uploads\/2025\/12\/3588-150x150.png 150w, https:\/\/boostique.pl\/wp-content\/uploads\/2025\/12\/3588.png 400w\" sizes=\"(max-width: 59px) 100vw, 59px\" \/><\/p>\n<hr data-start=\"1875\" data-end=\"1878\" data-rm-block-id=\"block-41\">\n<h3 data-start=\"1880\" data-end=\"1898\" data-rm-block-id=\"block-42\"><\/h3>\n<h3 data-start=\"1880\" data-end=\"1898\" data-rm-block-id=\"block-43\"><strong data-start=\"1884\" data-end=\"1898\">Fabricant :<\/strong><\/h3>\n<p data-start=\"1900\" data-end=\"2141\" data-rm-block-id=\"block-44\"><strong data-start=\"1900\" data-end=\"1918\">FABRIQU\u00c9 EN POLOGNE<\/strong><br data-start=\"1918\" data-end=\"1921\"><strong data-start=\"1921\" data-end=\"1950\">Fabricant :<\/strong><br data-start=\"1950\" data-end=\"1953\"><strong data-start=\"1953\" data-end=\"1994\">Olfaction Consulting \u0141ukasz Czaplicki<\/strong><br data-start=\"1994\" data-end=\"1997\">Wroc\u0142awska 7A, 95-082 Dobro\u0144, Pologne<br data-start=\"2037\" data-end=\"2040\">T\u00e9l\u00e9phone : +48 519 614 314<br data-start=\"2064\" data-end=\"2067\">UFI : K440-803N-R002-KWVV<br \/>\nwww.boostique.eu <\/p>\n","protected":false},"excerpt":{"rendered":"<p data-start=\"404\" data-end=\"588\">Confort en blanc : h\u00e9liotrope et fleurs blanches \u00e0 l\u2019ouverture, bourgeons de rose et iris au c\u0153ur, vanille, f\u00e8ve tonka et musc dans une base douce et enveloppante.<\/p>\n<p data-start=\"559\" data-end=\"583\"><strong>Capacit\u00e9 : 250 ml<\/strong><\/p>\n","protected":false},"featured_media":1786,"comment_status":"open","ping_status":"closed","template":"","meta":[],"product_brand":[],"product_cat":[166],"product_tag":[171,124,170,169],"class_list":{"0":"post-2733","1":"product","2":"type-product","3":"status-publish","4":"has-post-thumbnail","6":"product_cat-batonnets-dencens","7":"product_tag-batonnets-parfumes","8":"product_tag-boostique","9":"product_tag-diffuseur-a-anches","10":"product_tag-diffuseur-daromes-avec-batonnets","12":"first","13":"instock","14":"taxable","15":"shipping-taxable","16":"purchasable","17":"product-type-simple"},"_links":{"self":[{"href":"https:\/\/boostique.pl\/fr\/wp-json\/wp\/v2\/product\/2733","targetHints":{"allow":["GET"]}}],"collection":[{"href":"https:\/\/boostique.pl\/fr\/wp-json\/wp\/v2\/product"}],"about":[{"href":"https:\/\/boostique.pl\/fr\/wp-json\/wp\/v2\/types\/product"}],"replies":[{"embeddable":true,"href":"https:\/\/boostique.pl\/fr\/wp-json\/wp\/v2\/comments?post=2733"}],"wp:featuredmedia":[{"embeddable":true,"href":"https:\/\/boostique.pl\/fr\/wp-json\/wp\/v2\/media\/1786"}],"wp:attachment":[{"href":"https:\/\/boostique.pl\/fr\/wp-json\/wp\/v2\/media?parent=2733"}],"wp:term":[{"taxonomy":"product_brand","embeddable":true,"href":"https:\/\/boostique.pl\/fr\/wp-json\/wp\/v2\/product_brand?post=2733"},{"taxonomy":"product_cat","embeddable":true,"href":"https:\/\/boostique.pl\/fr\/wp-json\/wp\/v2\/product_cat?post=2733"},{"taxonomy":"product_tag","embeddable":true,"href":"https:\/\/boostique.pl\/fr\/wp-json\/wp\/v2\/product_tag?post=2733"}],"curies":[{"name":"wp","href":"https:\/\/api.w.org\/{rel}","templated":true}]}}