{"id":2579,"date":"2025-07-07T18:01:30","date_gmt":"2025-07-07T16:01:30","guid":{"rendered":"https:\/\/boostique.pl\/shop\/non class\u00e9\/parfum-pour-lessive-luna-bloom\/"},"modified":"2026-02-26T14:21:25","modified_gmt":"2026-02-26T13:21:25","slug":"parfum-pour-lessive-luna-bloom","status":"publish","type":"product","link":"https:\/\/boostique.pl\/fr\/shop\/parfum-pour-lessive\/parfum-pour-lessive-luna-bloom\/","title":{"rendered":"Parfum pour lessive | Luna Bloom"},"content":{"rendered":"<h3 data-start=\"99\" data-end=\"149\">Luna Bloom \u2013 parfum pour lessive par Boostique<\/h3>\n<p data-start=\"151\" data-end=\"480\">Sentez le parfum de l\u2019\u00e9l\u00e9gance envelopp\u00e9 dans chaque goutte de <strong data-start=\"202\" data-end=\"216\">Luna Bloom<\/strong> \u2013 un parfum exclusif pour lessive qui transportera vos sens dans un univers de fra\u00eecheur florale subtile et de chaleur velout\u00e9e. Cette composition parfum\u00e9e unique a \u00e9t\u00e9 cr\u00e9\u00e9e pour ceux qui recherchent harmonie, sophistication et un parfum durable sur les tissus. <\/p>\n<p data-start=\"482\" data-end=\"889\">Le parfum s\u2019ouvre sur une note d\u00e9licate et fra\u00eeche de <strong data-start=\"524\" data-end=\"538\">bergamote<\/strong>, <strong data-start=\"550\" data-end=\"571\">de cassise<\/strong> juteuse et de <strong data-start=\"601\" data-end=\"612\">lavande<\/strong> aromatique relaxante, qui ensemble cr\u00e9ent un accord doux et propre, parfait pour les tissus fra\u00eechement lav\u00e9s. Au c\u0153ur de Luna Bloom se trouvent des fleurs \u00e9l\u00e9gantes \u2013 <strong data-start=\"756\" data-end=\"764\">rose<\/strong> classique, <strong data-start=\"777\" data-end=\"789\">orchid\u00e9e<\/strong> exotique, muguet-de-vall\u00e9e subtile et <strong data-start=\"826\" data-end=\"844\">nobles racines d\u2019iris<\/strong>, qui conf\u00e8rent sensualit\u00e9 et profondeur au parfum.<strong data-start=\"800\" data-end=\"812\"><\/strong> <\/p>\n<p data-start=\"891\" data-end=\"1142\">La base est compos\u00e9e de <strong data-start=\"922\" data-end=\"941\">bourbon onctueux et<\/strong> enveloppant, de <strong data-start=\"953\" data-end=\"969\">f\u00e8ve tonka<\/strong> velout\u00e9e, <strong data-start=\"982\" data-end=\"1002\">de bois de santal<\/strong> noble et de <strong data-start=\"1023\" data-end=\"1032\">d\u00e9licat musc<\/strong> pur, qui prolongent longtemps le parfum, laissant une aura subtile de luxe et de confort sur les v\u00eatements.<\/p>\n<p data-start=\"1144\" data-end=\"1392\"><strong data-start=\"1144\" data-end=\"1158\">Luna Bloom<\/strong> est un parfum qui combine la l\u00e9g\u00e8ret\u00e9 des fleurs avec la chaleur de la vanille et du bois pour cr\u00e9er une composition \u00e9l\u00e9gante et m\u00e9morable. Un choix id\u00e9al pour ceux qui souhaitent ajouter des notes de sophistication et un caract\u00e8re parfumier durable \u00e0 leur lessive quotidienne. <\/p>\n<p data-start=\"1394\" data-end=\"1477\" data-is-last-node=\"\" data-is-only-node=\"\"><strong data-start=\"1394\" data-end=\"1416\">Boostez votre lessive<\/strong> \u2013 transformez le linge en un rituel sensuel avec Luna Bloom de Boostique.<\/p>\n<p data-start=\"559\" data-end=\"583\"><strong data-start=\"563\" data-end=\"581\">Comment utiliser :<\/strong><\/p>\n<p data-start=\"584\" data-end=\"900\">Produit tr\u00e8s concentr\u00e9 \u2013 \u00e0 <strong data-start=\"616\" data-end=\"644\">secouer avant utilisation<\/strong>.<br data-start=\"645\" data-end=\"648\">Dosage recommand\u00e9 : <strong data-start=\"668\" data-end=\"684\">1 \u00e0 2 bouchons<\/strong>, versez dans le compartiment de d\u00e9tergent \u00e0 laver.<br data-start=\"741\" data-end=\"744\">\u00c9vitez le contact direct du produit non dilu\u00e9 avec les tissus et les surfaces d\u00e9licates. En cas de d\u00e9versement \u2013 retirez imm\u00e9diatement les r\u00e9sidus. <\/p>\n<p data-start=\"584\" data-end=\"900\"><strong>Capacit\u00e9 : 250 ml<\/strong><\/p>\n<hr data-start=\"902\" data-end=\"905\">\n<h3 data-start=\"907\" data-end=\"950\"><\/h3>\n<h3 data-start=\"907\" data-end=\"950\"><strong data-start=\"911\" data-end=\"948\">Contenu (composition du parfum) :<\/strong><\/h3>\n<p data-start=\"951\" data-end=\"1385\">4-tert-butylcyclohexyl ac\u00e9tate,3,7-dim\u00e9thyl-1,6-octadi\u00e8ne-3-ol,ac\u00e9tate de linalyl,alpha-hexyl ald\u00e9hyde cinnamique,salicylate d\u2019hexyle,1-(1,2,3,4,5,6,7,7,8-octahydro-2,3,8,8-t\u00e9tram\u00e9thyle-2-naphtyle)\u00e9thane-1-un,Eug\u00e9nol,Citronellol,Coumarin,1-(1,2,3,4,6,7,8,8,8a-octahydro-2,3,8,8-t\u00e9tram\u00e9thyle-2-naphtyle)\u00e9thane-1-un,Undec-10-enal,1-(2,6,6-trim\u00e9thyl-3-cyclohexen-1-yl)-2-but\u00e8ne-1-un,3-p-cum\u00e9nyle-2-m\u00e9thylpropionald\u00e9hyde, cin\u00e9ole<\/p>\n<hr data-start=\"1387\" data-end=\"1390\">\n<h3 data-start=\"1392\" data-end=\"1427\"><\/h3>\n<h3 data-start=\"1392\" data-end=\"1427\"><strong data-start=\"1396\" data-end=\"1427\">Notes et pr\u00e9cautions :<\/strong><\/h3>\n<p data-start=\"1429\" data-end=\"1624\">Cela a un effet irritant sur la peau. Peut provoquer une r\u00e9action cutan\u00e9e allergique. C\u2019est irritant pour les yeux. Il est toxique pour les organismes aquatiques, provoquant des effets durables. Si vous avez besoin de consulter un m\u00e9decin, montrez le contenant ou l\u2019\u00e9tiquette. Restez hors de port\u00e9e des enfants. Portez des gants de protection. Retirez les v\u00eatements contamin\u00e9s et lavez-les avant de les r\u00e9utiliser. Ramassez la fuite. Jetez le contenu\/contenant \u00e0 un point d\u2019\u00e9limination des d\u00e9chets autoris\u00e9 ou rendez-le au fournisseur.         <\/p>\n<p><img decoding=\"async\" class=\"alignnone wp-image-203\" src=\"https:\/\/boostique.pl\/wp-content\/uploads\/2025\/07\/uwaga.png\" alt=\"\" width=\"40\" height=\"40\" title=\"\" srcset=\"https:\/\/boostique.pl\/wp-content\/uploads\/2025\/07\/uwaga.png 95w, https:\/\/boostique.pl\/wp-content\/uploads\/2025\/07\/uwaga-50x50.png 50w\" sizes=\"(max-width: 40px) 100vw, 40px\" \/>  <img decoding=\"async\" class=\"alignnone wp-image-202\" src=\"https:\/\/boostique.pl\/wp-content\/uploads\/2025\/07\/stworzenie-morskie.png\" alt=\"\" width=\"40\" height=\"40\" title=\"\" srcset=\"https:\/\/boostique.pl\/wp-content\/uploads\/2025\/07\/stworzenie-morskie.png 95w, https:\/\/boostique.pl\/wp-content\/uploads\/2025\/07\/stworzenie-morskie-50x50.png 50w\" sizes=\"(max-width: 40px) 100vw, 40px\" \/>  <img decoding=\"async\" class=\"alignnone wp-image-201\" src=\"https:\/\/boostique.pl\/wp-content\/uploads\/2025\/07\/pp-05.png\" alt=\"\" width=\"35\" height=\"41\" title=\"\">   <img loading=\"lazy\" decoding=\"async\" class=\"alignnone wp-image-204\" src=\"https:\/\/boostique.pl\/wp-content\/uploads\/2025\/07\/pet-01.png\" alt=\"\" width=\"35\" height=\"42\" title=\"\"><\/p>\n<p>&nbsp;<\/p>\n<hr data-start=\"1875\" data-end=\"1878\">\n<h3 data-start=\"1880\" data-end=\"1898\"><\/h3>\n<h3 data-start=\"1880\" data-end=\"1898\"><strong data-start=\"1884\" data-end=\"1898\">Fabricant :<\/strong><\/h3>\n<p data-start=\"1900\" data-end=\"2141\"><strong data-start=\"1900\" data-end=\"1918\">FABRIQU\u00c9 EN POLOGNE<\/strong><br data-start=\"1918\" data-end=\"1921\"><strong data-start=\"1921\" data-end=\"1950\">Fabricant :<\/strong><br data-start=\"1950\" data-end=\"1953\"><strong data-start=\"1953\" data-end=\"1994\">Olfaction Consulting \u0141ukasz Czaplicki<\/strong><br data-start=\"1994\" data-end=\"1997\">Wroc\u0142awska 7A, 95-082 Dobro\u0144, Pologne<br data-start=\"2037\" data-end=\"2040\">T\u00e9l\u00e9phone : +48 519 614 314 <br data-start=\"2064\" data-end=\"2067\"><strong data-start=\"2114\" data-end=\"2122\">UFI :<\/strong> 6F30-60KG-9004-967C<br \/>\nwww.boostique.eu<\/p>\n","protected":false},"excerpt":{"rendered":"<p data-start=\"382\" data-end=\"552\"><strong>Luna Bloom<\/strong> est un parfum \u00e9l\u00e9gant pour lessive avec des notes de <strong>bergamote, rose et bourbon vanille<\/strong>. Enveloppez vos v\u00eatements dans le parfum sensuel de puret\u00e9 et de luxe. <\/p>\n<p data-start=\"559\" data-end=\"583\"><strong>Capacit\u00e9 : 250 ml<\/strong><\/p>\n","protected":false},"featured_media":3413,"comment_status":"open","ping_status":"closed","template":"","meta":[],"product_brand":[],"product_cat":[113],"product_tag":[124,164,123,130,128,129,133,161,131,126,127],"class_list":{"0":"post-2579","1":"product","2":"type-product","3":"status-publish","4":"has-post-thumbnail","6":"product_cat-parfum-pour-lessive","7":"product_tag-boostique","8":"product_tag-luna-bloom","9":"product_tag-parfum-a-lessive","10":"product_tag-parfum-de-lavage","11":"product_tag-parfum-de-linge","12":"product_tag-parfum-pour-lessive","13":"product_tag-parfum-pour-lessive-2","14":"product_tag-parfum-pour-lessive-3","15":"product_tag-tvattperfym","16":"product_tag-waschparfum","17":"product_tag-wasparfum","19":"first","20":"instock","21":"taxable","22":"shipping-taxable","23":"purchasable","24":"product-type-simple"},"_links":{"self":[{"href":"https:\/\/boostique.pl\/fr\/wp-json\/wp\/v2\/product\/2579","targetHints":{"allow":["GET"]}}],"collection":[{"href":"https:\/\/boostique.pl\/fr\/wp-json\/wp\/v2\/product"}],"about":[{"href":"https:\/\/boostique.pl\/fr\/wp-json\/wp\/v2\/types\/product"}],"replies":[{"embeddable":true,"href":"https:\/\/boostique.pl\/fr\/wp-json\/wp\/v2\/comments?post=2579"}],"wp:featuredmedia":[{"embeddable":true,"href":"https:\/\/boostique.pl\/fr\/wp-json\/wp\/v2\/media\/3413"}],"wp:attachment":[{"href":"https:\/\/boostique.pl\/fr\/wp-json\/wp\/v2\/media?parent=2579"}],"wp:term":[{"taxonomy":"product_brand","embeddable":true,"href":"https:\/\/boostique.pl\/fr\/wp-json\/wp\/v2\/product_brand?post=2579"},{"taxonomy":"product_cat","embeddable":true,"href":"https:\/\/boostique.pl\/fr\/wp-json\/wp\/v2\/product_cat?post=2579"},{"taxonomy":"product_tag","embeddable":true,"href":"https:\/\/boostique.pl\/fr\/wp-json\/wp\/v2\/product_tag?post=2579"}],"curies":[{"name":"wp","href":"https:\/\/api.w.org\/{rel}","templated":true}]}}