{"id":2562,"date":"2025-07-07T18:05:44","date_gmt":"2025-07-07T16:05:44","guid":{"rendered":"https:\/\/boostique.pl\/shop\/non class\u00e9\/parfum-pour-lessive-pure-bloom\/"},"modified":"2026-02-26T14:23:38","modified_gmt":"2026-02-26T13:23:38","slug":"parfum-pour-lessive-pure-bloom","status":"publish","type":"product","link":"https:\/\/boostique.pl\/fr\/shop\/parfum-pour-lessive\/parfum-pour-lessive-pure-bloom\/","title":{"rendered":"Parfum pour lessive | Pure Bloom"},"content":{"rendered":"<h3 data-start=\"139\" data-end=\"187\">Pure Bloom \u2013 parfum pour lessive par Boostique<\/h3>\n<p data-start=\"162\" data-end=\"487\">D\u00e9couvrez l\u2019essence de la propret\u00e9 et de l\u2019\u00e9l\u00e9gance avec <strong data-start=\"201\" data-end=\"215\">Pure Bloom<\/strong> \u2013 un parfum exclusif pour lessive cr\u00e9\u00e9 pour envelopper vos v\u00eatements d\u2019un parfum d\u00e9licat et frais. Cette composition sophistiqu\u00e9e allie l\u00e9g\u00e8ret\u00e9 des fleurs, fruit\u00e9 juteux et profondeur cr\u00e9meuse, cr\u00e9ant un parfum unique qui s\u00e9duit par sa subtilit\u00e9 et sa durabilit\u00e9. <\/p>\n<p data-start=\"489\" data-end=\"888\">Le parfum s\u2019ouvre sur une note rafra\u00eechissante de <strong data-start=\"526\" data-end=\"537\">citron,<\/strong> <strong data-start=\"551\" data-end=\"564\">d\u2019ald\u00e9hydes<\/strong> d\u00e9licats, <strong data-start=\"576\" data-end=\"586\">de pomme<\/strong> verte et <strong data-start=\"599\" data-end=\"613\">de p\u00eache<\/strong> juteuse \u2013 une bouff\u00e9e de propret\u00e9 associ\u00e9e \u00e0 un linge parfaitement frais d\u00e8s le premier instant. Au c\u0153ur de la composition, <strong data-start=\"748\" data-end=\"769\">des fleurs \u00e9l\u00e9gantes d\u2019oranger<\/strong>, du <strong data-start=\"780\" data-end=\"790\">jasmin<\/strong> sensuel et une subtile note l\u00e9g\u00e8rement ros\u00e9e de <strong data-start=\"824\" data-end=\"836\">floraison de g\u00e9ranium<\/strong>, qui ajoutent une douceur et une classe f\u00e9minines au parfum. <\/p>\n<p data-start=\"890\" data-end=\"1092\">La base est compos\u00e9e de <strong data-start=\"910\" data-end=\"921\">vanille<\/strong> cr\u00e9meuse, de <strong data-start=\"933\" data-end=\"953\">bois de santal<\/strong> velout\u00e9 et <strong data-start=\"974\" data-end=\"989\">d\u2019un musc blanc<\/strong> pur enveloppant, ce qui fait durer longtemps le parfum sur les tissus, laissant une marque d\u00e9licate et \u00e9l\u00e9gante.<\/p>\n<p data-start=\"1094\" data-end=\"1392\"><strong data-start=\"1094\" data-end=\"1108\">Pure Bloom<\/strong> est un excellent choix pour ceux qui appr\u00e9cient la fra\u00eecheur combin\u00e9e \u00e0 une touche de luxe \u2013 pour ceux qui souhaitent que leurs v\u00eatements sentent aussi bon qu\u2019ils en ont l\u2019air. Cr\u00e9\u00e9 avec des ingr\u00e9dients de haute qualit\u00e9 et une pr\u00e9cision parfumi\u00e9rique, ce parfum apporte une touche de beaut\u00e9 et de confort \u00e0 votre routine quotidienne. <\/p>\n<p data-start=\"1394\" data-end=\"1482\" data-is-last-node=\"\" data-is-only-node=\"\"><strong data-start=\"1394\" data-end=\"1416\">Am\u00e9liorez votre lessive<\/strong> \u2013 portez la qualit\u00e9 de votre linge \u00e0 un nouveau niveau avec Pure Bloom de Boostique.<\/p>\n<p data-start=\"559\" data-end=\"583\"><strong data-start=\"563\" data-end=\"581\">Comment utiliser :<\/strong><\/p>\n<p data-start=\"584\" data-end=\"900\">Produit tr\u00e8s concentr\u00e9 \u2013 \u00e0 <strong data-start=\"616\" data-end=\"644\">secouer avant utilisation<\/strong>.<br data-start=\"645\" data-end=\"648\">Dosage recommand\u00e9 : <strong data-start=\"668\" data-end=\"684\">1 \u00e0 2 bouchons<\/strong>, versez dans le compartiment de d\u00e9tergent \u00e0 laver.<br data-start=\"741\" data-end=\"744\">\u00c9vitez le contact direct du produit non dilu\u00e9 avec les tissus et les surfaces d\u00e9licates. En cas de d\u00e9versement \u2013 retirez imm\u00e9diatement les r\u00e9sidus. <\/p>\n<p data-start=\"584\" data-end=\"900\"><strong>Capacit\u00e9 : 250 ml<\/strong><\/p>\n<hr data-start=\"902\" data-end=\"905\">\n<h3 data-start=\"946\" data-end=\"989\"><\/h3>\n<h3 data-start=\"946\" data-end=\"989\"><strong data-start=\"950\" data-end=\"987\">Contenu (composition du parfum) :<\/strong><\/h3>\n<p data-start=\"990\" data-end=\"1413\">(E)-2-benzylid\u00e9nac\u00e9tal, Cyclohexanol,4-(1,1-dim\u00e9thyl\u00e9thyl)-1-ac\u00e9tate,3-Acetanol,3,7-dim\u00e9thyl-,1-(1,2,3,4,5,6,7,8-octahydro-2,3,8,8-t\u00e9tram\u00e9thyle-2-naphtyle)\u00e9thane-1-une,(R)-p-menta-1,8-di\u00e8ne,Masse de r\u00e9action de 2,6-octadien-1-ol,3,7-dim\u00e9thyle-(E),et (Z),2-m\u00e9thylundecanal,Dim\u00e9thylcyclohex-3-\u00e8ne-1-carbaldehyde,1-(1,2,3,4,6,7,8,8,8a-octahydro-2,3,8,8-t\u00e9tram\u00e9thyle-2-naphtyle)\u00e9thane-1-un, Citronellol,Coumarine<\/p>\n<hr data-start=\"1415\" data-end=\"1418\">\n<h3 data-start=\"1420\" data-end=\"1455\"><\/h3>\n<h3 data-start=\"1420\" data-end=\"1455\"><strong data-start=\"1424\" data-end=\"1455\">Notes et pr\u00e9cautions :<\/strong><\/h3>\n<p data-start=\"1457\" data-end=\"1652\">Cela a un effet irritant sur la peau. Peut provoquer une r\u00e9action cutan\u00e9e allergique. C\u2019est irritant pour les yeux. Il est toxique pour les organismes aquatiques, provoquant des effets durables. Si vous avez besoin de consulter un m\u00e9decin, montrez le contenant ou l\u2019\u00e9tiquette. Restez hors de port\u00e9e des enfants. Portez des gants de protection. Retirez les v\u00eatements contamin\u00e9s et lavez-les avant de les r\u00e9utiliser. Ramassez la fuite. Jetez le contenu\/contenant \u00e0 un point d\u2019\u00e9limination des d\u00e9chets autoris\u00e9 ou rendez-le au fournisseur.         <\/p>\n<p><img decoding=\"async\" class=\"alignnone wp-image-203\" src=\"https:\/\/boostique.pl\/wp-content\/uploads\/2025\/07\/uwaga.png\" alt=\"\" width=\"40\" height=\"40\" title=\"\" srcset=\"https:\/\/boostique.pl\/wp-content\/uploads\/2025\/07\/uwaga.png 95w, https:\/\/boostique.pl\/wp-content\/uploads\/2025\/07\/uwaga-50x50.png 50w\" sizes=\"(max-width: 40px) 100vw, 40px\" \/>  <img decoding=\"async\" class=\"alignnone wp-image-202\" src=\"https:\/\/boostique.pl\/wp-content\/uploads\/2025\/07\/stworzenie-morskie.png\" alt=\"\" width=\"40\" height=\"40\" title=\"\" srcset=\"https:\/\/boostique.pl\/wp-content\/uploads\/2025\/07\/stworzenie-morskie.png 95w, https:\/\/boostique.pl\/wp-content\/uploads\/2025\/07\/stworzenie-morskie-50x50.png 50w\" sizes=\"(max-width: 40px) 100vw, 40px\" \/>  <img decoding=\"async\" class=\"alignnone wp-image-201\" src=\"https:\/\/boostique.pl\/wp-content\/uploads\/2025\/07\/pp-05.png\" alt=\"\" width=\"35\" height=\"41\" title=\"\">   <img loading=\"lazy\" decoding=\"async\" class=\"alignnone wp-image-204\" src=\"https:\/\/boostique.pl\/wp-content\/uploads\/2025\/07\/pet-01.png\" alt=\"\" width=\"35\" height=\"42\" title=\"\"><\/p>\n<p>&nbsp;<\/p>\n<p>&nbsp;<\/p>\n<hr data-start=\"1875\" data-end=\"1878\">\n<h3 data-start=\"1880\" data-end=\"1898\"><\/h3>\n<h3 data-start=\"1880\" data-end=\"1898\"><strong data-start=\"1884\" data-end=\"1898\">Fabricant :<\/strong><\/h3>\n<p data-start=\"1900\" data-end=\"2141\"><strong data-start=\"1900\" data-end=\"1918\">FABRIQU\u00c9 EN POLOGNE<\/strong><br data-start=\"1918\" data-end=\"1921\"><strong data-start=\"1921\" data-end=\"1950\">Fabricant :<\/strong><br data-start=\"1950\" data-end=\"1953\"><strong data-start=\"1953\" data-end=\"1994\">Olfaction Consulting \u0141ukasz Czaplicki<\/strong><br data-start=\"1994\" data-end=\"1997\">Wroc\u0142awska 7A, 95-082 Dobro\u0144, Pologne<br data-start=\"2037\" data-end=\"2040\">T\u00e9l\u00e9phone : +48 519 614 314 <br data-start=\"2064\" data-end=\"2067\"><strong data-start=\"2114\" data-end=\"2122\">UFI : <\/strong>X330-50TW-2004-NTW3<br \/>\nwww.boostique.eu<\/p>\n","protected":false},"excerpt":{"rendered":"<p data-start=\"403\" data-end=\"591\"><strong>Pure Bloom<\/strong> est un parfum frais et \u00e9l\u00e9gant pour lessive avec des notes <strong>de citron, de fleurs blanches et de vanille<\/strong>. Enveloppez vos v\u00eatements dans le parfum de la propret\u00e9 et du luxe. <\/p>\n<p data-start=\"559\" data-end=\"583\"><strong>Capacit\u00e9 : 250 ml<\/strong><\/p>\n","protected":false},"featured_media":3407,"comment_status":"open","ping_status":"closed","template":"","meta":[],"product_brand":[],"product_cat":[113],"product_tag":[124,123,130,128,133,129,161,160,131,126,127],"class_list":{"0":"post-2562","1":"product","2":"type-product","3":"status-publish","4":"has-post-thumbnail","6":"product_cat-parfum-pour-lessive","7":"product_tag-boostique","8":"product_tag-parfum-a-lessive","9":"product_tag-parfum-de-lavage","10":"product_tag-parfum-de-linge","11":"product_tag-parfum-pour-lessive-2","12":"product_tag-parfum-pour-lessive","13":"product_tag-parfum-pour-lessive-3","14":"product_tag-pure-bloom","15":"product_tag-tvattperfym","16":"product_tag-waschparfum","17":"product_tag-wasparfum","19":"first","20":"instock","21":"taxable","22":"shipping-taxable","23":"purchasable","24":"product-type-simple"},"_links":{"self":[{"href":"https:\/\/boostique.pl\/fr\/wp-json\/wp\/v2\/product\/2562","targetHints":{"allow":["GET"]}}],"collection":[{"href":"https:\/\/boostique.pl\/fr\/wp-json\/wp\/v2\/product"}],"about":[{"href":"https:\/\/boostique.pl\/fr\/wp-json\/wp\/v2\/types\/product"}],"replies":[{"embeddable":true,"href":"https:\/\/boostique.pl\/fr\/wp-json\/wp\/v2\/comments?post=2562"}],"wp:featuredmedia":[{"embeddable":true,"href":"https:\/\/boostique.pl\/fr\/wp-json\/wp\/v2\/media\/3407"}],"wp:attachment":[{"href":"https:\/\/boostique.pl\/fr\/wp-json\/wp\/v2\/media?parent=2562"}],"wp:term":[{"taxonomy":"product_brand","embeddable":true,"href":"https:\/\/boostique.pl\/fr\/wp-json\/wp\/v2\/product_brand?post=2562"},{"taxonomy":"product_cat","embeddable":true,"href":"https:\/\/boostique.pl\/fr\/wp-json\/wp\/v2\/product_cat?post=2562"},{"taxonomy":"product_tag","embeddable":true,"href":"https:\/\/boostique.pl\/fr\/wp-json\/wp\/v2\/product_tag?post=2562"}],"curies":[{"name":"wp","href":"https:\/\/api.w.org\/{rel}","templated":true}]}}