{"id":2516,"date":"2025-07-07T17:55:22","date_gmt":"2025-07-07T15:55:22","guid":{"rendered":"https:\/\/boostique.pl\/shop\/non class\u00e9\/parfum-pour-lessive-bois-de-creme\/"},"modified":"2026-02-26T14:21:10","modified_gmt":"2026-02-26T13:21:10","slug":"parfum-pour-lessive-bois-de-creme","status":"publish","type":"product","link":"https:\/\/boostique.pl\/fr\/shop\/parfum-pour-lessive\/parfum-pour-lessive-bois-de-creme\/","title":{"rendered":"Parfum pour lessive | Bois de cr\u00e8me"},"content":{"rendered":"<h3 data-start=\"101\" data-end=\"150\">Creamwood \u2013 parfum pour lessive par Boostique<\/h3>\n<p data-start=\"152\" data-end=\"508\">D\u00e9couvrez cette combinaison extraordinaire de fra\u00eecheur et de profondeur avec <strong data-start=\"200\" data-end=\"213\">Creamwood<\/strong> \u2013 un parfum exclusif pour lessive qui enveloppe les tissus d\u2019un parfum subtil et chaleureux, avec une finition cr\u00e9meuse et un caract\u00e8re bois\u00e9. Cette composition unique combine des accents contrast\u00e9s \u2013 l\u00e9g\u00e8ret\u00e9 fruit\u00e9e, fra\u00eecheur fra\u00eeche et une base noble qui conf\u00e8re aux v\u00eatements un ar\u00f4me sensuel et \u00e9l\u00e9gant. <\/p>\n<p data-start=\"510\" data-end=\"869\">Le parfum s\u2019ouvre sur une note juteuse <strong data-start=\"543\" data-end=\"557\">d\u2019orange<\/strong> et de <strong data-start=\"560\" data-end=\"570\">framboise<\/strong>, interrompue par la fra\u00eecheur rafra\u00eechissante de <strong data-start=\"607\" data-end=\"616\">la menthe<\/strong> et une touche <strong data-start=\"641\" data-end=\"661\">subtile d\u2019\u00e9pices froides<\/strong> qui conf\u00e8rent \u00e0 la composition un caract\u00e8re intrigant d\u00e8s le premier contact avec le tissu. Au c\u0153ur de Creamwood, des <strong data-start=\"784\" data-end=\"794\">mimosas<\/strong> d\u00e9licats et des <strong data-start=\"811\" data-end=\"819\">iris<\/strong> nobles fleurissent, apportant une douceur poudreuse et une \u00e9l\u00e9gance au parfum. <\/p>\n<p data-start=\"871\" data-end=\"1143\">La base est une combinaison <strong data-start=\"905\" data-end=\"924\">enveloppante d\u2019\u00e9corce de vanille<\/strong>, de <strong data-start=\"936\" data-end=\"958\">bois de santal<\/strong> cr\u00e9meux, <strong data-start=\"970\" data-end=\"979\">de myrrhe<\/strong> r\u00e9sineuse et de <strong data-start=\"993\" data-end=\"1010\">musc blanc<\/strong> sensuel. C\u2019est cette base profonde et chaude qui fait que le parfum persiste longtemps sur les tissus, laissant une marque subtile et luxueuse. <\/p>\n<p data-start=\"1145\" data-end=\"1426\"><strong data-start=\"1145\" data-end=\"1158\">Le bois de cr\u00e8me<\/strong> est une proposition pour ceux qui appr\u00e9cient les combinaisons non \u00e9videntes \u2013 la fra\u00eecheur des fruits et des \u00e9pices en \u00e9quilibre avec la douceur enveloppante et la noblesse du bois. Le parfum a \u00e9t\u00e9 cr\u00e9\u00e9 \u00e0 partir d\u2019ingr\u00e9dients de la plus haute qualit\u00e9 pour donner au linge quotidien une dimension enti\u00e8rement nouvelle et sensuelle. <\/p>\n<p data-start=\"1428\" data-end=\"1515\" data-is-last-node=\"\" data-is-only-node=\"\"><strong data-start=\"1428\" data-end=\"1450\">Boostez votre lessive<\/strong> \u2013 passez votre lessive \u00e0 un niveau sup\u00e9rieur avec Creamwood by Boostique.<\/p>\n<p data-start=\"558\" data-end=\"894\"><strong data-start=\"558\" data-end=\"576\">Comment utiliser :<\/strong><br data-start=\"576\" data-end=\"579\">Produit tr\u00e8s concentr\u00e9 \u2013 \u00e0 <strong data-start=\"611\" data-end=\"639\">secouer avant utilisation<\/strong>.<br data-start=\"640\" data-end=\"643\">Dose recommand\u00e9e : <strong data-start=\"663\" data-end=\"679\">1 \u00e0 2 capsules<\/strong>. Versez dans le compartiment \u00e0 laver de l\u2019adoucissant.<br data-start=\"736\" data-end=\"739\">\u00c9vitez le contact direct du produit non dilu\u00e9 avec les tissus et les surfaces d\u00e9licates. En cas de d\u00e9versement, retirez imm\u00e9diatement les r\u00e9sidus.  <\/p>\n<p data-start=\"558\" data-end=\"894\"><strong>Capacit\u00e9 : 250 ml<\/strong><\/p>\n<hr data-start=\"896\" data-end=\"899\">\n<h3 data-start=\"901\" data-end=\"944\"><\/h3>\n<h3 data-start=\"901\" data-end=\"944\"><strong data-start=\"905\" data-end=\"942\">Contenu (composition du parfum) :<\/strong><\/h3>\n<p data-start=\"945\" data-end=\"1548\">Ald\u00e9hyde cinnamique alpha-hexyl, 3-octanol, 3,7-dim\u00e9thyl-<br data-start=\"1001\" data-end=\"1004\">,3R-(3\u03b1,3a\u03b2,7\u03b2,8a\u03b1)]-1-(2,3,4,7,8,8a-hexahydro-3,6,8,8-t\u00e9tram\u00e9thyle-1H-3a,7-m\u00e9thanoazul\u00e8ne-5-yl)\u00e9thane-1-une,1-(1,2,3,4,5,6,8-octahydro-2,3,8,8-t\u00e9tram\u00e9thyle-2-naphtyle)\u00e9thane-1-one, Eug\u00e9nol, Coumarin, 1-(1,2,3,4,6,7,8a-octahydro-2,3,8,8-t\u00e9tram\u00e9thyle-2-naphtyle)\u00e9thane-1-une, (R)-p-menta-1,8-di\u00e8ne, g\u00e9raniol(2E)-3,7-dim\u00e9thyllocta-2,6-di\u00e8ne-1-ol, m\u00e9thyl 2,4-dihydroxy-3,6-dim\u00e9thylbenzoate, Cyclohexanol, 4-(1,1-dim\u00e9thyl\u00e9thyle)-, 1-ac\u00e9tate, Citronellol, 3,5,6,6- t\u00e9tram\u00e9thyle-4-m\u00e9thyl\u00e9nh\u00e9ptane-2-one, benz\u00e9n\u00e9propanal, \u03b1-m\u00e9thyl-4-(1-m\u00e9thyl\u00e9thyle)-<\/p>\n<hr data-start=\"1550\" data-end=\"1553\">\n<h3 data-start=\"1555\" data-end=\"1590\"><\/h3>\n<h3 data-start=\"1555\" data-end=\"1590\"><strong data-start=\"1559\" data-end=\"1590\">Notes et pr\u00e9cautions :<\/strong><\/h3>\n<p data-start=\"1592\" data-end=\"1751\">Cela a un effet irritant sur la peau. Peut provoquer une r\u00e9action cutan\u00e9e allergique. C\u2019est irritant pour les yeux. Il est toxique pour les organismes aquatiques, provoquant des effets durables. Si vous avez besoin de consulter un m\u00e9decin, montrez le contenant ou l\u2019\u00e9tiquette. Restez hors de port\u00e9e des enfants. Portez des gants de protection. Retirez les v\u00eatements contamin\u00e9s et lavez-les avant de les r\u00e9utiliser. Ramassez la fuite. Jetez le contenu\/contenant \u00e0 un point d\u2019\u00e9limination des d\u00e9chets autoris\u00e9 ou rendez-le au fournisseur.         <\/p>\n<p><img decoding=\"async\" class=\"alignnone wp-image-203\" src=\"https:\/\/boostique.pl\/wp-content\/uploads\/2025\/07\/uwaga.png\" alt=\"\" width=\"40\" height=\"40\" title=\"\" srcset=\"https:\/\/boostique.pl\/wp-content\/uploads\/2025\/07\/uwaga.png 95w, https:\/\/boostique.pl\/wp-content\/uploads\/2025\/07\/uwaga-50x50.png 50w\" sizes=\"(max-width: 40px) 100vw, 40px\" \/>  <img decoding=\"async\" class=\"alignnone wp-image-202\" src=\"https:\/\/boostique.pl\/wp-content\/uploads\/2025\/07\/stworzenie-morskie.png\" alt=\"\" width=\"40\" height=\"40\" title=\"\" srcset=\"https:\/\/boostique.pl\/wp-content\/uploads\/2025\/07\/stworzenie-morskie.png 95w, https:\/\/boostique.pl\/wp-content\/uploads\/2025\/07\/stworzenie-morskie-50x50.png 50w\" sizes=\"(max-width: 40px) 100vw, 40px\" \/>  <img decoding=\"async\" class=\"alignnone wp-image-201\" src=\"https:\/\/boostique.pl\/wp-content\/uploads\/2025\/07\/pp-05.png\" alt=\"\" width=\"40\" height=\"47\" title=\"\">   <img loading=\"lazy\" decoding=\"async\" class=\"alignnone wp-image-204\" src=\"https:\/\/boostique.pl\/wp-content\/uploads\/2025\/07\/pet-01.png\" alt=\"\" width=\"40\" height=\"48\" title=\"\"><\/p>\n<p>&nbsp;<\/p>\n<hr data-start=\"1875\" data-end=\"1878\">\n<h3 data-start=\"1880\" data-end=\"1898\"><\/h3>\n<h3 data-start=\"1880\" data-end=\"1898\"><strong data-start=\"1884\" data-end=\"1898\">Fabricant :<\/strong><\/h3>\n<p data-start=\"1900\" data-end=\"2141\"><strong data-start=\"1900\" data-end=\"1918\">FABRIQU\u00c9 EN POLOGNE<\/strong><br data-start=\"1918\" data-end=\"1921\"><strong data-start=\"1921\" data-end=\"1950\">Fabricant :<\/strong><br data-start=\"1950\" data-end=\"1953\"><strong data-start=\"1953\" data-end=\"1994\">Olfaction Consulting \u0141ukasz Czaplicki<\/strong><br data-start=\"1994\" data-end=\"1997\">Wroc\u0142awska 7A, 95-082 Dobro\u0144, Pologne<br data-start=\"2037\" data-end=\"2040\">T\u00e9l\u00e9phone : +48 519 614 314 <br data-start=\"2064\" data-end=\"2067\"><strong data-start=\"2114\" data-end=\"2122\">UFI : <\/strong>PC30-P0W2-Y00M-MUN9<br \/>\nwww.boostique.eu<\/p>\n","protected":false},"excerpt":{"rendered":"<article class=\"text-token-text-primary w-full focus:outline-none scroll-mt-[calc(var(--header-height)+min(200px,max(70px,20svh)))]\" dir=\"auto\" tabindex=\"-1\" data-testid=\"conversation-turn-62\" data-scroll-anchor=\"true\" data-turn=\"assistant\">\n<div class=\"text-base my-auto mx-auto pb-10 [--thread-content-margin:--spacing(4)] @[37rem]:[--thread-content-margin:--spacing(6)] @[72rem]:[--thread-content-margin:--spacing(16)] px-(--thread-content-margin)\">\n<div class=\"[--thread-content-max-width:32rem] @[34rem]:[--thread-content-max-width:40rem] @[64rem]:[--thread-content-max-width:48rem] mx-auto max-w-(--thread-content-max-width) flex-1 group\/turn-messages focus-visible:outline-hidden relative flex w-full min-w-0 flex-col agent-turn\" tabindex=\"-1\">\n<div class=\"flex max-w-full flex-col grow\">\n<div class=\"min-h-8 text-message relative flex w-full flex-col items-end gap-2 text-start break-words whitespace-normal [.text-message+&amp;]:mt-5\" dir=\"auto\" data-message-author-role=\"assistant\" data-message-id=\"73449366-3976-43f7-901d-af2087c54d65\" data-message-model-slug=\"gpt-4o\">\n<div class=\"flex w-full flex-col gap-1 empty:hidden first:pt-[3px]\">\n<div class=\"markdown prose dark:prose-invert w-full break-words dark\"><strong>Le bois de cr\u00e8me<\/strong> est un parfum de lessive aux notes chaudes de <strong>myrrhe, vanille et bois de santal<\/strong>. Donnez \u00e0 vos v\u00eatements une odeur enveloppante, cr\u00e9meuse et bois\u00e9e de luxe. <\/div>\n<\/div>\n<\/div>\n<\/div>\n<\/div>\n<\/div>\n<\/article>\n<p data-start=\"558\" data-end=\"894\"><strong>Capacit\u00e9 : 250 ml<\/strong><\/p>\n","protected":false},"featured_media":3420,"comment_status":"open","ping_status":"closed","template":"","meta":[],"product_brand":[],"product_cat":[113],"product_tag":[151,124,123,130,128,161,133,131,126],"class_list":{"0":"post-2516","1":"product","2":"type-product","3":"status-publish","4":"has-post-thumbnail","6":"product_cat-parfum-pour-lessive","7":"product_tag-bois-de-creme","8":"product_tag-boostique","9":"product_tag-parfum-a-lessive","10":"product_tag-parfum-de-lavage","11":"product_tag-parfum-de-linge","12":"product_tag-parfum-pour-lessive-3","13":"product_tag-parfum-pour-lessive-2","14":"product_tag-tvattperfym","15":"product_tag-waschparfum","17":"first","18":"instock","19":"taxable","20":"shipping-taxable","21":"purchasable","22":"product-type-simple"},"_links":{"self":[{"href":"https:\/\/boostique.pl\/fr\/wp-json\/wp\/v2\/product\/2516","targetHints":{"allow":["GET"]}}],"collection":[{"href":"https:\/\/boostique.pl\/fr\/wp-json\/wp\/v2\/product"}],"about":[{"href":"https:\/\/boostique.pl\/fr\/wp-json\/wp\/v2\/types\/product"}],"replies":[{"embeddable":true,"href":"https:\/\/boostique.pl\/fr\/wp-json\/wp\/v2\/comments?post=2516"}],"wp:featuredmedia":[{"embeddable":true,"href":"https:\/\/boostique.pl\/fr\/wp-json\/wp\/v2\/media\/3420"}],"wp:attachment":[{"href":"https:\/\/boostique.pl\/fr\/wp-json\/wp\/v2\/media?parent=2516"}],"wp:term":[{"taxonomy":"product_brand","embeddable":true,"href":"https:\/\/boostique.pl\/fr\/wp-json\/wp\/v2\/product_brand?post=2516"},{"taxonomy":"product_cat","embeddable":true,"href":"https:\/\/boostique.pl\/fr\/wp-json\/wp\/v2\/product_cat?post=2516"},{"taxonomy":"product_tag","embeddable":true,"href":"https:\/\/boostique.pl\/fr\/wp-json\/wp\/v2\/product_tag?post=2516"}],"curies":[{"name":"wp","href":"https:\/\/api.w.org\/{rel}","templated":true}]}}