{"id":2445,"date":"2025-07-07T17:18:29","date_gmt":"2025-07-07T15:18:29","guid":{"rendered":"https:\/\/boostique.pl\/shop\/non class\u00e9\/parfum-pour-lessive-serenite-bleue\/"},"modified":"2026-04-21T16:46:07","modified_gmt":"2026-04-21T14:46:07","slug":"parfum-pour-lessive-serenite-bleue","status":"publish","type":"product","link":"https:\/\/boostique.pl\/fr\/shop\/parfum-pour-lessive\/parfum-pour-lessive-serenite-bleue\/","title":{"rendered":"Parfum pour lessive | S\u00e9r\u00e9nit\u00e9 Bleue"},"content":{"rendered":"<h3 data-start=\"105\" data-end=\"158\">Blue Serenity \u2013 parfum pour lessive par Boostique<\/h3>\n<p data-start=\"160\" data-end=\"496\">D\u00e9couvrez une fra\u00eecheur apaisante et une \u00e9l\u00e9gance d\u00e9licate avec <strong data-start=\"207\" data-end=\"224\">Blue Serenity<\/strong> \u2013 un parfum exclusif pour lessive qui enveloppe les tissus d\u2019un parfum propre et subtil, inspir\u00e9 par la nature et la tranquillit\u00e9. C\u2019est une composition cr\u00e9\u00e9e pour ceux qui souhaitent introduire une note d\u2019harmonie et de l\u00e9g\u00e8ret\u00e9 dans leur routine quotidienne, sans sacrifier un effet durable et luxueux. <\/p>\n<p data-start=\"498\" data-end=\"766\">Le parfum s\u2019ouvre sur un accord <strong data-start=\"533\" data-end=\"546\">frais d\u2019ald\u00e9hydes<\/strong>, <strong data-start=\"564\" data-end=\"582\">d\u2019\u00e9corce de citron<\/strong> \u00e9nergisante, <strong data-start=\"595\" data-end=\"612\">de notes vertes<\/strong> juteuses et de <strong data-start=\"625\" data-end=\"642\">feuilles de violette<\/strong> fra\u00eeches, cr\u00e9ant une impression de puret\u00e9 et de l\u00e9g\u00e8ret\u00e9 parfaites. C\u2019est l\u2019odeur du matin \u2013 du linge fra\u00eechement lav\u00e9 suspendu au soleil. <\/p>\n<p data-start=\"768\" data-end=\"999\">Au c\u0153ur de la composition, des accents floraux s\u2019\u00e9panouissent : une <strong data-start=\"826\" data-end=\"837\">an\u00e9mone<\/strong> \u00e9th\u00e9r\u00e9e, une <strong data-start=\"849\" data-end=\"865\">d\u00e9licate fleur de lotus<\/strong>, <strong data-start=\"876\" data-end=\"891\">de subtils p\u00e9tales de rose<\/strong> et un muguet-de-vall\u00e9e fra\u00eeche, qui forgent ensemble le caract\u00e8re doux, f\u00e9minin et extr\u00eamement \u00e9l\u00e9gant de Blue Serenity.<strong data-start=\"901\" data-end=\"913\"><\/strong><\/p>\n<p data-start=\"1001\" data-end=\"1186\">La base du parfum est une <strong data-start=\"1041\" data-end=\"1057\">f\u00e8ve<\/strong> tonka cr\u00e9meuse et velout\u00e9e et <strong data-start=\"1081\" data-end=\"1096\">un musc blanc<\/strong> pur et enveloppant, qui apporte un ar\u00f4me agr\u00e9able et durable aux tissus, sans intensit\u00e9 excessive.<\/p>\n<p data-start=\"1188\" data-end=\"1469\"><strong data-start=\"1188\" data-end=\"1205\">Blue Serenity<\/strong> est le choix pour ceux qui recherchent un parfum frais, discret et sophistiqu\u00e9 \u2013 parfait pour un usage quotidien et unique en m\u00eame temps. Nous le cr\u00e9ons \u00e0 partir d\u2019ingr\u00e9dients de la plus haute qualit\u00e9 afin que le lavage devienne non seulement une corv\u00e9e quotidienne, mais aussi un rituel agr\u00e9able. <\/p>\n<p data-start=\"1471\" data-end=\"1567\" data-is-last-node=\"\" data-is-only-node=\"\"><strong data-start=\"1471\" data-end=\"1493\">Am\u00e9liorez votre lessive<\/strong> \u2013 apportez calme et \u00e9l\u00e9gance \u00e0 votre linge avec Blue Serenity de Boostique.<\/p>\n<p data-start=\"578\" data-end=\"924\"><strong data-start=\"578\" data-end=\"596\">Comment utiliser :<\/strong><br data-start=\"596\" data-end=\"599\">Produit \u00e0 haute concentration \u2013 <strong data-start=\"647\" data-end=\"669\">secouez la bouteille<\/strong> avant utilisation.<br data-start=\"670\" data-end=\"673\">Dose recommand\u00e9e : <strong data-start=\"693\" data-end=\"709\">1 \u00e0 2 capsules<\/strong>. Versez dans le compartiment \u00e0 laver de l\u2019adoucissant.<br data-start=\"766\" data-end=\"769\">\u00c9vitez le contact direct du produit non dilu\u00e9 avec les tissus et les surfaces d\u00e9licates. En cas de d\u00e9versement, retirez imm\u00e9diatement les r\u00e9sidus.  <\/p>\n<p><strong>Capacit\u00e9 : 250 ml<\/strong><\/p>\n<p>&nbsp;<\/p>\n<hr data-start=\"926\" data-end=\"929\">\n<h3 data-start=\"931\" data-end=\"972\"><\/h3>\n<h3 data-start=\"931\" data-end=\"972\"><strong data-start=\"935\" data-end=\"972\">Contenu (composition du parfum) :<\/strong><\/h3>\n<p data-start=\"973\" data-end=\"1286\">Cyclohexanol, 4-(1,1-dim\u00e9thyl\u00e9thyl)-, 1-ac\u00e9tate, (E)-2-benzyliden\u00e9ac\u00e9tatane, salicylate de benzyle, ac\u00e9tate de Nopyl, 2-m\u00e9thylundecanal, salicylate d\u2019exhylyle, citronellol, coumarine, masse r\u00e9actionnelle de Cis-4-(isopropyl)cyclohexanem\u00e9thanol et Trans-4, (isopropyl)cyclohexanem\u00e9thanol, Undec-10-enal, (E)-anethole, indole<\/p>\n<hr data-start=\"1288\" data-end=\"1291\">\n<h3 data-start=\"1293\" data-end=\"1328\"><\/h3>\n<h3 data-start=\"1293\" data-end=\"1328\"><strong data-start=\"1297\" data-end=\"1328\">Notes et pr\u00e9cautions :<\/strong><\/h3>\n<p data-start=\"1330\" data-end=\"1535\">Cela a un effet irritant sur la peau. Peut provoquer une r\u00e9action cutan\u00e9e allergique. C\u2019est irritant pour les yeux. Il est toxique pour les organismes aquatiques, provoquant des effets durables. Si vous avez besoin de consulter un m\u00e9decin, montrez le contenant ou l\u2019\u00e9tiquette. Restez hors de port\u00e9e des enfants. Portez des gants de protection. Retirez les v\u00eatements contamin\u00e9s et lavez-les avant de les r\u00e9utiliser. Ramassez la fuite. Jetez le contenu\/contenant \u00e0 un point d\u2019\u00e9limination des d\u00e9chets autoris\u00e9 ou rendez-le au fournisseur.         <\/p>\n<p><img decoding=\"async\" class=\"alignnone wp-image-203\" src=\"https:\/\/boostique.pl\/wp-content\/uploads\/2025\/07\/uwaga.png\" alt=\"\" width=\"40\" height=\"40\" title=\"\" srcset=\"https:\/\/boostique.pl\/wp-content\/uploads\/2025\/07\/uwaga.png 95w, https:\/\/boostique.pl\/wp-content\/uploads\/2025\/07\/uwaga-50x50.png 50w\" sizes=\"(max-width: 40px) 100vw, 40px\" \/>  <img decoding=\"async\" class=\"alignnone wp-image-202\" src=\"https:\/\/boostique.pl\/wp-content\/uploads\/2025\/07\/stworzenie-morskie.png\" alt=\"\" width=\"40\" height=\"40\" title=\"\" srcset=\"https:\/\/boostique.pl\/wp-content\/uploads\/2025\/07\/stworzenie-morskie.png 95w, https:\/\/boostique.pl\/wp-content\/uploads\/2025\/07\/stworzenie-morskie-50x50.png 50w\" sizes=\"(max-width: 40px) 100vw, 40px\" \/>  <img decoding=\"async\" class=\"alignnone wp-image-201\" src=\"https:\/\/boostique.pl\/wp-content\/uploads\/2025\/07\/pp-05.png\" alt=\"\" width=\"40\" height=\"47\" title=\"\">   <img loading=\"lazy\" decoding=\"async\" class=\"alignnone wp-image-204\" src=\"https:\/\/boostique.pl\/wp-content\/uploads\/2025\/07\/pet-01.png\" alt=\"\" width=\"40\" height=\"48\" title=\"\"><\/p>\n<p>&nbsp;<\/p>\n<hr data-start=\"1875\" data-end=\"1878\">\n<h3 data-start=\"1880\" data-end=\"1898\"><\/h3>\n<h3 data-start=\"1880\" data-end=\"1898\"><strong data-start=\"1884\" data-end=\"1898\">Fabricant :<\/strong><\/h3>\n<p data-start=\"1900\" data-end=\"2141\"><strong data-start=\"1900\" data-end=\"1918\">FABRIQU\u00c9 EN POLOGNE<\/strong><br data-start=\"1918\" data-end=\"1921\"><strong data-start=\"1921\" data-end=\"1950\">Fabricant :<\/strong><br data-start=\"1950\" data-end=\"1953\"><strong data-start=\"1953\" data-end=\"1994\">Olfaction Consulting \u0141ukasz Czaplicki<\/strong><br data-start=\"1994\" data-end=\"1997\">Wroc\u0142awska 7A, 95-082 Dobro\u0144, Pologne<br data-start=\"2037\" data-end=\"2040\">T\u00e9l\u00e9phone : +48 519 614 314 <br data-start=\"2064\" data-end=\"2067\"><strong data-start=\"2067\" data-end=\"2075\">UFI :<\/strong> E030-P04G-R00N-YGA1<br data-start=\"2095\" data-end=\"2098\">www.boostique.eu<\/p>\n","protected":false},"excerpt":{"rendered":"<p data-start=\"403\" data-end=\"576\"><strong>Blue Serenity<\/strong> est un parfum frais et \u00e9l\u00e9gant pour lessive avec des notes de <strong>citron, de fleurs de lotus et de musc blanc<\/strong>. Enveloppez vos v\u00eatements d\u2019un parfum d\u00e9licat de paix et de propret\u00e9. <\/p>\n<p data-start=\"403\" data-end=\"576\"><strong>Capacit\u00e9 : 250 ml<\/strong><\/p>\n","protected":false},"featured_media":3432,"comment_status":"open","ping_status":"closed","template":"","meta":[],"product_brand":[],"product_cat":[113],"product_tag":[124,123,130,128,133,129,161,132,131,126,127],"class_list":{"0":"post-2445","1":"product","2":"type-product","3":"status-publish","4":"has-post-thumbnail","6":"product_cat-parfum-pour-lessive","7":"product_tag-boostique","8":"product_tag-parfum-a-lessive","9":"product_tag-parfum-de-lavage","10":"product_tag-parfum-de-linge","11":"product_tag-parfum-pour-lessive-2","12":"product_tag-parfum-pour-lessive","13":"product_tag-parfum-pour-lessive-3","14":"product_tag-serenite-bleue","15":"product_tag-tvattperfym","16":"product_tag-waschparfum","17":"product_tag-wasparfum","19":"first","20":"instock","21":"taxable","22":"shipping-taxable","23":"purchasable","24":"product-type-simple"},"_links":{"self":[{"href":"https:\/\/boostique.pl\/fr\/wp-json\/wp\/v2\/product\/2445","targetHints":{"allow":["GET"]}}],"collection":[{"href":"https:\/\/boostique.pl\/fr\/wp-json\/wp\/v2\/product"}],"about":[{"href":"https:\/\/boostique.pl\/fr\/wp-json\/wp\/v2\/types\/product"}],"replies":[{"embeddable":true,"href":"https:\/\/boostique.pl\/fr\/wp-json\/wp\/v2\/comments?post=2445"}],"wp:featuredmedia":[{"embeddable":true,"href":"https:\/\/boostique.pl\/fr\/wp-json\/wp\/v2\/media\/3432"}],"wp:attachment":[{"href":"https:\/\/boostique.pl\/fr\/wp-json\/wp\/v2\/media?parent=2445"}],"wp:term":[{"taxonomy":"product_brand","embeddable":true,"href":"https:\/\/boostique.pl\/fr\/wp-json\/wp\/v2\/product_brand?post=2445"},{"taxonomy":"product_cat","embeddable":true,"href":"https:\/\/boostique.pl\/fr\/wp-json\/wp\/v2\/product_cat?post=2445"},{"taxonomy":"product_tag","embeddable":true,"href":"https:\/\/boostique.pl\/fr\/wp-json\/wp\/v2\/product_tag?post=2445"}],"curies":[{"name":"wp","href":"https:\/\/api.w.org\/{rel}","templated":true}]}}