{"id":2428,"date":"2025-07-07T17:53:30","date_gmt":"2025-07-07T15:53:30","guid":{"rendered":"https:\/\/boostique.pl\/shop\/non class\u00e9\/parfum-pour-lessive-seduction-eclatante\/"},"modified":"2026-02-26T14:20:58","modified_gmt":"2026-02-26T13:20:58","slug":"parfum-pour-lessive-seduction-eclatante","status":"publish","type":"product","link":"https:\/\/boostique.pl\/fr\/shop\/parfum-pour-lessive\/parfum-pour-lessive-seduction-eclatante\/","title":{"rendered":"Parfum pour lessive | S\u00e9duction \u00e9clatante"},"content":{"rendered":"<h3 data-start=\"105\" data-end=\"158\">Bright Allure \u2013 parfum pour lessive par Boostique<\/h3>\n<p data-start=\"160\" data-end=\"531\">Illuminez votre quotidien avec un parfum plein d\u2019\u00e9nergie et d\u2019\u00e9l\u00e9gance gr\u00e2ce <strong data-start=\"220\" data-end=\"237\">\u00e0 Bright Allure<\/strong> \u2013 un parfum exclusif pour lessive qui apporte fra\u00eecheur, chaleur et charme unique aux tissus. C\u2019est une composition sophistiqu\u00e9e cr\u00e9\u00e9e pour ceux qui appr\u00e9cient un parfum distinct et harmonieux sur les v\u00eatements \u2013 durable, mais discret, plein de caract\u00e8re et de l\u00e9g\u00e8ret\u00e9. <\/p>\n<p data-start=\"533\" data-end=\"949\">Le parfum s\u2019ouvre sur un accord juteux <strong data-start=\"570\" data-end=\"594\">d\u2019\u00e9corce d\u2019orange<\/strong>, <strong data-start=\"608\" data-end=\"628\">pomme verte<\/strong> croquante et <strong data-start=\"652\" data-end=\"662\">neroli<\/strong> floral et frais \u2013 ce d\u00e9but dynamique stimule les sens et est imm\u00e9diatement associ\u00e9 \u00e0 la propret\u00e9 et \u00e0 la l\u00e9g\u00e8ret\u00e9 du linge frais. Le c\u0153ur de Bright Allure est l\u2019harmonie florale \u2013 <strong data-start=\"824\" data-end=\"839\">ylang ylang<\/strong> sensuel, <strong data-start=\"850\" data-end=\"866\">fleur de lotus<\/strong> subtile et douceur cr\u00e9meuse de <strong data-start=\"885\" data-end=\"901\">la f\u00e8ve tonka<\/strong>, qui ajoutent \u00e9l\u00e9gance et douceur \u00e0 la composition. <\/p>\n<p data-start=\"951\" data-end=\"1206\">La base du parfum r\u00e9sonne de notes profondes et enveloppantes \u2013 <strong data-start=\"1019\" data-end=\"1037\">\u00e9corce de vanille<\/strong> noble, bois <strong data-start=\"1049\" data-end=\"1069\">de santal<\/strong> velout\u00e9, <strong data-start=\"1079\" data-end=\"1098\">musc chaud et enveloppant<\/strong> et <strong data-start=\"1116\" data-end=\"1131\">mousse de ch\u00eane<\/strong> l\u00e9g\u00e8rement terreuse, qui ensemble cr\u00e9ent un parfum durable et m\u00e9morable sur les tissus.<\/p>\n<p data-start=\"1208\" data-end=\"1470\"><strong data-start=\"1208\" data-end=\"1225\">Bright Allure<\/strong> est un excellent choix pour ceux qui souhaitent mettre en valeur le caract\u00e8re unique de leur linge avec un parfum plein de lumi\u00e8re, d\u2019\u00e9nergie et de profondeur sensuelle. Des parfums cr\u00e9\u00e9s avec des ingr\u00e9dients de la plus haute qualit\u00e9, inspir\u00e9s par l\u2019art de la parfumerie et l\u2019attention port\u00e9e aux d\u00e9tails. <\/p>\n<p data-start=\"1472\" data-end=\"1574\" data-is-last-node=\"\" data-is-only-node=\"\"><strong data-start=\"1472\" data-end=\"1494\">Boostez votre lessive<\/strong> \u2013 donnez \u00e0 vos v\u00eatements un parfum s\u00e9duisant et lumineux avec Bright Allure de Boostique.<\/p>\n<p data-start=\"525\" data-end=\"871\"><strong data-start=\"525\" data-end=\"543\">Comment utiliser :<\/strong><br data-start=\"543\" data-end=\"546\">Produit \u00e0 haute concentration \u2013 <strong data-start=\"594\" data-end=\"616\">secouez la bouteille<\/strong> avant utilisation.<br data-start=\"617\" data-end=\"620\">Dose recommand\u00e9e : <strong data-start=\"640\" data-end=\"656\">1 \u00e0 2 capsules<\/strong>. Versez dans le compartiment \u00e0 laver de l\u2019adoucissant.<br data-start=\"713\" data-end=\"716\">\u00c9vitez le contact direct du produit non dilu\u00e9 avec les tissus et les surfaces d\u00e9licates. En cas de d\u00e9versement, retirez imm\u00e9diatement les r\u00e9sidus.  <\/p>\n<p data-start=\"525\" data-end=\"871\"><strong>Capacit\u00e9 : 250 ml<\/strong><\/p>\n<hr data-start=\"873\" data-end=\"876\">\n<h3 data-start=\"878\" data-end=\"921\"><\/h3>\n<h3 data-start=\"878\" data-end=\"921\"><strong data-start=\"882\" data-end=\"919\">Contenu (composition du parfum) :<\/strong><\/h3>\n<p data-start=\"922\" data-end=\"1373\">Hexyl salicylate, Linalool (3,7-dim\u00e9thyl-1,6-octadi\u00e8ne-3-ol\/dl-linalool), 1-(1,2,3,4,5,6,7,8-octahydro-2,3,8,8-t\u00e9tram\u00e9thyl-2-naphtyl)\u00e9thane-1-one, 2-m\u00e9thylundecanal, Und\u00e8nal, masse de r\u00e9action de 3,5-dim\u00e9thylcyclohex-3-\u00e8ne-1-carbald\u00e9hyde et 2,4-dim\u00e9thylcyclohex-3-\u00e8ne-1-carbaldehydehyde, Ac\u00e9tate de g\u00e9ranyle, Eug\u00e9nol, (R)-p-menta-1,8-di\u00e8ne, 1-(1,2,3,4,6,7,8,8,8a-octahydro-2,3,8,8-t\u00e9tram\u00e9thyl-2-naphtyl)\u00e9thane-1-one, Coumarine, Izoeug\u00e9nol, Ac\u00e9tate de Neryl<\/p>\n<hr data-start=\"1375\" data-end=\"1378\">\n<h3 data-start=\"1380\" data-end=\"1415\"><\/h3>\n<h3 data-start=\"1380\" data-end=\"1415\"><strong data-start=\"1384\" data-end=\"1415\">Notes et pr\u00e9cautions :<\/strong><\/h3>\n<p data-start=\"1417\" data-end=\"1620\">Cela a un effet irritant sur la peau. Peut provoquer une r\u00e9action cutan\u00e9e allergique. C\u2019est irritant pour les yeux. Il est toxique pour les organismes aquatiques, provoquant des effets durables. Si vous avez besoin de consulter un m\u00e9decin, montrez le contenant ou l\u2019\u00e9tiquette. Restez hors de port\u00e9e des enfants. Portez des gants de protection. Retirez les v\u00eatements contamin\u00e9s et lavez-les avant de les r\u00e9utiliser. Ramassez la fuite. Jetez le contenu\/contenant \u00e0 un point d\u2019\u00e9limination des d\u00e9chets autoris\u00e9 ou rendez-le au fournisseur.         <\/p>\n<p><img decoding=\"async\" class=\"alignnone wp-image-203\" src=\"https:\/\/boostique.pl\/wp-content\/uploads\/2025\/07\/uwaga.png\" alt=\"\" width=\"40\" height=\"40\" title=\"\" srcset=\"https:\/\/boostique.pl\/wp-content\/uploads\/2025\/07\/uwaga.png 95w, https:\/\/boostique.pl\/wp-content\/uploads\/2025\/07\/uwaga-50x50.png 50w\" sizes=\"(max-width: 40px) 100vw, 40px\" \/>  <img decoding=\"async\" class=\"alignnone wp-image-202\" src=\"https:\/\/boostique.pl\/wp-content\/uploads\/2025\/07\/stworzenie-morskie.png\" alt=\"\" width=\"40\" height=\"40\" title=\"\" srcset=\"https:\/\/boostique.pl\/wp-content\/uploads\/2025\/07\/stworzenie-morskie.png 95w, https:\/\/boostique.pl\/wp-content\/uploads\/2025\/07\/stworzenie-morskie-50x50.png 50w\" sizes=\"(max-width: 40px) 100vw, 40px\" \/>  <img decoding=\"async\" class=\"alignnone wp-image-201\" src=\"https:\/\/boostique.pl\/wp-content\/uploads\/2025\/07\/pp-05.png\" alt=\"\" width=\"40\" height=\"47\" title=\"\">   <img loading=\"lazy\" decoding=\"async\" class=\"alignnone wp-image-204\" src=\"https:\/\/boostique.pl\/wp-content\/uploads\/2025\/07\/pet-01.png\" alt=\"\" width=\"40\" height=\"48\" title=\"\"><\/p>\n<p>&nbsp;<\/p>\n<hr data-start=\"1875\" data-end=\"1878\">\n<h3 data-start=\"1880\" data-end=\"1898\"><strong data-start=\"1884\" data-end=\"1898\">Fabricant :<\/strong><\/h3>\n<p data-start=\"1900\" data-end=\"2141\"><strong data-start=\"1900\" data-end=\"1918\">FABRIQU\u00c9 EN POLOGNE<\/strong><br data-start=\"1918\" data-end=\"1921\"><strong data-start=\"1921\" data-end=\"1950\">Fabricant :<\/strong><br data-start=\"1950\" data-end=\"1953\"><strong data-start=\"1953\" data-end=\"1994\">Olfaction Consulting \u0141ukasz Czaplicki<\/strong><br data-start=\"1994\" data-end=\"1997\">Wroc\u0142awska 7A, 95-082 Dobro\u0144, Pologne<br data-start=\"2037\" data-end=\"2040\">T\u00e9l\u00e9phone : +48 519 614 314 <br data-start=\"2064\" data-end=\"2067\"><strong data-start=\"2114\" data-end=\"2122\">UFI :<\/strong> 6630-P0H9-C00N-95G5<br \/>\nwww.boostique.eu<\/p>\n","protected":false},"excerpt":{"rendered":"<p data-start=\"342\" data-end=\"523\"><strong>Bright Allure<\/strong> est un parfum pour lessive avec des notes <strong>d\u2019orange, de pomme et d\u2019ylang ylang<\/strong>. Transformez votre linge avec un parfum frais, \u00e9l\u00e9gant, plein d\u2019\u00e9nergie et de charme. <\/p>\n<p data-start=\"525\" data-end=\"871\"><strong>Capacit\u00e9 : 250 ml<\/strong><\/p>\n","protected":false},"featured_media":3426,"comment_status":"open","ping_status":"closed","template":"","meta":[],"product_brand":[],"product_cat":[113],"product_tag":[124,123,130,128,161,129,133,125,131,126,127],"class_list":{"0":"post-2428","1":"product","2":"type-product","3":"status-publish","4":"has-post-thumbnail","6":"product_cat-parfum-pour-lessive","7":"product_tag-boostique","8":"product_tag-parfum-a-lessive","9":"product_tag-parfum-de-lavage","10":"product_tag-parfum-de-linge","11":"product_tag-parfum-pour-lessive-3","12":"product_tag-parfum-pour-lessive","13":"product_tag-parfum-pour-lessive-2","14":"product_tag-seduction-eclatante","15":"product_tag-tvattperfym","16":"product_tag-waschparfum","17":"product_tag-wasparfum","19":"first","20":"instock","21":"taxable","22":"shipping-taxable","23":"purchasable","24":"product-type-simple"},"_links":{"self":[{"href":"https:\/\/boostique.pl\/fr\/wp-json\/wp\/v2\/product\/2428","targetHints":{"allow":["GET"]}}],"collection":[{"href":"https:\/\/boostique.pl\/fr\/wp-json\/wp\/v2\/product"}],"about":[{"href":"https:\/\/boostique.pl\/fr\/wp-json\/wp\/v2\/types\/product"}],"replies":[{"embeddable":true,"href":"https:\/\/boostique.pl\/fr\/wp-json\/wp\/v2\/comments?post=2428"}],"wp:featuredmedia":[{"embeddable":true,"href":"https:\/\/boostique.pl\/fr\/wp-json\/wp\/v2\/media\/3426"}],"wp:attachment":[{"href":"https:\/\/boostique.pl\/fr\/wp-json\/wp\/v2\/media?parent=2428"}],"wp:term":[{"taxonomy":"product_brand","embeddable":true,"href":"https:\/\/boostique.pl\/fr\/wp-json\/wp\/v2\/product_brand?post=2428"},{"taxonomy":"product_cat","embeddable":true,"href":"https:\/\/boostique.pl\/fr\/wp-json\/wp\/v2\/product_cat?post=2428"},{"taxonomy":"product_tag","embeddable":true,"href":"https:\/\/boostique.pl\/fr\/wp-json\/wp\/v2\/product_tag?post=2428"}],"curies":[{"name":"wp","href":"https:\/\/api.w.org\/{rel}","templated":true}]}}