{"id":2669,"date":"2025-07-23T17:41:58","date_gmt":"2025-07-23T15:41:58","guid":{"rendered":"https:\/\/boostique.pl\/contact\/"},"modified":"2026-02-26T14:22:05","modified_gmt":"2026-02-26T13:22:05","slug":"contact","status":"publish","type":"page","link":"https:\/\/boostique.pl\/fr\/contact\/","title":{"rendered":"Contact"},"content":{"rendered":"\t\t<div data-elementor-type=\"wp-page\" data-elementor-id=\"2669\" class=\"elementor elementor-2669 elementor-1010\" data-elementor-post-type=\"page\">\n\t\t\t\t\t\t<section class=\"elementor-section elementor-top-section elementor-element elementor-element-1e5225f elementor-section-boxed elementor-section-height-default elementor-section-height-default\" data-id=\"1e5225f\" data-element_type=\"section\" data-e-type=\"section\">\n\t\t\t\t\t\t<div class=\"elementor-container elementor-column-gap-default\">\n\t\t\t\t\t<div class=\"elementor-column elementor-col-50 elementor-top-column elementor-element elementor-element-f5c5c1e\" data-id=\"f5c5c1e\" data-element_type=\"column\" data-e-type=\"column\">\n\t\t\t<div class=\"elementor-widget-wrap elementor-element-populated\">\n\t\t\t\t\t\t<div class=\"elementor-element elementor-element-088dbe8 elementor-widget elementor-widget-html\" data-id=\"088dbe8\" data-element_type=\"widget\" data-e-type=\"widget\" data-widget_type=\"html.default\">\n\t\t\t\t\t<!-- p5.js CDN -->\r\n<script src=\"https:\/\/cdn.jsdelivr.net\/npm\/p5@1.11.7\/lib\/p5.min.js\"><\/script>\r\n<script src=\"https:\/\/cdn.jsdelivr.net\/npm\/p5@0.7.0\/lib\/addons\/p5.sound.min.js\"><\/script>\r\n\r\n<style>\r\n  #p5-bg-canvas {\r\n    position: fixed;\r\n    top: 0;\r\n    left: 0;\r\n    z-index: 0;\r\n    width: 100vw;\r\n    height: 100vh;\r\n    pointer-events: none;\r\n    overflow: hidden;\r\n  }\r\n\r\n  canvas {\r\n    display: block;\r\n  }\r\n<\/style>\r\n\r\n<div id=\"p5-bg-canvas\"><\/div>\r\n\r\n<script>\r\n  let flowerImages = [];\r\n  let flowers = [];\r\n\r\n  const isMobile = window.innerWidth < 768;\r\n  const NUM_FLOWERS = isMobile ? 18 : 36;\r\n  const TARGET_FPS = isMobile ? 24 : 60;\r\n\r\n  let scrolling = false;\r\n  let scrollTimeout;\r\n\r\n  class Flower {\r\n    constructor(img) {\r\n      this.img = img;\r\n      this.reset(true);\r\n    }\r\n\r\n    reset(initial = false) {\r\n      this.x = random(width);\r\n      this.y = initial ? random(height) : random(-height, -40);\r\n      this.speed = random(0.5, 1.4);\r\n      this.driftSpeed = random(-0.25, 0.25);\r\n      this.rotation = random(TWO_PI);\r\n      this.rotationSpeed = random(-0.02, 0.02);\r\n\r\n      \/\/ \ud83c\udf38 FINALNE, MNIEJSZE ROZMIARY\r\n      this.size = isMobile\r\n        ? random(9, 15)    \/\/ \ud83d\udcf1 mobile\r\n        : random(12, 18);  \/\/ \ud83d\udda5 desktop\r\n    }\r\n\r\n    update() {\r\n      this.y += this.speed;\r\n      this.x += this.driftSpeed;\r\n      this.rotation += this.rotationSpeed;\r\n\r\n      if (this.x < -30) this.x = width + 30;\r\n      if (this.x > width + 30) this.x = -30;\r\n\r\n      if (this.y > height + 50) {\r\n        this.reset();\r\n      }\r\n    }\r\n\r\n    display() {\r\n      push();\r\n      translate(this.x, this.y);\r\n      rotate(this.rotation);\r\n\r\n      \/\/ \ud83d\udd0d oversampling dla ostro\u015bci\r\n      const renderSize = this.size * 1.6;\r\n      image(this.img, 0, 0, renderSize, renderSize);\r\n\r\n      pop();\r\n    }\r\n  }\r\n\r\n  function preload() {\r\n    const urls = [\r\n      'https:\/\/dae.transientusercontent.xyz\/uploads\/6bd79428-1df7-4777-88d9-c5cecf5dd06a',\r\n      'https:\/\/dae.transientusercontent.xyz\/uploads\/f90a1a61-7ed7-487f-818b-2f148c667a21',\r\n      'https:\/\/dae.transientusercontent.xyz\/uploads\/e5bccea6-0f78-4046-8df4-aed322752c3d',\r\n      'https:\/\/dae.transientusercontent.xyz\/uploads\/e5ef475b-1668-4459-a880-d72775236cfa',\r\n      'https:\/\/dae.transientusercontent.xyz\/uploads\/1a804cc9-2597-4de6-a853-52655e8fa794',\r\n      'https:\/\/dae.transientusercontent.xyz\/uploads\/c4babb54-386c-46dd-831b-d6dfa6c43158'\r\n    ];\r\n\r\n    for (let url of urls) {\r\n      flowerImages.push(loadImage(url));\r\n    }\r\n  }\r\n\r\n  function setup() {\r\n    const cnv = createCanvas(windowWidth, windowHeight);\r\n    cnv.parent('p5-bg-canvas');\r\n\r\n    imageMode(CENTER);\r\n    frameRate(TARGET_FPS);\r\n\r\n    \/\/ \ud83c\udfaf balans jako\u015b\u0107 \/ performance\r\n    const dpr = window.devicePixelRatio || 1;\r\n    pixelDensity(isMobile ? Math.min(2.5, dpr) : dpr);\r\n\r\n    drawingContext.imageSmoothingEnabled = true;\r\n    drawingContext.imageSmoothingQuality = 'high';\r\n\r\n    for (let i = 0; i < NUM_FLOWERS; i++) {\r\n      flowers.push(new Flower(random(flowerImages)));\r\n    }\r\n\r\n    \/\/ \u23f8 pauza animacji podczas scrolla\r\n    window.addEventListener(\r\n      'scroll',\r\n      () => {\r\n        scrolling = true;\r\n        clearTimeout(scrollTimeout);\r\n        scrollTimeout = setTimeout(() => (scrolling = false), 120);\r\n      },\r\n      { passive: true }\r\n    );\r\n  }\r\n\r\n  function draw() {\r\n    if (scrolling) return;\r\n\r\n    clear();\r\n    for (let flower of flowers) {\r\n      flower.update();\r\n      flower.display();\r\n    }\r\n  }\r\n\r\n  function windowResized() {\r\n    resizeCanvas(windowWidth, windowHeight);\r\n  }\r\n<\/script>\r\n\t\t\t\t<\/div>\n\t\t\t\t<div class=\"elementor-element elementor-element-78afc12 elementor-align-start elementor-widget__width-initial elementor-icon-list--layout-traditional elementor-list-item-link-full_width elementor-widget elementor-widget-icon-list\" data-id=\"78afc12\" data-element_type=\"widget\" data-e-type=\"widget\" data-widget_type=\"icon-list.default\">\n\t\t\t\t\t\t\t<ul class=\"elementor-icon-list-items\">\n\t\t\t\t\t\t\t<li class=\"elementor-icon-list-item\">\n\t\t\t\t\t\t\t\t\t\t\t<a href=\"tel:+48%20519%20614%20314\">\n\n\t\t\t\t\t\t\t\t\t\t\t<span class=\"elementor-icon-list-text\">Voulez-vous introduire le parfum \u00e0 lessive Boostique dans votre offre ? N\u2019h\u00e9sitez pas \u00e0 nous contacter !   <br><br>  Coop\u00e9ration en gros : +48 519-614-314<\/span>\n\t\t\t\t\t\t\t\t\t\t\t<\/a>\n\t\t\t\t\t\t\t\t\t<\/li>\n\t\t\t\t\t\t\t\t<li class=\"elementor-icon-list-item\">\n\t\t\t\t\t\t\t\t\t\t\t<a href=\"mailto:info@olfactive.pl\">\n\n\t\t\t\t\t\t\t\t\t\t\t<span class=\"elementor-icon-list-text\">info@olfactive.pl<\/span>\n\t\t\t\t\t\t\t\t\t\t\t<\/a>\n\t\t\t\t\t\t\t\t\t<\/li>\n\t\t\t\t\t\t\t\t<li class=\"elementor-icon-list-item\">\n\t\t\t\t\t\t\t\t\t\t<span class=\"elementor-icon-list-text\">Conseil olfactif<br> Wr\u00f3blewskiego 19A Mag.14, 93-578 \u0141\u00f3d\u017a, Pologne<br> NIP : 9820269125 <\/span>\n\t\t\t\t\t\t\t\t\t<\/li>\n\t\t\t\t\t\t<\/ul>\n\t\t\t\t\t\t<\/div>\n\t\t\t\t\t<\/div>\n\t\t<\/div>\n\t\t\t\t<div class=\"elementor-column elementor-col-50 elementor-top-column elementor-element elementor-element-0131131\" data-id=\"0131131\" data-element_type=\"column\" data-e-type=\"column\" data-settings=\"{&quot;background_background&quot;:&quot;classic&quot;}\">\n\t\t\t<div class=\"elementor-widget-wrap elementor-element-populated\">\n\t\t\t\t\t\t<div class=\"elementor-element elementor-element-d2c6755 elementor-widget elementor-widget-heading\" data-id=\"d2c6755\" data-element_type=\"widget\" data-e-type=\"widget\" data-widget_type=\"heading.default\">\n\t\t\t\t\t<h1 class=\"elementor-heading-title elementor-size-default\">\u00c9crivez-nous<\/h1>\t\t\t\t<\/div>\n\t\t\t\t<div class=\"elementor-element elementor-element-0d69efb elementor-button-align-start elementor-widget__width-initial elementor-widget elementor-widget-form\" data-id=\"0d69efb\" data-element_type=\"widget\" data-e-type=\"widget\" data-settings=\"{&quot;step_next_label&quot;:&quot;Suivant&quot;,&quot;step_previous_label&quot;:&quot;Pr\\u00e9c\\u00e9dent&quot;,&quot;button_width&quot;:&quot;100&quot;,&quot;step_type&quot;:&quot;number_text&quot;,&quot;step_icon_shape&quot;:&quot;circle&quot;}\" data-widget_type=\"form.default\">\n\t\t\t\t\t\t\t<form class=\"elementor-form\" method=\"post\" name=\"Contact\" aria-label=\"Contact\">\n\t\t\t<input type=\"hidden\" name=\"post_id\" value=\"2669\"\/>\n\t\t\t<input type=\"hidden\" name=\"form_id\" value=\"0d69efb\"\/>\n\t\t\t<input type=\"hidden\" name=\"referer_title\" value=\"\" \/>\n\n\t\t\t\n\t\t\t<div class=\"elementor-form-fields-wrapper elementor-labels-\">\n\t\t\t\t\t\t\t\t<div class=\"elementor-field-type-text elementor-field-group elementor-column elementor-field-group-name elementor-col-33 elementor-field-required\">\n\t\t\t\t\t\t\t\t\t\t\t\t<label for=\"form-field-name\" class=\"elementor-field-label elementor-screen-only\">\n\t\t\t\t\t\t\t\tNom et nom de famille\t\t\t\t\t\t\t<\/label>\n\t\t\t\t\t\t\t\t\t\t\t\t\t\t<input size=\"1\" type=\"text\" name=\"form_fields[name]\" id=\"form-field-name\" class=\"elementor-field elementor-size-sm  elementor-field-textual\" placeholder=\"Nom et nom de famille\" required=\"required\">\n\t\t\t\t\t\t\t\t\t\t\t<\/div>\n\t\t\t\t\t\t\t\t<div class=\"elementor-field-type-email elementor-field-group elementor-column elementor-field-group-email elementor-col-33 elementor-field-required\">\n\t\t\t\t\t\t\t\t\t\t\t\t<label for=\"form-field-email\" class=\"elementor-field-label elementor-screen-only\">\n\t\t\t\t\t\t\t\tVotre adresse e-mail\t\t\t\t\t\t\t<\/label>\n\t\t\t\t\t\t\t\t\t\t\t\t\t\t<input size=\"1\" type=\"email\" name=\"form_fields[email]\" id=\"form-field-email\" class=\"elementor-field elementor-size-sm  elementor-field-textual\" placeholder=\"Votre adresse e-mail\" required=\"required\">\n\t\t\t\t\t\t\t\t\t\t\t<\/div>\n\t\t\t\t\t\t\t\t<div class=\"elementor-field-type-tel elementor-field-group elementor-column elementor-field-group-field_258b11a elementor-col-33 elementor-field-required\">\n\t\t\t\t\t\t\t\t\t\t\t\t<label for=\"form-field-field_258b11a\" class=\"elementor-field-label elementor-screen-only\">\n\t\t\t\t\t\t\t\tVotre num\u00e9ro de t\u00e9l\u00e9phone\t\t\t\t\t\t\t<\/label>\n\t\t\t\t\t\t\t\t<input size=\"1\" type=\"tel\" name=\"form_fields[field_258b11a]\" id=\"form-field-field_258b11a\" class=\"elementor-field elementor-size-sm  elementor-field-textual\" placeholder=\"Votre num\u00e9ro de t\u00e9l\u00e9phone\" required=\"required\" pattern=\"[0-9()#&amp;+*-=.]+\" title=\"Seuls les caract\u00e8res de num\u00e9ros de t\u00e9l\u00e9phone (#, -, *, etc.) sont accept\u00e9s.\">\n\n\t\t\t\t\t\t<\/div>\n\t\t\t\t\t\t\t\t<div class=\"elementor-field-type-textarea elementor-field-group elementor-column elementor-field-group-message elementor-col-100 elementor-field-required\">\n\t\t\t\t\t\t\t\t\t\t\t\t<label for=\"form-field-message\" class=\"elementor-field-label elementor-screen-only\">\n\t\t\t\t\t\t\t\tMessage\t\t\t\t\t\t\t<\/label>\n\t\t\t\t\t\t<textarea class=\"elementor-field-textual elementor-field  elementor-size-sm\" name=\"form_fields[message]\" id=\"form-field-message\" rows=\"7\" placeholder=\"Message\" required=\"required\"><\/textarea>\t\t\t\t<\/div>\n\t\t\t\t\t\t\t\t<div class=\"elementor-field-type-acceptance elementor-field-group elementor-column elementor-field-group-field_643bde1 elementor-col-100\">\n\t\t\t\t\t\t\t<div class=\"elementor-field-subgroup\">\n\t\t\t<span class=\"elementor-field-option\">\n\t\t\t\t<input type=\"checkbox\" name=\"form_fields[field_643bde1]\" id=\"form-field-field_643bde1\" class=\"elementor-field elementor-size-sm  elementor-acceptance-field\">\n\t\t\t\t<label for=\"form-field-field_643bde1\">En utilisant ce formulaire, vous consentez au stockage et au traitement de vos donn\u00e9es par ce site web. \nPour plus d\u2019informations sur le traitement des donn\u00e9es personnelles, veuillez consulter <a href=\"https:\/\/boostique.pl\/polityka-prywatnosci\/\">la politique de confidentialit\u00e9<\/a>.<\/label>\t\t\t<\/span>\n\t\t<\/div>\n\t\t\t\t\t\t<\/div>\n\t\t\t\t\t\t\t\t<div class=\"elementor-field-type-recaptcha elementor-field-group elementor-column elementor-field-group-field_55fde87 elementor-col-100\">\n\t\t\t\t\t<div class=\"elementor-field\" id=\"form-field-field_55fde87\"><div class=\"elementor-g-recaptcha\" data-sitekey=\"6Lf0Do0rAAAAAMlFyKp5aH1enhEtU3DBhhmNZe48\" data-type=\"v2_checkbox\" data-theme=\"light\" data-size=\"normal\"><\/div><\/div>\t\t\t\t<\/div>\n\t\t\t\t\t\t\t\t<div class=\"elementor-field-group elementor-column elementor-field-type-submit elementor-col-100 e-form__buttons\">\n\t\t\t\t\t<button class=\"elementor-button elementor-size-lg\" type=\"submit\" id=\"btnn\">\n\t\t\t\t\t\t<span class=\"elementor-button-content-wrapper\">\n\t\t\t\t\t\t\t\t\t\t\t\t\t\t\t\t\t\t\t\t\t\t<span class=\"elementor-button-text\">Envoyer<\/span>\n\t\t\t\t\t\t\t\t\t\t\t\t\t<\/span>\n\t\t\t\t\t<\/button>\n\t\t\t\t<\/div>\n\t\t\t<\/div>\n\t\t<\/form>\n\t\t\t\t\t\t<\/div>\n\t\t\t\t\t<\/div>\n\t\t<\/div>\n\t\t\t\t\t<\/div>\n\t\t<\/section>\n\t\t\t\t<\/div>\n\t\t","protected":false},"excerpt":{"rendered":"<p>Voulez-vous introduire le parfum \u00e0 lessive Boostique dans votre offre ? N\u2019h\u00e9sitez pas \u00e0 nous contacter ! Coop\u00e9ration en gros : +48 519-614-314 info@olfactive.pl Conseil olfactif Wr\u00f3blewskiego 19A Mag.14, 93-578 \u0141\u00f3d\u017a, Pologne NIP : 9820269125 \u00c9crivez-nous<\/p>\n","protected":false},"author":1,"featured_media":0,"parent":0,"menu_order":0,"comment_status":"closed","ping_status":"closed","template":"elementor_header_footer","meta":{"footnotes":""},"class_list":["post-2669","page","type-page","status-publish","hentry"],"_links":{"self":[{"href":"https:\/\/boostique.pl\/fr\/wp-json\/wp\/v2\/pages\/2669","targetHints":{"allow":["GET"]}}],"collection":[{"href":"https:\/\/boostique.pl\/fr\/wp-json\/wp\/v2\/pages"}],"about":[{"href":"https:\/\/boostique.pl\/fr\/wp-json\/wp\/v2\/types\/page"}],"author":[{"embeddable":true,"href":"https:\/\/boostique.pl\/fr\/wp-json\/wp\/v2\/users\/1"}],"replies":[{"embeddable":true,"href":"https:\/\/boostique.pl\/fr\/wp-json\/wp\/v2\/comments?post=2669"}],"version-history":[{"count":2,"href":"https:\/\/boostique.pl\/fr\/wp-json\/wp\/v2\/pages\/2669\/revisions"}],"predecessor-version":[{"id":2675,"href":"https:\/\/boostique.pl\/fr\/wp-json\/wp\/v2\/pages\/2669\/revisions\/2675"}],"wp:attachment":[{"href":"https:\/\/boostique.pl\/fr\/wp-json\/wp\/v2\/media?parent=2669"}],"curies":[{"name":"wp","href":"https:\/\/api.w.org\/{rel}","templated":true}]}}