{"id":2841,"date":"2026-01-01T16:16:39","date_gmt":"2026-01-01T15:16:39","guid":{"rendered":"https:\/\/boostique.pl\/shop\/unkategorisiert\/raeucherstaebchen-aromadiffusor-velvet-incense-nischenformel\/"},"modified":"2026-04-21T16:46:08","modified_gmt":"2026-04-21T14:46:08","slug":"raeucherstaebchen-aromadiffusor-velvet-incense-nischenformel","status":"publish","type":"product","link":"https:\/\/boostique.pl\/de\/shop\/raucherstabchen\/raeucherstaebchen-aromadiffusor-velvet-incense-nischenformel\/","title":{"rendered":"R\u00e4ucherst\u00e4bchen | Aromadiffusor | Velvet Incense \u2013 Nischenformel"},"content":{"rendered":"<h1 data-start=\"223\" data-end=\"298\" data-rm-block-id=\"block-1\"><strong data-start=\"223\" data-end=\"253\">Boostique \u2013 Samtiges Weihrauch<\/strong><\/h1>\n<h3 data-start=\"223\" data-end=\"298\" data-rm-block-id=\"block-2\"><strong data-start=\"256\" data-end=\"298\">Duftst\u00e4bchen \u2013 eine Nischenformel<\/strong><\/h3>\n<p data-start=\"300\" data-end=\"754\" data-rm-block-id=\"block-3\"><strong>Velvet Incense<\/strong> sind Duftst\u00e4bchen von <a href=\"https:\/\/boostique.pl\/perfumy-do-prania-sklep\/\">Boostique<\/a>, die f\u00fcr Innenr\u00e4ume entwickelt wurden, die einen unverwechselbaren Charakter haben und keine Angst vor Tiefe haben. Es ist ein Duft f\u00fcr alle, die mehr als eine klassische Innenausstattung suchen \u2013 ein Aroma, das Atmosph\u00e4re schafft, Aufmerksamkeit erregt und im Ged\u00e4chtnis bleibt. Velvet Incense zeichnet sich durch seine Intensit\u00e4t, Samtigkeit und au\u00dfergew\u00f6hnliche Eleganz aus, die dem Raum eine luxuri\u00f6se, fast intime Dimension verleiht.  <\/p>\n<p data-start=\"756\" data-end=\"1185\" data-rm-block-id=\"block-4\">Schon in den allerersten Momenten der Pr\u00e4senz des Diffusors im Raum erf\u00fcllt der Duft das Innere mit einer dichten, umh\u00fcllenden Aura. Velvet Incense ist kein neutraler Duft \u2013 es ist eine Komposition, die bewusst seine Pr\u00e4senz markiert und eine Atmosph\u00e4re des Geheimnisses und der Raffinesse schafft. Das Aroma entwickelt sich langsam, erzeugt einen Eindruck von Tiefe und Frieden, passt perfekt in abendliche Rituale, Momente der Entspannung und R\u00e4ume f\u00fcr Ruhe und Reflexion.  <\/p>\n<p data-start=\"1187\" data-end=\"1691\" data-rm-block-id=\"block-5\"><strong>Aromadiffusor mit Sticks<\/strong> Velvet Incense wurde f\u00fcr Innenr\u00e4ume mit ausdrucksstarker \u00c4sthetik entworfen \u2013 moderne Lofts, elegante Wohnzimmer, B\u00fcros oder Entspannungszonen. Die minimalistische Form der Flasche, die f\u00fcr die Marke Boostique charakteristisch ist, steht in perfektem Kontrast zum intensiven Charakter des Duftes und schafft ein stimmiges Ganzes, das auf dem Prinzip der subtilen Form und tiefen Inhalts basiert. Es handelt sich um ein Produkt, das sowohl einen Duft als auch eine dekorative Funktion hat und den individuellen Stil des Raumes betont.  <\/p>\n<p data-start=\"1693\" data-end=\"2052\" data-rm-block-id=\"block-6\">Velvet Incense zeichnet sich durch sein perfektes Gleichgewicht zwischen Intensit\u00e4t und Eleganz aus. Der Duft wird allm\u00e4hlich und gleichm\u00e4\u00dfig freigesetzt, sodass er das Innere nicht \u00fcberfordert, sondern es best\u00e4ndig f\u00fcllt. Es handelt sich um einen Duftdiffusor mit Sticks, der ein integraler Bestandteil des Alltagskomforts wird, besonders in R\u00e4umen, in denen Stimmung und Atmosph\u00e4re wichtig sind.  <\/p>\n<p data-start=\"2054\" data-end=\"2453\" data-rm-block-id=\"block-7\">Die Verwendung hochwertiger Sticks sorgt f\u00fcr eine langanhaltende und stabile Duftfreisetzung \u00fcber viele Wochen. Die Intensit\u00e4t des Aromas kann leicht durch die Anzahl der verwendeten St\u00e4bchen angepasst werden, wodurch die Wirkung des Diffusors an die Gr\u00f6\u00dfe des Raumes und die pers\u00f6nlichen Vorlieben angepasst wird. Velvet Incense ist perfekt f\u00fcr Wohnzimmer, Schlafzimmer, B\u00fcros sowie Hotel- und Wohnungsr\u00e4ume.  <\/p>\n<p data-start=\"2455\" data-end=\"2774\" data-rm-block-id=\"block-8\">Velvet Incense ist ebenfalls eine einzigartige Geschenkidee \u2013 speziell, anspruchsvoll und nicht offensichtlich. Dies ist ein Vorschlag f\u00fcr Menschen, die Luxus, Charakter und D\u00fcfte mit einer Seele sch\u00e4tzen. Wenn Sie sich f\u00fcr Boostique Velvet Incense entscheiden, greifen Sie zu einem Duftdiffusor mit Sticks, der nicht nur das Innere aromatisiert, sondern ihm auch Tiefe und Identit\u00e4t verleiht.  <\/p>\n<p data-start=\"2776\" data-end=\"2875\" data-rm-block-id=\"block-9\"><strong>Velvet Incense<\/strong> ist ein Duft, der den Raum wie weiches Samt umh\u00fcllt \u2013 dicht, elegant und magnetisch.<\/p>\n<hr data-start=\"722\" data-end=\"725\" data-rm-block-id=\"block-10\">\n<h2 data-start=\"727\" data-end=\"767\" data-rm-block-id=\"block-11\"><strong data-start=\"730\" data-end=\"767\">Duftprofil \u2013 Velvet Incense<\/strong><\/h2>\n<h3 data-start=\"769\" data-end=\"825\" data-rm-block-id=\"block-12\"><strong data-start=\"773\" data-end=\"825\">Topnoten \u2013 reich an Frucht- und Honigs\u00fc\u00dfe<\/strong><\/h3>\n<p data-start=\"826\" data-end=\"1127\" data-rm-block-id=\"block-13\"><strong data-start=\"826\" data-end=\"879\">Bitterorange, schwarze Johannisbeere, Himbeere, Honig<\/strong><br data-start=\"879\" data-end=\"882\">Ein intensiver, fruchtiger Akkord beginnt: saftige schwarze Johannisbeere und Himbeere verbinden sich mit einer charakteristischen bitteren Orange. Das Ganze ist von einer zarten, goldenen Honigs\u00fc\u00dfe umh\u00fcllt, die der Komposition von Anfang an einen samtigen, tiefen Charakter verleiht. <\/p>\n<h3 data-start=\"1129\" data-end=\"1188\" data-rm-block-id=\"block-14\"><strong data-start=\"1133\" data-end=\"1188\">Herznoten \u2013 florale Tiefe und orientalische Eleganz<\/strong><\/h3>\n<p data-start=\"1189\" data-end=\"1497\" data-rm-block-id=\"block-15\"><strong data-start=\"1189\" data-end=\"1230\">Rose Taif, Geranium, Kananga, Patchouli<\/strong><br data-start=\"1230\" data-end=\"1233\">Im Herzen bl\u00fcht die luxuri\u00f6se Taif-Rose, bekannt f\u00fcr ihr reiches, edles Aroma. Geranium verleiht Frische, Kananga bringt exotische S\u00fc\u00dfe, und Patchouli verleiht dem Duft einen tiefen, leicht erdigen Hintergrund. Es ist ein Herz voller orientalischer Eleganz und Sinnlichkeit.  <\/p>\n<h3 data-start=\"1499\" data-end=\"1556\" data-rm-block-id=\"block-16\"><strong data-start=\"1503\" data-end=\"1556\">Grundt\u00f6ne \u2013 Weihrauchnebel und holzige Harmonie<\/strong><\/h3>\n<p data-start=\"1557\" data-end=\"1827\" data-rm-block-id=\"block-17\"><strong data-start=\"1557\" data-end=\"1603\">Vanille, Vetiver, R\u00e4ucherwerk, Ambergris, Moschus<\/strong><br data-start=\"1603\" data-end=\"1606\">Die Basis ist eine wahre Parf\u00fcmkunst: Weihrauch verleiht dem Ganzen einen mystischen Charakter, Bernstein verleiht goldene W\u00e4rme, Moschus verleiht Reinheit, und Vetiver sowie Vanille umh\u00fcllen das Ganze mit einer samtigen, tiefen und \u00e4u\u00dferst haltbaren Aura.<\/p>\n<hr data-start=\"1829\" data-end=\"1832\" data-rm-block-id=\"block-18\">\n<h2 data-start=\"1834\" data-end=\"1875\" data-rm-block-id=\"block-19\"><strong data-start=\"1837\" data-end=\"1875\">Warum solltest du Velvet Incense lieben?<\/strong><\/h2>\n<ul data-start=\"1876\" data-end=\"2142\">\n<li data-start=\"1876\" data-end=\"1945\">\n<p data-start=\"1878\" data-end=\"1945\" data-rm-block-id=\"block-20\">ist ein Nischenduft mit einer extrem reichen, mehrschichtigen Struktur<\/p>\n<\/li>\n<li data-start=\"1946\" data-end=\"2015\">\n<p data-start=\"1948\" data-end=\"2015\" data-rm-block-id=\"block-21\">verleiht dem Inneren eine Atmosph\u00e4re von Luxus, Geheimnis und Raffinesse<\/p>\n<\/li>\n<li data-start=\"2016\" data-end=\"2065\">\n<p data-start=\"2018\" data-end=\"2065\" data-rm-block-id=\"block-22\">ist intensiv, elegant und extrem widerstandsf\u00e4hig<\/p>\n<\/li>\n<li data-start=\"2066\" data-end=\"2142\">\n<p data-start=\"2068\" data-end=\"2142\" data-rm-block-id=\"block-23\">Ideal f\u00fcr Menschen, die orientale, dunkle und sinnliche Kompositionen sch\u00e4tzen<\/p>\n<\/li>\n<\/ul>\n<hr data-start=\"2144\" data-end=\"2147\" data-rm-block-id=\"block-24\">\n<h2 data-start=\"2149\" data-end=\"2169\" data-rm-block-id=\"block-25\"><strong data-start=\"2152\" data-end=\"2169\">Ausgezeichnet f\u00fcr:<\/strong><\/h2>\n<p data-start=\"2170\" data-end=\"2311\" data-rm-block-id=\"block-26\">Wohnzimmer, Arbeitszimmer, Schlafzimmer, Entspannungsraum und jeder Ort, an dem Sie eine Atmosph\u00e4re von Tiefe, Eleganz und luxuri\u00f6ser Ruhe schaffen m\u00f6chten.<\/p>\n<p data-start=\"584\" data-end=\"900\" data-rm-block-id=\"block-27\"><strong>Kapazit\u00e4t: 250 ml<\/strong><\/p>\n<hr data-start=\"902\" data-end=\"905\" data-rm-block-id=\"block-28\">\n<h3 data-start=\"943\" data-end=\"986\" data-rm-block-id=\"block-29\"><\/h3>\n<h3 data-start=\"943\" data-end=\"986\" data-rm-block-id=\"block-30\"><strong data-start=\"947\" data-end=\"984\">Inhalt (Duftzusammensetzung):<\/strong><\/h3>\n<p data-rm-block-id=\"block-31\">Patchouli, u.a., Ionon, Methyl, Citronellol, [3R-(3\u03b1,3a\u03b2,7\u03b2,8a\u03b1)]-1-(2,3,4,7,8,8a-hexahydro-3,6,8,8-tetramethyl-1H-3a,7-methanoazulen-5-yl)ethan-1-one, \u00e4therisches \u00d6l von Cananga odorata u.a. gewonnen aus den Bl\u00fcten von Cananga odorata macrophylla durch Dampfdestillation, Geraniol, (R)-p-menta-1,8-dien, Alpha-Pinen (vgl. Terpene), 3-Phenylprop-2-enal<\/p>\n<hr data-start=\"1415\" data-end=\"1418\" data-rm-block-id=\"block-32\">\n<h3 data-start=\"1420\" data-end=\"1455\" data-rm-block-id=\"block-33\"><\/h3>\n<h3 data-start=\"1420\" data-end=\"1455\" data-rm-block-id=\"block-34\"><strong data-start=\"1424\" data-end=\"1455\">Anmerkungen und Vorsichtsma\u00dfnahmen:<\/strong><\/h3>\n<p data-rm-block-id=\"block-35\">Entflammbare Fl\u00fcssigkeit und D\u00e4mpfe. Kann eine allergische Hautreaktion verursachen. Es ist \u00e4rgerlich f\u00fcr die Augen. Sie ist f\u00fcr Wasserorganismen giftig und verursacht langanhaltende Folgen. Wenn Sie medizinischen Rat ben\u00f6tigen, zeigen Sie den Beh\u00e4lter oder das Etikett. Haltet euch au\u00dferhalb der Reichweite von Kindern. Waschen Sie nach der Anwendung die H\u00e4nde und die betroffenen K\u00f6rperteile gr\u00fcndlich. Trage Augenschutz und Schutzhandschuhe. Sammle den Fleck auf. Entsorgen Sie den Inhalt\/Beh\u00e4lter an einem autorisierten Abfallentsorgungspunkt oder geben Sie ihn an den Lieferanten zur\u00fcck.         <\/p>\n<p data-rm-block-id=\"block-36\"><img decoding=\"async\" class=\"alignnone wp-image-203\" src=\"https:\/\/boostique.pl\/wp-content\/uploads\/2025\/07\/uwaga.png\" alt=\"\" width=\"55\" height=\"56\" title=\"\" srcset=\"https:\/\/boostique.pl\/wp-content\/uploads\/2025\/07\/uwaga.png 95w, https:\/\/boostique.pl\/wp-content\/uploads\/2025\/07\/uwaga-50x50.png 50w\" sizes=\"(max-width: 55px) 100vw, 55px\" \/>   <img decoding=\"async\" class=\"alignnone wp-image-1774\" src=\"https:\/\/boostique.pl\/wp-content\/uploads\/2025\/12\/3588-300x300.png\" alt=\"\" width=\"59\" height=\"59\" title=\"\" srcset=\"https:\/\/boostique.pl\/wp-content\/uploads\/2025\/12\/3588-300x300.png 300w, https:\/\/boostique.pl\/wp-content\/uploads\/2025\/12\/3588-100x100.png 100w, https:\/\/boostique.pl\/wp-content\/uploads\/2025\/12\/3588-150x150.png 150w, https:\/\/boostique.pl\/wp-content\/uploads\/2025\/12\/3588.png 400w\" sizes=\"(max-width: 59px) 100vw, 59px\" \/><\/p>\n<hr data-start=\"1875\" data-end=\"1878\" data-rm-block-id=\"block-37\">\n<h3 data-start=\"1880\" data-end=\"1898\" data-rm-block-id=\"block-38\"><\/h3>\n<h3 data-start=\"1880\" data-end=\"1898\" data-rm-block-id=\"block-39\"><strong data-start=\"1884\" data-end=\"1898\">Hersteller:<\/strong><\/h3>\n<p data-start=\"1900\" data-end=\"2141\" data-rm-block-id=\"block-40\"><strong data-start=\"1900\" data-end=\"1918\">HERGESTELLT IN POLEN<\/strong><br data-start=\"1918\" data-end=\"1921\"><strong data-start=\"1921\" data-end=\"1950\">Hersteller:<\/strong><br data-start=\"1950\" data-end=\"1953\"><strong data-start=\"1953\" data-end=\"1994\">Olfaktorische Beratung \u0141ukasz Czaplicki<\/strong><br data-start=\"1994\" data-end=\"1997\">Wroc\u0142awska 7A, 95-082 Dobro\u0144, Polen<br data-start=\"2037\" data-end=\"2040\">Telefon: +48 519 614 314<br data-start=\"2064\" data-end=\"2067\">UFI: G940-80GF-C002-WM20<br \/>\nwww.boostique.eu <\/p>\n","protected":false},"excerpt":{"rendered":"<p data-start=\"404\" data-end=\"588\">Samtweihr\u00e4ucherwerk: Bittere Orange, schwarze Johannisbeere und Himbeere f\u00fchren zu Taif-Rose und Patchouli, mit einer Basis aus Vanille, Vetiver, Weihrauch, Bernstein und Moschus.<\/p>\n<p data-start=\"559\" data-end=\"583\"><strong>Kapazit\u00e4t: 250 ml<\/strong><\/p>\n","protected":false},"featured_media":1787,"comment_status":"open","ping_status":"closed","template":"","meta":[],"product_brand":[],"product_cat":[183],"product_tag":[184,115,186,185],"class_list":{"0":"post-2841","1":"product","2":"type-product","3":"status-publish","4":"has-post-thumbnail","6":"product_cat-raucherstabchen","7":"product_tag-aromadiffusor-mit-sticks","8":"product_tag-boostique","9":"product_tag-duftstabchen","10":"product_tag-rohrblattdiffusor","12":"first","13":"instock","14":"taxable","15":"shipping-taxable","16":"purchasable","17":"product-type-simple"},"_links":{"self":[{"href":"https:\/\/boostique.pl\/de\/wp-json\/wp\/v2\/product\/2841","targetHints":{"allow":["GET"]}}],"collection":[{"href":"https:\/\/boostique.pl\/de\/wp-json\/wp\/v2\/product"}],"about":[{"href":"https:\/\/boostique.pl\/de\/wp-json\/wp\/v2\/types\/product"}],"replies":[{"embeddable":true,"href":"https:\/\/boostique.pl\/de\/wp-json\/wp\/v2\/comments?post=2841"}],"wp:featuredmedia":[{"embeddable":true,"href":"https:\/\/boostique.pl\/de\/wp-json\/wp\/v2\/media\/1787"}],"wp:attachment":[{"href":"https:\/\/boostique.pl\/de\/wp-json\/wp\/v2\/media?parent=2841"}],"wp:term":[{"taxonomy":"product_brand","embeddable":true,"href":"https:\/\/boostique.pl\/de\/wp-json\/wp\/v2\/product_brand?post=2841"},{"taxonomy":"product_cat","embeddable":true,"href":"https:\/\/boostique.pl\/de\/wp-json\/wp\/v2\/product_cat?post=2841"},{"taxonomy":"product_tag","embeddable":true,"href":"https:\/\/boostique.pl\/de\/wp-json\/wp\/v2\/product_tag?post=2841"}],"curies":[{"name":"wp","href":"https:\/\/api.w.org\/{rel}","templated":true}]}}