{"id":2799,"date":"2026-01-01T09:40:21","date_gmt":"2026-01-01T08:40:21","guid":{"rendered":"https:\/\/boostique.pl\/shop\/unkategorisiert\/raeucherstaebchen-aromadiffusor-golden-harmony-mega-effizient\/"},"modified":"2026-02-26T14:23:55","modified_gmt":"2026-02-26T13:23:55","slug":"raeucherstaebchen-aromadiffusor-golden-harmony-mega-effizient","status":"publish","type":"product","link":"https:\/\/boostique.pl\/de\/shop\/raucherstabchen\/raeucherstaebchen-aromadiffusor-golden-harmony-mega-effizient\/","title":{"rendered":"R\u00e4ucherst\u00e4bchen | Aromadiffusor | Golden Harmony \u2013 Mega effizient!"},"content":{"rendered":"<h1 data-start=\"253\" data-end=\"330\" data-rm-block-id=\"block-1\"><strong data-start=\"253\" data-end=\"283\">Boostique \u2013 Goldene Harmonie<\/strong><\/h1>\n<h3 data-start=\"253\" data-end=\"330\" data-rm-block-id=\"block-2\"><strong data-start=\"286\" data-end=\"330\">Luxus-R\u00e4ucherst\u00e4bchen<\/strong><\/h3>\n<p data-start=\"332\" data-end=\"717\" data-rm-block-id=\"block-3\"><strong>Golden Harmony<\/strong> ist <a href=\"https:\/\/boostique.pl\/perfumy-do-prania-sklep\/\">ein Duftstab von Boostique<\/a>, der f\u00fcr Innenr\u00e4ume entwickelt wurde, in denen Harmonie, Eleganz und Frieden bewusst gew\u00e4hlt werden. Es handelt sich um einen Duft, der die Atmosph\u00e4re des Raumes subtil aufbaut und ihm einen anspruchsvollen Charakter ohne \u00fcberm\u00e4\u00dfige Intensit\u00e4t verleiht. Golden Harmony ist die Antwort auf das Bed\u00fcrfnis nach Gleichgewicht \u2013 olfaktorisch, \u00e4sthetisch und emotional.  <\/p>\n<p data-start=\"719\" data-end=\"1147\" data-rm-block-id=\"block-4\">Schon in den allerersten Momenten des Diffusors im Raum umh\u00fcllt der Duft sanft den Raum und erzeugt den Eindruck eines eleganten, luxuri\u00f6sen Zuhauses, in dem jedes Detail z\u00e4hlt. Golden Harmony dr\u00e4ngt sich mit seinem Aroma nicht auf, sondern begleitet best\u00e4ndig allt\u00e4gliche Momente und erf\u00fcllt das Innere mit Frieden und Eleganz. Es ist ein Duft, der Entspannung, Treffen und allt\u00e4glichen Komfort f\u00f6rdert und zu einem nat\u00fcrlichen Hintergrund f\u00fcr das h\u00e4usliche Leben wird.  <\/p>\n<p data-start=\"1149\" data-end=\"1622\" data-rm-block-id=\"block-5\"><strong>Der Golden Harmony Fragrance Diffuser mit Sticks<\/strong> wurde f\u00fcr moderne, helle und elegante Arrangements entwickelt. Die minimalistische Form der Flasche, charakteristisch f\u00fcr die Boostique-\u00c4sthetik, l\u00e4sst das Produkt perfekt sowohl in moderne, klassische, weiche Luxusinterieurs als auch in zeitgen\u00f6ssischere, minimalistische R\u00e4ume passen. Der Diffusor hat nicht nur eine duftende Funktion, sondern auch eine dekorative \u2013 subtil, unauff\u00e4llig und zeitlos.  <\/p>\n<p data-start=\"1624\" data-end=\"2065\" data-rm-block-id=\"block-6\">Golden Harmony zeichnet sich durch sein hervorragendes Gleichgewicht zwischen Intensit\u00e4t und Subtilit\u00e4t aus. Die Komposition wurde so entwickelt, dass sie sich allm\u00e4hlich und gleichm\u00e4\u00dfig entwickelt, sodass ein st\u00e4ndiges Aroma ohne \u00fcberw\u00e4ltigende Wirkung gew\u00e4hrleistet ist. Dadurch wird der Aromadiffusor mit Sticks zu einem Element des Alltagskomforts und nicht nur zu einem gelegentlichen Accessoire. Der Duft f\u00fcgt sich nahtlos in den Rhythmus des Tages ein und schafft eine Atmosph\u00e4re von Frieden und Ordnung.   <\/p>\n<p data-start=\"2067\" data-end=\"2524\" data-rm-block-id=\"block-7\">Die Verwendung hochwertiger Sticks erm\u00f6glicht eine effektive und langanhaltende Duftfreisetzung \u00fcber viele Wochen. Die Intensit\u00e4t des Aromas l\u00e4sst sich leicht durch die Anzahl der verwendeten St\u00e4bchen anpassen, sodass man den Betrieb des Diffusors an die Gr\u00f6\u00dfe des Raumes und die individuellen Vorlieben anpassen kann. Golden Harmony ist perfekt f\u00fcr Wohnzimmer, Schlafzimmer, Arbeitszimmer, Badezimmer sowie f\u00fcr repr\u00e4sentative Bereiche wie B\u00fcros oder Wohnungen.  <\/p>\n<p data-start=\"2526\" data-end=\"2893\" data-rm-block-id=\"block-8\">Der Golden Harmony Duftdiffusor mit Sticks ist ebenfalls eine ausgezeichnete Wahl als Geschenk. Sein universeller, eleganter Charakter macht ihn zu einem sicheren und zugleich luxuri\u00f6sen Angebot f\u00fcr verschiedene Anl\u00e4sse \u2013 von Geschenken f\u00fcr ein neues Zuhause \u00fcber Feiertage bis hin zu Gesch\u00e4ftsgeschenken. Es ist ein Produkt, das nicht nur wundersch\u00f6n aussieht, sondern auch einen bleibenden, positiven Eindruck hinterl\u00e4sst.  <\/p>\n<p data-start=\"2895\" data-end=\"3237\" data-rm-block-id=\"block-9\">Wenn Sie sich f\u00fcr Boostique Golden Harmony entscheiden, greifen Sie zu einem Duftdiffusor mit Sticks, der \u00c4sthetik, Qualit\u00e4t und ein hochwertiges Dufterlebnis vereint. Es ist ein Duft, der nicht nur das Innere aromatisiert, sondern auch seinen Charakter definiert. Golden Harmony ist mehr als nur ein Duft \u2013 es ist ein Lebensstil, der in einer eleganten, minimalistischen Form umgeben ist.  <\/p>\n<hr data-start=\"680\" data-end=\"683\" data-rm-block-id=\"block-10\">\n<h2 data-start=\"685\" data-end=\"725\" data-rm-block-id=\"block-11\"><strong data-start=\"688\" data-end=\"725\">Duftprofil \u2013 Golden Harmony Duftdiffusor mit Sticks<\/strong><\/h2>\n<h3 data-start=\"727\" data-end=\"766\" data-rm-block-id=\"block-12\"><strong data-start=\"731\" data-end=\"766\">Spitzennoten \u2013 strahlende Frische<\/strong><\/h3>\n<p data-start=\"767\" data-end=\"992\" data-rm-block-id=\"block-13\"><strong data-start=\"767\" data-end=\"806\">Zitrone, Orange, pudrige Akkorde<\/strong><br data-start=\"806\" data-end=\"809\">Die Komposition beginnt mit einer leuchtenden Mischung aus Zitrone und Orange, die durch eine zarte Pudderigkeit betont wird. Es ist ein heller, energiegeladener Start, der dem Innenraum eine frische Note von Harmonie verleiht. <\/p>\n<h3 data-start=\"994\" data-end=\"1045\" data-rm-block-id=\"block-14\"><strong data-start=\"998\" data-end=\"1045\">Herznoten \u2013 florale Tiefe und goldene W\u00e4rme<\/strong><\/h3>\n<p data-start=\"1046\" data-end=\"1293\" data-rm-block-id=\"block-15\"><strong data-start=\"1046\" data-end=\"1088\">T\u00fcrkische Rose, Maigl\u00f6ckchen, Zimt, Ambrag<\/strong><br data-start=\"1088\" data-end=\"1091\">Im Herzen von Golden Harmony bl\u00fchen eine samtige Rose und frische Maigl\u00f6ckchen, die mit einer Prise Zimt kombiniert werden. Ambergris verleiht der Komposition eine angenehme, leicht harzartige W\u00e4rme \u2013 und schafft einen eleganten, umh\u00fcllenden Akkord. <\/p>\n<h3 data-start=\"1295\" data-end=\"1357\" data-rm-block-id=\"block-16\"><strong data-start=\"1299\" data-end=\"1357\">Grundnoten \u2013 Weichheit, Holz und Balsamico-Finish<\/strong><\/h3>\n<p data-start=\"1358\" data-end=\"1627\" data-rm-block-id=\"block-17\"><strong data-start=\"1358\" data-end=\"1413\">Vanille, Tonka, Zeder, Guaiac-Holz, Eichenmoos<\/strong><br data-start=\"1413\" data-end=\"1416\">Die Basis des Duftes ist reichhaltig, cremig und langanhaltend. Vanille und Tonkabohnen verleihen ihr S\u00fc\u00dfe und Weichheit, Zeder und Guaiac bringen edle Holznoten ein, und Eichenmoos rundet das Ganze mit einer eleganten, leicht moosigen Tiefe ab. <\/p>\n<hr data-start=\"1629\" data-end=\"1632\" data-rm-block-id=\"block-18\">\n<h2 data-start=\"1634\" data-end=\"1675\" data-rm-block-id=\"block-19\"><strong data-start=\"1637\" data-end=\"1675\">Warum solltest du Golden Harmony lieben?<\/strong><\/h2>\n<ul data-start=\"1676\" data-end=\"1910\">\n<li data-start=\"1676\" data-end=\"1729\">\n<p data-start=\"1678\" data-end=\"1729\" data-rm-block-id=\"block-20\">schafft eine Atmosph\u00e4re von W\u00e4rme, Eleganz und Gem\u00fctlichkeit<\/p>\n<\/li>\n<li data-start=\"1730\" data-end=\"1789\">\n<p data-start=\"1732\" data-end=\"1789\" data-rm-block-id=\"block-21\">verbindet Zitrusfrische mit einer tiefen, blumigen und holzigen Basis<\/p>\n<\/li>\n<li data-start=\"1790\" data-end=\"1841\">\n<p data-start=\"1792\" data-end=\"1841\" data-rm-block-id=\"block-22\">ist intensiv, langlebig und perfekt ausbalanciert<\/p>\n<\/li>\n<li data-start=\"1842\" data-end=\"1910\">\n<p data-start=\"1844\" data-end=\"1910\" data-rm-block-id=\"block-23\">passt perfekt zu Boostiques minimalistischem, luxuri\u00f6sem Stil<\/p>\n<\/li>\n<\/ul>\n<hr data-start=\"1912\" data-end=\"1915\" data-rm-block-id=\"block-24\">\n<h2 data-start=\"1917\" data-end=\"1937\" data-rm-block-id=\"block-25\"><strong data-start=\"1920\" data-end=\"1937\">Ausgezeichnet f\u00fcr:<\/strong><\/h2>\n<p data-start=\"1938\" data-end=\"2077\" data-rm-block-id=\"block-26\">Das Wohnzimmer, das Schlafzimmer, das Arbeitszimmer, der Flur und alle gew\u00fcnschten R\u00e4ume verleihen einen eleganten, goldenen Charakter und ein Gef\u00fchl angenehmer W\u00e4rme.<\/p>\n<p data-start=\"584\" data-end=\"900\" data-rm-block-id=\"block-27\"><strong>Kapazit\u00e4t: 250 ml<\/strong><\/p>\n<hr data-start=\"902\" data-end=\"905\" data-rm-block-id=\"block-28\">\n<h3 data-start=\"943\" data-end=\"986\" data-rm-block-id=\"block-29\"><\/h3>\n<h3 data-start=\"943\" data-end=\"986\" data-rm-block-id=\"block-30\"><strong data-start=\"947\" data-end=\"984\">Inhalt (Duftzusammensetzung):<\/strong><\/h3>\n<p data-rm-block-id=\"block-31\">4-tert-Butylcyclohexylacetat, 3,7-Dimethyl-1,6-Octadien-3-ol, Coumarin, (+)- Limonen, Citronellol, Nopylacetat, Linallylacetat, Zimtalkohol, Benzyllalkohol<\/p>\n<hr data-start=\"1415\" data-end=\"1418\" data-rm-block-id=\"block-32\">\n<h3 data-start=\"1420\" data-end=\"1455\" data-rm-block-id=\"block-33\"><\/h3>\n<h3 data-start=\"1420\" data-end=\"1455\" data-rm-block-id=\"block-34\"><strong data-start=\"1424\" data-end=\"1455\">Anmerkungen und Vorsichtsma\u00dfnahmen:<\/strong><\/h3>\n<p data-rm-block-id=\"block-35\">Entflammbare Fl\u00fcssigkeit und D\u00e4mpfe. Kann eine allergische Hautreaktion verursachen. Es ist \u00e4rgerlich f\u00fcr die Augen. Sie ist f\u00fcr Wasserorganismen giftig und verursacht langanhaltende Folgen. Wenn Sie medizinischen Rat ben\u00f6tigen, zeigen Sie den Beh\u00e4lter oder das Etikett. Haltet euch au\u00dferhalb der Reichweite von Kindern. Waschen Sie nach der Anwendung die H\u00e4nde und die betroffenen K\u00f6rperteile gr\u00fcndlich. Trage Augenschutz und Schutzhandschuhe. Sammle den Fleck auf. Entsorgen Sie den Inhalt\/Beh\u00e4lter an einem autorisierten Abfallentsorgungspunkt oder geben Sie ihn an den Lieferanten zur\u00fcck.         <\/p>\n<p data-rm-block-id=\"block-37\"><img decoding=\"async\" class=\"alignnone wp-image-203\" src=\"https:\/\/boostique.pl\/wp-content\/uploads\/2025\/07\/uwaga.png\" alt=\"\" width=\"55\" height=\"56\" title=\"\" srcset=\"https:\/\/boostique.pl\/wp-content\/uploads\/2025\/07\/uwaga.png 95w, https:\/\/boostique.pl\/wp-content\/uploads\/2025\/07\/uwaga-50x50.png 50w\" sizes=\"(max-width: 55px) 100vw, 55px\" \/>   <img decoding=\"async\" class=\"alignnone wp-image-1774\" src=\"https:\/\/boostique.pl\/wp-content\/uploads\/2025\/12\/3588-300x300.png\" alt=\"\" width=\"59\" height=\"59\" title=\"\" srcset=\"https:\/\/boostique.pl\/wp-content\/uploads\/2025\/12\/3588-300x300.png 300w, https:\/\/boostique.pl\/wp-content\/uploads\/2025\/12\/3588-100x100.png 100w, https:\/\/boostique.pl\/wp-content\/uploads\/2025\/12\/3588-150x150.png 150w, https:\/\/boostique.pl\/wp-content\/uploads\/2025\/12\/3588.png 400w\" sizes=\"(max-width: 59px) 100vw, 59px\" \/><\/p>\n<hr data-start=\"1875\" data-end=\"1878\" data-rm-block-id=\"block-38\">\n<h3 data-start=\"1880\" data-end=\"1898\" data-rm-block-id=\"block-39\"><\/h3>\n<h3 data-start=\"1880\" data-end=\"1898\" data-rm-block-id=\"block-40\"><strong data-start=\"1884\" data-end=\"1898\">Hersteller:<\/strong><\/h3>\n<p data-start=\"1900\" data-end=\"2141\" data-rm-block-id=\"block-41\"><strong data-start=\"1900\" data-end=\"1918\">HERGESTELLT IN POLEN<\/strong><br data-start=\"1918\" data-end=\"1921\"><strong data-start=\"1921\" data-end=\"1950\">Hersteller:<\/strong><br data-start=\"1950\" data-end=\"1953\"><strong data-start=\"1953\" data-end=\"1994\">Olfaktorische Beratung \u0141ukasz Czaplicki<\/strong><br data-start=\"1994\" data-end=\"1997\">Wroc\u0142awska 7A, 95-082 Dobro\u0144, Polen<br data-start=\"2037\" data-end=\"2040\">Telefon: +48 519 614 314<br data-start=\"2064\" data-end=\"2067\">UFI: R740-R0T2-100K-78FX<br \/>\nwww.boostique.eu <\/p>\n","protected":false},"excerpt":{"rendered":"<p data-start=\"404\" data-end=\"588\">Golden Harmony: Zitrone und Orange im Eingang, Rose, Maigl\u00f6ckchen und Zimt im Herzen sowie Vanille, Tonka, Zeder, Guaiac und Eichenmoos in der Basis.<\/p>\n<p data-start=\"559\" data-end=\"583\"><strong>Kapazit\u00e4t: 250 ml<\/strong><\/p>\n","protected":false},"featured_media":1785,"comment_status":"open","ping_status":"closed","template":"","meta":[],"product_brand":[],"product_cat":[183],"product_tag":[184,115,186,185],"class_list":{"0":"post-2799","1":"product","2":"type-product","3":"status-publish","4":"has-post-thumbnail","6":"product_cat-raucherstabchen","7":"product_tag-aromadiffusor-mit-sticks","8":"product_tag-boostique","9":"product_tag-duftstabchen","10":"product_tag-rohrblattdiffusor","12":"first","13":"instock","14":"taxable","15":"shipping-taxable","16":"purchasable","17":"product-type-simple"},"_links":{"self":[{"href":"https:\/\/boostique.pl\/de\/wp-json\/wp\/v2\/product\/2799","targetHints":{"allow":["GET"]}}],"collection":[{"href":"https:\/\/boostique.pl\/de\/wp-json\/wp\/v2\/product"}],"about":[{"href":"https:\/\/boostique.pl\/de\/wp-json\/wp\/v2\/types\/product"}],"replies":[{"embeddable":true,"href":"https:\/\/boostique.pl\/de\/wp-json\/wp\/v2\/comments?post=2799"}],"wp:featuredmedia":[{"embeddable":true,"href":"https:\/\/boostique.pl\/de\/wp-json\/wp\/v2\/media\/1785"}],"wp:attachment":[{"href":"https:\/\/boostique.pl\/de\/wp-json\/wp\/v2\/media?parent=2799"}],"wp:term":[{"taxonomy":"product_brand","embeddable":true,"href":"https:\/\/boostique.pl\/de\/wp-json\/wp\/v2\/product_brand?post=2799"},{"taxonomy":"product_cat","embeddable":true,"href":"https:\/\/boostique.pl\/de\/wp-json\/wp\/v2\/product_cat?post=2799"},{"taxonomy":"product_tag","embeddable":true,"href":"https:\/\/boostique.pl\/de\/wp-json\/wp\/v2\/product_tag?post=2799"}],"curies":[{"name":"wp","href":"https:\/\/api.w.org\/{rel}","templated":true}]}}