{"id":2790,"date":"2026-01-01T09:13:10","date_gmt":"2026-01-01T08:13:10","guid":{"rendered":"https:\/\/boostique.pl\/shop\/unkategorisiert\/raeucherstaebchen-aromadiffusor-komfort-in-weiss-mega-effizient\/"},"modified":"2026-02-26T14:23:55","modified_gmt":"2026-02-26T13:23:55","slug":"raeucherstaebchen-aromadiffusor-komfort-in-weiss-mega-effizient","status":"publish","type":"product","link":"https:\/\/boostique.pl\/de\/shop\/raucherstabchen\/raeucherstaebchen-aromadiffusor-komfort-in-weiss-mega-effizient\/","title":{"rendered":"R\u00e4ucherst\u00e4bchen | Aromadiffusor | Komfort in Wei\u00df \u2013 Mega effizient!"},"content":{"rendered":"<h1 data-start=\"149\" data-end=\"228\" data-rm-block-id=\"block-1\"><strong data-start=\"149\" data-end=\"181\">Boostique \u2013 Komfort in Wei\u00df<\/strong><\/h1>\n<h3 data-start=\"149\" data-end=\"228\" data-rm-block-id=\"block-2\"><strong data-start=\"184\" data-end=\"228\">Luxus-R\u00e4ucherst\u00e4bchen<\/strong><\/h3>\n<p data-start=\"230\" data-end=\"654\" data-rm-block-id=\"block-3\"><strong>Comfort In White<\/strong> ist die Essenz von Reinheit, Zartheit und Eleganz, umgeben von einem minimalistischen Duftdiffusor mit Sticks von Boostique. Es handelt sich um einen Vorschlag f\u00fcr Innenr\u00e4ume, bei denen Harmonie, helle \u00c4sthetik und subtiler Luxus, der in jedem Detail sichtbar ist, wichtig sind. Der Diffusor f\u00fcgt sich perfekt in moderne, helle R\u00e4ume ein und wird nicht nur zu einer Duftquelle, sondern auch zu einem eleganten Element der Dekoration.  <\/p>\n<p data-start=\"656\" data-end=\"980\" data-rm-block-id=\"block-4\">Der Duft Comfort In White wurde f\u00fcr Menschen entwickelt, die Frieden, Ausgewogenheit und m\u00fchelose Eleganz sch\u00e4tzen. Es ist eine Komposition, die sich perfekt f\u00fcr allt\u00e4gliche Begleitung eignet \u2013 unauff\u00e4llig, aber deutlich pr\u00e4sent. Sie erf\u00fcllt das Innere mit einer Atmosph\u00e4re von Frische und Sanftheit und schafft einen freundlichen, harmonischen Hintergrund f\u00fcr das Familienleben, die Arbeit oder die Ruhe.  <\/p>\n<p data-start=\"982\" data-end=\"1312\" data-rm-block-id=\"block-5\">Das Aroma entwickelt sich im Raum auf nat\u00fcrliche und gleichm\u00e4\u00dfige Weise. Die Weichheit wei\u00dfer Bl\u00fcten verbindet sich mit cremiger S\u00fc\u00dfe und zarter Pudderigkeit und erzeugt einen Duft, der mit Sauberkeit, frisch gewaschener Bettw\u00e4sche und einem hellen, ruhigen Inneren assoziiert wird. Comfort In White vermittelt ein Gef\u00fchl von Ordnung und Geborgenheit, das Entspannung und Ruhe f\u00f6rdert.  <\/p>\n<p data-start=\"1314\" data-end=\"1711\" data-rm-block-id=\"block-6\">Dank seiner effizienten Formel sorgt der Boostique Fragrance Diffuser mit Sticks f\u00fcr eine langanhaltende Duftfreisetzung \u00fcber viele Wochen. Die Intensit\u00e4t l\u00e4sst sich leicht durch die Anzahl der verwendeten St\u00e4bchen anpassen, wobei das Aroma an die Gr\u00f6\u00dfe des Raumes und die individuellen Vorlieben angepasst wird. Comfort In White ist perfekt f\u00fcr Wohnzimmer, Schlafzimmer, Badezimmer oder Arbeitszimmer und schafft jeden Tag eine koh\u00e4rente, elegante Atmosph\u00e4re.  <\/p>\n<p data-start=\"1713\" data-end=\"1811\" data-is-last-node=\"\" data-is-only-node=\"\" data-rm-block-id=\"block-7\">Es ist ein luxuri\u00f6ser <a href=\"https:\/\/www.treasure-island.pl\/treasure-island-sklep\/\" target=\"_blank\" rel=\"noopener\">Innenduft<\/a> f\u00fcr alle, die Einfachheit, Qualit\u00e4t und zeitlose \u00c4sthetik w\u00e4hlen.<\/p>\n<p data-start=\"193\" data-end=\"650\" data-rm-block-id=\"block-8\">Comfort In White sind R\u00e4ucherst\u00e4bchen, die den Charakter des Innenraums subtil betonen, ihn nicht dominieren, sondern harmonisch erg\u00e4nzen. Seine Pr\u00e4senz ist sp\u00fcrbar, aber unaufdringlich \u2013 sie schafft eine Atmosph\u00e4re, zu der man zur\u00fcckkehren m\u00f6chte. Er ist eine ideale Wahl f\u00fcr Menschen, die Duft als Element des Alltagskomforts und nicht nur als dekoratives Accessoire betrachten. Der Diffusor verleiht dem Raum ein Gef\u00fchl von Frische und Ordnung und f\u00f6rdert Konzentration, Entspannung und ein Zuhause-Gleichgewicht.   <\/p>\n<p data-start=\"652\" data-end=\"1059\" data-rm-block-id=\"block-9\">Das minimalistische Design des Boostique-Diffusors harmoniert perfekt mit der \u00c4sthetik moderner und klassischer Arrangements. Schlichte Form, leuchtende Farben und elegante Details machen Comfort In White zu einer diskreten Inneneinrichtung, die in die Stile &#8222;clean&#8220;, &#8222;soft luxury&#8220; und &#8222;modern classic&#8220; passt. Es ist ein Duft, der perfekt in R\u00e4ume passt, die mit Liebe zum Detail und visueller Konsistenz dekoriert sind.  <\/p>\n<p data-start=\"1061\" data-end=\"1424\" data-rm-block-id=\"block-10\">Der Comfort In White Duftdiffusor mit Sticks ist ebenfalls eine gro\u00dfartige Geschenkidee \u2013 vielseitig, elegant und sicher. Sein Duft entspricht den Bed\u00fcrfnissen einer Vielzahl von Empf\u00e4ngern, und der luxuri\u00f6se Charakter des Produkts betont die Einzigartigkeit jedes Anlasses. Dies ist ein Vorschlag, der sowohl in einem neuen Zuhause als auch als Element des Alltagsvergn\u00fcgens gut funktioniert.  <\/p>\n<p data-start=\"1426\" data-end=\"1545\" data-is-last-node=\"\" data-is-only-node=\"\" data-rm-block-id=\"block-11\">Comfort In White ist ein Duft, der eine Atmosph\u00e4re von Ruhe, Reinheit und Harmonie schafft \u2013 nat\u00fcrlich, konsequent und elegant.<\/p>\n<hr data-start=\"569\" data-end=\"572\" data-rm-block-id=\"block-12\">\n<h2 data-start=\"574\" data-end=\"616\" data-rm-block-id=\"block-13\"><strong data-start=\"577\" data-end=\"616\">Duftprofil \u2013 Comfort In White<\/strong><\/h2>\n<h3 data-start=\"618\" data-end=\"662\" data-rm-block-id=\"block-15\"><strong data-start=\"622\" data-end=\"662\">Spitzennoten \u2013 Frische und Leuchtkraft<\/strong><\/h3>\n<p data-start=\"663\" data-end=\"817\" data-rm-block-id=\"block-16\"><strong data-start=\"663\" data-end=\"690\">Heliotrop, wei\u00dfe Blumen<\/strong><br data-start=\"690\" data-end=\"693\">Der Anfang ist hell, hell und cremig. Heliotrop verleiht pudrige Weichheit, und wei\u00dfe Bl\u00fcten verleihen eine saubere, subtile Frische. <\/p>\n<h3 data-start=\"819\" data-end=\"863\" data-rm-block-id=\"block-17\"><strong data-start=\"823\" data-end=\"863\">Herznoten \u2013 Eleganz und samtig<\/strong><\/h3>\n<p data-start=\"864\" data-end=\"1002\" data-rm-block-id=\"block-18\"><strong data-start=\"864\" data-end=\"890\">Rosenknospen, s\u00fc\u00dfe Iris<\/strong><br data-start=\"890\" data-end=\"893\">Im Herzen verbinden zarte Rosenknospen sich mit pudrigen Iris zu einer harmonischen, umh\u00fcllenden Komposition.<\/p>\n<h3 data-start=\"1004\" data-end=\"1040\" data-rm-block-id=\"block-19\"><strong data-start=\"1008\" data-end=\"1040\">Grundt\u00f6ne \u2013 W\u00e4rme und Gelassenheit<\/strong><\/h3>\n<p data-start=\"1041\" data-end=\"1231\" data-rm-block-id=\"block-20\"><strong data-start=\"1041\" data-end=\"1080\">Vanille, Tonkabohne, transparenter Moschus<\/strong><br data-start=\"1080\" data-end=\"1083\">Die Basis des Duftes ist weich, cremig und beruhigend. Vanille und Tonkabohnen bringen warme S\u00fc\u00dfe ein, w\u00e4hrend der moschusartige Abgang Klarheit und Langlebigkeit verleiht. <\/p>\n<hr data-start=\"1233\" data-end=\"1236\" data-rm-block-id=\"block-21\">\n<h2 data-start=\"1238\" data-end=\"1281\" data-rm-block-id=\"block-22\"><strong data-start=\"1241\" data-end=\"1281\">Warum wirst du Comfort In White lieben?<\/strong><\/h2>\n<ul data-start=\"1282\" data-end=\"1470\">\n<li data-start=\"1282\" data-end=\"1322\">\n<p data-start=\"1284\" data-end=\"1322\" data-rm-block-id=\"block-23\">schafft eine Atmosph\u00e4re von Eleganz und Frieden<\/p>\n<\/li>\n<li data-start=\"1323\" data-end=\"1365\">\n<p data-start=\"1325\" data-end=\"1365\" data-rm-block-id=\"block-24\">ist subtil, aber dennoch langlebig und greifbar<\/p>\n<\/li>\n<li data-start=\"1366\" data-end=\"1423\">\n<p data-start=\"1368\" data-end=\"1423\" data-rm-block-id=\"block-25\">passt perfekt in den minimalistischen Stil von Boostique<\/p>\n<\/li>\n<li data-start=\"1424\" data-end=\"1470\">\n<p data-start=\"1426\" data-end=\"1470\" data-rm-block-id=\"block-26\">h\u00fcllt das Innere in eine weiche, saubere, cremige Aura<\/p>\n<\/li>\n<\/ul>\n<hr data-start=\"1472\" data-end=\"1475\" data-rm-block-id=\"block-27\">\n<h2 data-start=\"1477\" data-end=\"1497\" data-rm-block-id=\"block-28\"><strong data-start=\"1480\" data-end=\"1497\">Ausgezeichnet f\u00fcr:<\/strong><\/h2>\n<p data-start=\"1498\" data-end=\"1610\" data-rm-block-id=\"block-29\">Schlafzimmer, Wohnzimmer, Bad, Umkleideraum und all die Orte, an denen Ruhe, Frische und Raffinesse z\u00e4hlen.<\/p>\n<p data-start=\"584\" data-end=\"900\" data-rm-block-id=\"block-30\"><strong>Kapazit\u00e4t: 250 ml<\/strong><\/p>\n<hr data-start=\"902\" data-end=\"905\" data-rm-block-id=\"block-31\">\n<h3 data-start=\"943\" data-end=\"986\" data-rm-block-id=\"block-32\"><\/h3>\n<h3 data-start=\"943\" data-end=\"986\" data-rm-block-id=\"block-33\"><strong data-start=\"947\" data-end=\"984\">Inhalt (Duftzusammensetzung):<\/strong><\/h3>\n<p data-rm-block-id=\"block-34\">Benzylsalicyl, Coumarin, 7-Hydroxycitronellal, 3,7-Dimethyl-1,6-Octadien-3-ol, Geraniol, Citronellol<\/p>\n<hr data-start=\"1415\" data-end=\"1418\" data-rm-block-id=\"block-35\">\n<h3 data-start=\"1420\" data-end=\"1455\" data-rm-block-id=\"block-36\"><\/h3>\n<h3 data-start=\"1420\" data-end=\"1455\" data-rm-block-id=\"block-37\"><strong data-start=\"1424\" data-end=\"1455\">Anmerkungen und Vorsichtsma\u00dfnahmen:<\/strong><\/h3>\n<p data-rm-block-id=\"block-38\">Entflammbare Fl\u00fcssigkeit und D\u00e4mpfe. Kann eine allergische Hautreaktion verursachen. Es ist \u00e4rgerlich f\u00fcr die Augen. Sie ist f\u00fcr Wasserorganismen giftig und verursacht langanhaltende Folgen. Wenn Sie medizinischen Rat ben\u00f6tigen, zeigen Sie den Beh\u00e4lter oder das Etikett. Haltet euch au\u00dferhalb der Reichweite von Kindern. Waschen Sie nach der Anwendung die H\u00e4nde und die betroffenen K\u00f6rperteile gr\u00fcndlich. Trage Augenschutz und Schutzhandschuhe. Sammle den Fleck auf. Entsorgen Sie den Inhalt\/Beh\u00e4lter an einem autorisierten Abfallentsorgungspunkt oder geben Sie ihn an den Lieferanten zur\u00fcck.         <\/p>\n<p data-rm-block-id=\"block-39\"><img decoding=\"async\" class=\"alignnone wp-image-203\" src=\"https:\/\/boostique.pl\/wp-content\/uploads\/2025\/07\/uwaga.png\" alt=\"\" width=\"55\" height=\"56\" title=\"\" srcset=\"https:\/\/boostique.pl\/wp-content\/uploads\/2025\/07\/uwaga.png 95w, https:\/\/boostique.pl\/wp-content\/uploads\/2025\/07\/uwaga-50x50.png 50w\" sizes=\"(max-width: 55px) 100vw, 55px\" \/>  <img decoding=\"async\" class=\"alignnone wp-image-202\" src=\"https:\/\/boostique.pl\/wp-content\/uploads\/2025\/07\/stworzenie-morskie.png\" alt=\"\" width=\"59\" height=\"60\" title=\"\" srcset=\"https:\/\/boostique.pl\/wp-content\/uploads\/2025\/07\/stworzenie-morskie.png 95w, https:\/\/boostique.pl\/wp-content\/uploads\/2025\/07\/stworzenie-morskie-50x50.png 50w\" sizes=\"(max-width: 59px) 100vw, 59px\" \/> <img decoding=\"async\" class=\"alignnone wp-image-1774\" src=\"https:\/\/boostique.pl\/wp-content\/uploads\/2025\/12\/3588-300x300.png\" alt=\"\" width=\"59\" height=\"59\" title=\"\" srcset=\"https:\/\/boostique.pl\/wp-content\/uploads\/2025\/12\/3588-300x300.png 300w, https:\/\/boostique.pl\/wp-content\/uploads\/2025\/12\/3588-100x100.png 100w, https:\/\/boostique.pl\/wp-content\/uploads\/2025\/12\/3588-150x150.png 150w, https:\/\/boostique.pl\/wp-content\/uploads\/2025\/12\/3588.png 400w\" sizes=\"(max-width: 59px) 100vw, 59px\" \/><\/p>\n<hr data-start=\"1875\" data-end=\"1878\" data-rm-block-id=\"block-41\">\n<h3 data-start=\"1880\" data-end=\"1898\" data-rm-block-id=\"block-42\"><\/h3>\n<h3 data-start=\"1880\" data-end=\"1898\" data-rm-block-id=\"block-43\"><strong data-start=\"1884\" data-end=\"1898\">Hersteller:<\/strong><\/h3>\n<p data-start=\"1900\" data-end=\"2141\" data-rm-block-id=\"block-44\"><strong data-start=\"1900\" data-end=\"1918\">HERGESTELLT IN POLEN<\/strong><br data-start=\"1918\" data-end=\"1921\"><strong data-start=\"1921\" data-end=\"1950\">Hersteller:<\/strong><br data-start=\"1950\" data-end=\"1953\"><strong data-start=\"1953\" data-end=\"1994\">Olfaktorische Beratung \u0141ukasz Czaplicki<\/strong><br data-start=\"1994\" data-end=\"1997\">Wroc\u0142awska 7A, 95-082 Dobro\u0144, Polen<br data-start=\"2037\" data-end=\"2040\">Telefon: +48 519 614 314<br data-start=\"2064\" data-end=\"2067\">UFI: K440-803N-R002-KWVV<br \/>\nwww.boostique.eu <\/p>\n","protected":false},"excerpt":{"rendered":"<p data-start=\"404\" data-end=\"588\">Comfort In White: Heliotrop und wei\u00dfe Bl\u00fcten in der \u00d6ffnung, Rosenknospen und Iris im Herzen, Vanille, Tonkabohne und Moschus in einer weichen, umh\u00fcllenden Basis.<\/p>\n<p data-start=\"559\" data-end=\"583\"><strong>Kapazit\u00e4t: 250 ml<\/strong><\/p>\n","protected":false},"featured_media":1786,"comment_status":"open","ping_status":"closed","template":"","meta":[],"product_brand":[],"product_cat":[183],"product_tag":[184,115,186,185],"class_list":{"0":"post-2790","1":"product","2":"type-product","3":"status-publish","4":"has-post-thumbnail","6":"product_cat-raucherstabchen","7":"product_tag-aromadiffusor-mit-sticks","8":"product_tag-boostique","9":"product_tag-duftstabchen","10":"product_tag-rohrblattdiffusor","12":"first","13":"instock","14":"taxable","15":"shipping-taxable","16":"purchasable","17":"product-type-simple"},"_links":{"self":[{"href":"https:\/\/boostique.pl\/de\/wp-json\/wp\/v2\/product\/2790","targetHints":{"allow":["GET"]}}],"collection":[{"href":"https:\/\/boostique.pl\/de\/wp-json\/wp\/v2\/product"}],"about":[{"href":"https:\/\/boostique.pl\/de\/wp-json\/wp\/v2\/types\/product"}],"replies":[{"embeddable":true,"href":"https:\/\/boostique.pl\/de\/wp-json\/wp\/v2\/comments?post=2790"}],"wp:featuredmedia":[{"embeddable":true,"href":"https:\/\/boostique.pl\/de\/wp-json\/wp\/v2\/media\/1786"}],"wp:attachment":[{"href":"https:\/\/boostique.pl\/de\/wp-json\/wp\/v2\/media?parent=2790"}],"wp:term":[{"taxonomy":"product_brand","embeddable":true,"href":"https:\/\/boostique.pl\/de\/wp-json\/wp\/v2\/product_brand?post=2790"},{"taxonomy":"product_cat","embeddable":true,"href":"https:\/\/boostique.pl\/de\/wp-json\/wp\/v2\/product_cat?post=2790"},{"taxonomy":"product_tag","embeddable":true,"href":"https:\/\/boostique.pl\/de\/wp-json\/wp\/v2\/product_tag?post=2790"}],"curies":[{"name":"wp","href":"https:\/\/api.w.org\/{rel}","templated":true}]}}