{"id":2563,"date":"2025-07-07T18:01:30","date_gmt":"2025-07-07T16:01:30","guid":{"rendered":"https:\/\/boostique.pl\/shop\/unkategorisiert\/waescheparfuem-luna-bloom\/"},"modified":"2026-02-26T14:21:25","modified_gmt":"2026-02-26T13:21:25","slug":"waescheparfuem-luna-bloom","status":"publish","type":"product","link":"https:\/\/boostique.pl\/de\/shop\/wascheparfum\/waescheparfuem-luna-bloom\/","title":{"rendered":"W\u00e4scheparf\u00fcm | Luna Bloom"},"content":{"rendered":"<h3 data-start=\"99\" data-end=\"149\">Luna Bloom \u2013 W\u00e4scheparf\u00fcm von Boostique<\/h3>\n<p data-start=\"151\" data-end=\"480\">Sp\u00fcren Sie den Duft von Eleganz, der in jedem Tropfen <strong data-start=\"202\" data-end=\"216\">von Luna Bloom<\/strong> umh\u00fcllt ist \u2013 ein exklusives Waschparf\u00fcm, das Ihre Sinne in eine Welt subtiler, blumiger Frische und samtiger W\u00e4rme versetzt. Diese einzigartige Duftkomposition wurde f\u00fcr diejenigen entwickelt, die Harmonie, Raffinesse und einen dauerhaften Duft auf Stoffen suchen. <\/p>\n<p data-start=\"482\" data-end=\"889\">Der Duft beginnt mit einer zart frischen Note von <strong data-start=\"524\" data-end=\"538\">Bergamotte<\/strong>, saftiger <strong data-start=\"550\" data-end=\"571\">schwarzer Johannisbeere<\/strong> und entspannender, aromatischer <strong data-start=\"601\" data-end=\"612\">Lavendel<\/strong>, die zusammen eine sanfte, saubere Akkordenz erzeugen, perfekt f\u00fcr frisch gewaschene Stoffe. Im Herzen von Luna Bloom stehen elegante Blumen \u2013 klassische <strong data-start=\"756\" data-end=\"764\">Rose<\/strong>, exotische <strong data-start=\"777\" data-end=\"789\">Orchidee<\/strong>, dezente <strong data-start=\"800\" data-end=\"812\">Maigl\u00f6ckchen<\/strong> und edle <strong data-start=\"826\" data-end=\"844\">Iriswurzeln<\/strong>, die dem Duft Sinnlichkeit und Tiefe verleihen. <\/p>\n<p data-start=\"891\" data-end=\"1142\">Die Basis besteht aus cremigem, umh\u00fcllendem <strong data-start=\"922\" data-end=\"941\">Bourbon-Vanille<\/strong>, samtiger <strong data-start=\"953\" data-end=\"969\">Tonkabohne<\/strong>, edlem <strong data-start=\"982\" data-end=\"1002\">Sandelholz<\/strong> und zartem, reinem <strong data-start=\"1023\" data-end=\"1032\">Moschus<\/strong>, der den Duft lange halten l\u00e4sst und der Kleidung eine subtile Aura von Luxus und Komfort verleiht.<\/p>\n<p data-start=\"1144\" data-end=\"1392\"><strong data-start=\"1144\" data-end=\"1158\">Luna Bloom<\/strong> ist ein Duft, der die Leichtigkeit von Blumen mit der W\u00e4rme von Vanille und Holz verbindet, um eine elegante, einpr\u00e4gsame Komposition zu schaffen. Eine ideale Wahl f\u00fcr diejenigen, die ihrer t\u00e4glichen W\u00e4sche Nuancen von Raffinesse und einen langanhaltenden, parf\u00fcmerischen Charakter hinzuf\u00fcgen m\u00f6chten. <\/p>\n<p data-start=\"1394\" data-end=\"1477\" data-is-last-node=\"\" data-is-only-node=\"\"><strong data-start=\"1394\" data-end=\"1416\">Boost Your Laundry<\/strong> \u2013 verwandeln Sie W\u00e4sche in ein sinnliches Ritual mit Luna Bloom von Boostique.<\/p>\n<p data-start=\"559\" data-end=\"583\"><strong data-start=\"563\" data-end=\"581\">Wie man verwendet:<\/strong><\/p>\n<p data-start=\"584\" data-end=\"900\">Hochkonzentriertes Produkt \u2013 <strong data-start=\"616\" data-end=\"644\">vor der Anwendung<\/strong> sch\u00fctteln.<br data-start=\"645\" data-end=\"648\">Empfohlene Dosierung: <strong data-start=\"668\" data-end=\"684\">1-2 Kappen<\/strong>, in das Waschmaschinen-Ab-Fach des Waschmittels gie\u00dfen.<br data-start=\"741\" data-end=\"744\">Vermeiden Sie direkten Kontakt von unverd\u00fcnntem Produkt mit Stoffen und empfindlichen Oberfl\u00e4chen. Im Falle eines Verlaufens \u2013 entfernen Sie den R\u00fcckstand sofort. <\/p>\n<p data-start=\"584\" data-end=\"900\"><strong>Kapazit\u00e4t: 250 ml<\/strong><\/p>\n<hr data-start=\"902\" data-end=\"905\">\n<h3 data-start=\"907\" data-end=\"950\"><\/h3>\n<h3 data-start=\"907\" data-end=\"950\"><strong data-start=\"911\" data-end=\"948\">Inhalt (Duftzusammensetzung):<\/strong><\/h3>\n<p data-start=\"951\" data-end=\"1385\">4-tert-Butylcyclohexylacetat, 3,7-Dimethyl-1,6-Octadien-3-ol, Linalylacetat, Alpha-Hexyl-Cinnam-Aldehyd, Hexylsalicyl, 1-(1,2,3,4,5,6,7,7,8-Octahydro-2,3,8,8-Tetramethyl-2-Naphthyl)Ethan-1-ein, Eugenol, Citronellol, Coumarin,1-(1,2,3,4,6,7,8,8-Octahydro-2,3,8,8-Tetramethyl-2-Naphthyl)Ethan-1-ein, Undec-10-enal,1-(2,6,6-Trimethyl-3-Cyclohexen-1-yl)-2-Buten-1-ein, 3-p-Cumenyl-2-Methylpropiondehyd, Cineole<\/p>\n<hr data-start=\"1387\" data-end=\"1390\">\n<h3 data-start=\"1392\" data-end=\"1427\"><\/h3>\n<h3 data-start=\"1392\" data-end=\"1427\"><strong data-start=\"1396\" data-end=\"1427\">Anmerkungen und Vorsichtsma\u00dfnahmen:<\/strong><\/h3>\n<p data-start=\"1429\" data-end=\"1624\">Es hat eine reizende Wirkung auf die Haut. Kann eine allergische Hautreaktion verursachen. Es ist \u00e4rgerlich f\u00fcr die Augen. Sie ist f\u00fcr Wasserorganismen giftig und verursacht langanhaltende Folgen. Wenn Sie medizinischen Rat ben\u00f6tigen, zeigen Sie den Beh\u00e4lter oder das Etikett. Haltet euch au\u00dferhalb der Reichweite von Kindern. Tragen Sie Schutzhandschuhe. Entfernen Sie kontaminierte Kleidung und waschen Sie sie, bevor Sie sie erneut verwenden. Sammle den Fleck auf. Entsorgen Sie den Inhalt\/Beh\u00e4lter an einem autorisierten Abfallentsorgungspunkt oder geben Sie ihn an den Lieferanten zur\u00fcck.         <\/p>\n<p><img decoding=\"async\" class=\"alignnone wp-image-203\" src=\"https:\/\/boostique.pl\/wp-content\/uploads\/2025\/07\/uwaga.png\" alt=\"\" width=\"40\" height=\"40\" title=\"\" srcset=\"https:\/\/boostique.pl\/wp-content\/uploads\/2025\/07\/uwaga.png 95w, https:\/\/boostique.pl\/wp-content\/uploads\/2025\/07\/uwaga-50x50.png 50w\" sizes=\"(max-width: 40px) 100vw, 40px\" \/>  <img decoding=\"async\" class=\"alignnone wp-image-202\" src=\"https:\/\/boostique.pl\/wp-content\/uploads\/2025\/07\/stworzenie-morskie.png\" alt=\"\" width=\"40\" height=\"40\" title=\"\" srcset=\"https:\/\/boostique.pl\/wp-content\/uploads\/2025\/07\/stworzenie-morskie.png 95w, https:\/\/boostique.pl\/wp-content\/uploads\/2025\/07\/stworzenie-morskie-50x50.png 50w\" sizes=\"(max-width: 40px) 100vw, 40px\" \/>  <img decoding=\"async\" class=\"alignnone wp-image-201\" src=\"https:\/\/boostique.pl\/wp-content\/uploads\/2025\/07\/pp-05.png\" alt=\"\" width=\"35\" height=\"41\" title=\"\">   <img loading=\"lazy\" decoding=\"async\" class=\"alignnone wp-image-204\" src=\"https:\/\/boostique.pl\/wp-content\/uploads\/2025\/07\/pet-01.png\" alt=\"\" width=\"35\" height=\"42\" title=\"\"><\/p>\n<p>&nbsp;<\/p>\n<hr data-start=\"1875\" data-end=\"1878\">\n<h3 data-start=\"1880\" data-end=\"1898\"><\/h3>\n<h3 data-start=\"1880\" data-end=\"1898\"><strong data-start=\"1884\" data-end=\"1898\">Hersteller:<\/strong><\/h3>\n<p data-start=\"1900\" data-end=\"2141\"><strong data-start=\"1900\" data-end=\"1918\">HERGESTELLT IN POLEN<\/strong><br data-start=\"1918\" data-end=\"1921\"><strong data-start=\"1921\" data-end=\"1950\">Hersteller:<\/strong><br data-start=\"1950\" data-end=\"1953\"><strong data-start=\"1953\" data-end=\"1994\">Olfaktorische Beratung \u0141ukasz Czaplicki<\/strong><br data-start=\"1994\" data-end=\"1997\">Wroc\u0142awska 7A, 95-082 Dobro\u0144, Polen<br data-start=\"2037\" data-end=\"2040\">Telefon: +48 519 614 314 <br data-start=\"2064\" data-end=\"2067\"><strong data-start=\"2114\" data-end=\"2122\">UFI:<\/strong>6F30-60KG-9004-967C<br \/>\nwww.boostique.eu<\/p>\n","protected":false},"excerpt":{"rendered":"<p data-start=\"382\" data-end=\"552\"><strong>Luna Bloom<\/strong> ist ein elegantes Waschparf\u00fcm mit Noten von <strong>Bergamotte, Rose und Bourbon-Vanille<\/strong>. H\u00fclle deine Kleidung in den sinnlichen Duft von Reinheit und Luxus. <\/p>\n<p data-start=\"559\" data-end=\"583\"><strong>Kapazit\u00e4t: 250 ml<\/strong><\/p>\n","protected":false},"featured_media":3414,"comment_status":"open","ping_status":"closed","template":"","meta":[],"product_brand":[],"product_cat":[112],"product_tag":[115,162,121,119,122,114,120,149,157,117,118],"class_list":{"0":"post-2563","1":"product","2":"type-product","3":"status-publish","4":"has-post-thumbnail","6":"product_cat-wascheparfum","7":"product_tag-boostique","8":"product_tag-luna-bloom","9":"product_tag-parfum-waschen","10":"product_tag-perfume-de-linge","11":"product_tag-tvattperfym","12":"product_tag-waschduft","13":"product_tag-wascheparfum","14":"product_tag-wascheparfum-2","15":"product_tag-wascheparfum-3","16":"product_tag-waschparfum","17":"product_tag-wasparfum","19":"first","20":"instock","21":"taxable","22":"shipping-taxable","23":"purchasable","24":"product-type-simple"},"_links":{"self":[{"href":"https:\/\/boostique.pl\/de\/wp-json\/wp\/v2\/product\/2563","targetHints":{"allow":["GET"]}}],"collection":[{"href":"https:\/\/boostique.pl\/de\/wp-json\/wp\/v2\/product"}],"about":[{"href":"https:\/\/boostique.pl\/de\/wp-json\/wp\/v2\/types\/product"}],"replies":[{"embeddable":true,"href":"https:\/\/boostique.pl\/de\/wp-json\/wp\/v2\/comments?post=2563"}],"wp:featuredmedia":[{"embeddable":true,"href":"https:\/\/boostique.pl\/de\/wp-json\/wp\/v2\/media\/3414"}],"wp:attachment":[{"href":"https:\/\/boostique.pl\/de\/wp-json\/wp\/v2\/media?parent=2563"}],"wp:term":[{"taxonomy":"product_brand","embeddable":true,"href":"https:\/\/boostique.pl\/de\/wp-json\/wp\/v2\/product_brand?post=2563"},{"taxonomy":"product_cat","embeddable":true,"href":"https:\/\/boostique.pl\/de\/wp-json\/wp\/v2\/product_cat?post=2563"},{"taxonomy":"product_tag","embeddable":true,"href":"https:\/\/boostique.pl\/de\/wp-json\/wp\/v2\/product_tag?post=2563"}],"curies":[{"name":"wp","href":"https:\/\/api.w.org\/{rel}","templated":true}]}}