{"id":2546,"date":"2025-07-07T18:05:44","date_gmt":"2025-07-07T16:05:44","guid":{"rendered":"https:\/\/boostique.pl\/shop\/unkategorisiert\/waescheparfuem-reine-bluete\/"},"modified":"2026-02-26T14:23:39","modified_gmt":"2026-02-26T13:23:39","slug":"waescheparfuem-reine-bluete","status":"publish","type":"product","link":"https:\/\/boostique.pl\/de\/shop\/wascheparfum\/waescheparfuem-reine-bluete\/","title":{"rendered":"W\u00e4scheparf\u00fcm | Reine Bl\u00fcte"},"content":{"rendered":"<h3 data-start=\"139\" data-end=\"187\">Pure Bloom \u2013 W\u00e4scheparf\u00fcm von Boostique<\/h3>\n<p data-start=\"162\" data-end=\"487\">Entdecken Sie das Wesen von Sauberkeit und Eleganz mit <strong data-start=\"201\" data-end=\"215\">Pure Bloom<\/strong> \u2013 einem exklusiven Waschparf\u00fcm, das Ihre Kleidung in einen zarten, frischen Duft h\u00fcllt. Diese anspruchsvolle Komposition vereint die Leichtigkeit der Bl\u00fcten, saftige Fruchtigkeit und cremige Tiefe und schafft so einen einzigartigen Duft, der mit seiner Subtilit\u00e4t und Haltbarkeit begeistert. <\/p>\n<p data-start=\"489\" data-end=\"888\">Der Duft beginnt mit einer erfrischenden Note aus <strong data-start=\"526\" data-end=\"537\">Zitrone<\/strong>, zarten <strong data-start=\"551\" data-end=\"564\">Aldehyden<\/strong>, gr\u00fcnem <strong data-start=\"576\" data-end=\"586\">Apfel<\/strong> und saftigem <strong data-start=\"599\" data-end=\"613\">Pfirsich<\/strong> \u2013 ein Hauch der Sauberkeit, der von Anfang an mit perfekt frischer W\u00e4sche verbunden ist. Im Zentrum der Komposition stehen elegante <strong data-start=\"748\" data-end=\"769\">Orangenbl\u00fcten<\/strong>, sinnlicher <strong data-start=\"780\" data-end=\"790\">Jasmin<\/strong> und eine dezente, leicht rosenartige Note von <strong data-start=\"824\" data-end=\"836\">Geraniumbl\u00fcte<\/strong>, die dem Duft weibliche Weichheit und Klasse verleihen. <\/p>\n<p data-start=\"890\" data-end=\"1092\">Die Basis besteht aus cremiger <strong data-start=\"910\" data-end=\"921\">Vanille<\/strong>, samtigem <strong data-start=\"933\" data-end=\"953\">Sandelholz<\/strong> und einem umh\u00fcllenden <strong data-start=\"974\" data-end=\"989\">reinen wei\u00dfen Moschus,<\/strong> der den Duft lange auf den Stoffen h\u00e4lt und eine zarte, elegante Spur hinterl\u00e4sst.<\/p>\n<p data-start=\"1094\" data-end=\"1392\"><strong data-start=\"1094\" data-end=\"1108\">Pure Bloom<\/strong> ist eine ausgezeichnete Wahl f\u00fcr alle, die Frische in Kombination mit einem Hauch von Luxus sch\u00e4tzen \u2013 f\u00fcr diejenigen, die m\u00f6chten, dass ihre Kleidung so gut riecht, wie sie aussieht. Mit hochwertigen Zutaten und parf\u00fcmerischer Pr\u00e4zision kreiert, bringt dieser Duft einen Hauch von Sch\u00f6nheit und Geborgenheit in Ihre t\u00e4gliche Routine. <\/p>\n<p data-start=\"1394\" data-end=\"1482\" data-is-last-node=\"\" data-is-only-node=\"\"><strong data-start=\"1394\" data-end=\"1416\">Booste deine W\u00e4sche<\/strong> \u2013 hebe deine W\u00e4schequalit\u00e4t mit Pure Bloom von Boostique auf ein neues Niveau.<\/p>\n<p data-start=\"559\" data-end=\"583\"><strong data-start=\"563\" data-end=\"581\">Wie man verwendet:<\/strong><\/p>\n<p data-start=\"584\" data-end=\"900\">Hochkonzentriertes Produkt \u2013 <strong data-start=\"616\" data-end=\"644\">vor der Anwendung<\/strong> sch\u00fctteln.<br data-start=\"645\" data-end=\"648\">Empfohlene Dosierung: <strong data-start=\"668\" data-end=\"684\">1-2 Kappen<\/strong>, in das Waschmaschinen-Ab-Fach des Waschmittels gie\u00dfen.<br data-start=\"741\" data-end=\"744\">Vermeiden Sie direkten Kontakt von unverd\u00fcnntem Produkt mit Stoffen und empfindlichen Oberfl\u00e4chen. Im Falle eines Verlaufens \u2013 entfernen Sie den R\u00fcckstand sofort. <\/p>\n<p data-start=\"584\" data-end=\"900\"><strong>Kapazit\u00e4t: 250 ml<\/strong><\/p>\n<hr data-start=\"902\" data-end=\"905\">\n<h3 data-start=\"946\" data-end=\"989\"><\/h3>\n<h3 data-start=\"946\" data-end=\"989\"><strong data-start=\"950\" data-end=\"987\">Inhalt (Duftzusammensetzung):<\/strong><\/h3>\n<p data-start=\"990\" data-end=\"1413\">(E)-2-Benzylideneacetal,Cyclohexanol,4-(1,1-Dimethylethyl)-,1-Acetat,3-Acetanol,3,7-Dimethyl-,1-(1,2,3,4,5,6,7,8-Octahydro-2,3,8-Tetramethyl-2-Naphthyl)Ethan-1-ein,(R)-p-menta-1,8-dien, Reaktionsmasse von 2,6-Octadien-1-ol,3,7-Dimethyl-,(E), und (Z),2-Methylundekanal,Dimethylcyclohex-3-en-1-Carbaldehyd,1-(1,2,3,4,6,7,8,8a-Octahydro-2,3,8,8-Tetramethyl-2-Naphthyl)ethan-1-ein, Citronellol, Coumarin<\/p>\n<hr data-start=\"1415\" data-end=\"1418\">\n<h3 data-start=\"1420\" data-end=\"1455\"><\/h3>\n<h3 data-start=\"1420\" data-end=\"1455\"><strong data-start=\"1424\" data-end=\"1455\">Anmerkungen und Vorsichtsma\u00dfnahmen:<\/strong><\/h3>\n<p data-start=\"1457\" data-end=\"1652\">Es hat eine reizende Wirkung auf die Haut. Kann eine allergische Hautreaktion verursachen. Es ist \u00e4rgerlich f\u00fcr die Augen. Sie ist f\u00fcr Wasserorganismen giftig und verursacht langanhaltende Folgen. Wenn Sie medizinischen Rat ben\u00f6tigen, zeigen Sie den Beh\u00e4lter oder das Etikett. Haltet euch au\u00dferhalb der Reichweite von Kindern. Tragen Sie Schutzhandschuhe. Entfernen Sie kontaminierte Kleidung und waschen Sie sie, bevor Sie sie erneut verwenden. Sammle den Fleck auf. Entsorgen Sie den Inhalt\/Beh\u00e4lter an einem autorisierten Abfallentsorgungspunkt oder geben Sie ihn an den Lieferanten zur\u00fcck.         <\/p>\n<p><img decoding=\"async\" class=\"alignnone wp-image-203\" src=\"https:\/\/boostique.pl\/wp-content\/uploads\/2025\/07\/uwaga.png\" alt=\"\" width=\"40\" height=\"40\" title=\"\" srcset=\"https:\/\/boostique.pl\/wp-content\/uploads\/2025\/07\/uwaga.png 95w, https:\/\/boostique.pl\/wp-content\/uploads\/2025\/07\/uwaga-50x50.png 50w\" sizes=\"(max-width: 40px) 100vw, 40px\" \/>  <img decoding=\"async\" class=\"alignnone wp-image-202\" src=\"https:\/\/boostique.pl\/wp-content\/uploads\/2025\/07\/stworzenie-morskie.png\" alt=\"\" width=\"40\" height=\"40\" title=\"\" srcset=\"https:\/\/boostique.pl\/wp-content\/uploads\/2025\/07\/stworzenie-morskie.png 95w, https:\/\/boostique.pl\/wp-content\/uploads\/2025\/07\/stworzenie-morskie-50x50.png 50w\" sizes=\"(max-width: 40px) 100vw, 40px\" \/>  <img decoding=\"async\" class=\"alignnone wp-image-201\" src=\"https:\/\/boostique.pl\/wp-content\/uploads\/2025\/07\/pp-05.png\" alt=\"\" width=\"35\" height=\"41\" title=\"\">   <img loading=\"lazy\" decoding=\"async\" class=\"alignnone wp-image-204\" src=\"https:\/\/boostique.pl\/wp-content\/uploads\/2025\/07\/pet-01.png\" alt=\"\" width=\"35\" height=\"42\" title=\"\"><\/p>\n<p>&nbsp;<\/p>\n<p>&nbsp;<\/p>\n<hr data-start=\"1875\" data-end=\"1878\">\n<h3 data-start=\"1880\" data-end=\"1898\"><\/h3>\n<h3 data-start=\"1880\" data-end=\"1898\"><strong data-start=\"1884\" data-end=\"1898\">Hersteller:<\/strong><\/h3>\n<p data-start=\"1900\" data-end=\"2141\"><strong data-start=\"1900\" data-end=\"1918\">HERGESTELLT IN POLEN<\/strong><br data-start=\"1918\" data-end=\"1921\"><strong data-start=\"1921\" data-end=\"1950\">Hersteller:<\/strong><br data-start=\"1950\" data-end=\"1953\"><strong data-start=\"1953\" data-end=\"1994\">Olfaktorische Beratung \u0141ukasz Czaplicki<\/strong><br data-start=\"1994\" data-end=\"1997\">Wroc\u0142awska 7A, 95-082 Dobro\u0144, Polen<br data-start=\"2037\" data-end=\"2040\">Telefon: +48 519 614 314 <br data-start=\"2064\" data-end=\"2067\"><strong data-start=\"2114\" data-end=\"2122\">UFI: <\/strong>X330-50TW-2004-NTW3<br \/>\nwww.boostique.eu<\/p>\n","protected":false},"excerpt":{"rendered":"<p data-start=\"403\" data-end=\"591\"><strong>Pure Bloom<\/strong> ist ein frisches und elegantes W\u00e4scheparf\u00fcm mit Noten <strong>von Zitrone, wei\u00dfen Blumen und Vanille<\/strong>. H\u00fclle deine Kleidung in den Duft von Sauberkeit und Luxus. <\/p>\n<p data-start=\"559\" data-end=\"583\"><strong>Kapazit\u00e4t: 250 ml<\/strong><\/p>\n","protected":false},"featured_media":3408,"comment_status":"open","ping_status":"closed","template":"","meta":[],"product_brand":[],"product_cat":[112],"product_tag":[115,121,119,156,122,114,149,120,157,117,118],"class_list":{"0":"post-2546","1":"product","2":"type-product","3":"status-publish","4":"has-post-thumbnail","6":"product_cat-wascheparfum","7":"product_tag-boostique","8":"product_tag-parfum-waschen","9":"product_tag-perfume-de-linge","10":"product_tag-reine-blute","11":"product_tag-tvattperfym","12":"product_tag-waschduft","13":"product_tag-wascheparfum-2","14":"product_tag-wascheparfum","15":"product_tag-wascheparfum-3","16":"product_tag-waschparfum","17":"product_tag-wasparfum","19":"first","20":"instock","21":"taxable","22":"shipping-taxable","23":"purchasable","24":"product-type-simple"},"_links":{"self":[{"href":"https:\/\/boostique.pl\/de\/wp-json\/wp\/v2\/product\/2546","targetHints":{"allow":["GET"]}}],"collection":[{"href":"https:\/\/boostique.pl\/de\/wp-json\/wp\/v2\/product"}],"about":[{"href":"https:\/\/boostique.pl\/de\/wp-json\/wp\/v2\/types\/product"}],"replies":[{"embeddable":true,"href":"https:\/\/boostique.pl\/de\/wp-json\/wp\/v2\/comments?post=2546"}],"wp:featuredmedia":[{"embeddable":true,"href":"https:\/\/boostique.pl\/de\/wp-json\/wp\/v2\/media\/3408"}],"wp:attachment":[{"href":"https:\/\/boostique.pl\/de\/wp-json\/wp\/v2\/media?parent=2546"}],"wp:term":[{"taxonomy":"product_brand","embeddable":true,"href":"https:\/\/boostique.pl\/de\/wp-json\/wp\/v2\/product_brand?post=2546"},{"taxonomy":"product_cat","embeddable":true,"href":"https:\/\/boostique.pl\/de\/wp-json\/wp\/v2\/product_cat?post=2546"},{"taxonomy":"product_tag","embeddable":true,"href":"https:\/\/boostique.pl\/de\/wp-json\/wp\/v2\/product_tag?post=2546"}],"curies":[{"name":"wp","href":"https:\/\/api.w.org\/{rel}","templated":true}]}}