{"id":2496,"date":"2025-07-07T17:55:22","date_gmt":"2025-07-07T15:55:22","guid":{"rendered":"https:\/\/boostique.pl\/shop\/unkategorisiert\/waescheparfuem-creamwood\/"},"modified":"2026-02-26T14:21:10","modified_gmt":"2026-02-26T13:21:10","slug":"waescheparfuem-creamwood","status":"publish","type":"product","link":"https:\/\/boostique.pl\/de\/shop\/wascheparfum\/waescheparfuem-creamwood\/","title":{"rendered":"W\u00e4scheparf\u00fcm | Creamwood"},"content":{"rendered":"<h3 data-start=\"101\" data-end=\"150\">Creamwood \u2013 Waschparf\u00fcm von Boostique<\/h3>\n<p data-start=\"152\" data-end=\"508\">Entdecken Sie die au\u00dfergew\u00f6hnliche Kombination aus <strong data-start=\"200\" data-end=\"213\">Frische und Tiefe mit Creamwood<\/strong> \u2013 einem exklusiven Waschparf\u00fcm, das Stoffe in einen dezenten, warmen Duft mit cremigem Finish und holzigem Charakter umh\u00fcllt. Diese einzigartige Komposition vereint kontrastierende Akzente \u2013 fruchtige Leichtigkeit, k\u00fchle Frische und eine edle Basis, die der Kleidung ein sinnliches und elegantes Aroma verleiht. <\/p>\n<p data-start=\"510\" data-end=\"869\">Der Duft beginnt mit einer saftigen Note von <strong data-start=\"543\" data-end=\"557\">Orange<\/strong> und <strong data-start=\"560\" data-end=\"570\">Himbeere<\/strong>, unterbrochen von der erfrischenden Frische von <strong data-start=\"607\" data-end=\"616\">Minze<\/strong> und einem dezenten Hauch <strong data-start=\"641\" data-end=\"661\">kalter Gew\u00fcrze<\/strong>, die der Komposition von Anfang an einen faszinierenden Charakter verleihen. Im Herzen von Creamwood bl\u00fchen zarte <strong data-start=\"784\" data-end=\"794\">Mimosa<\/strong> und edle <strong data-start=\"811\" data-end=\"819\">Iris<\/strong> auf und verleihen dem Duft pudrige Weichheit und Eleganz. <\/p>\n<p data-start=\"871\" data-end=\"1143\">Die Basis ist eine umh\u00fcllende Kombination <strong data-start=\"905\" data-end=\"924\">aus Vanillearinde<\/strong>, cremigem <strong data-start=\"936\" data-end=\"958\">Sandelholz<\/strong>, harzhaltiger <strong data-start=\"970\" data-end=\"979\">Myrrhe<\/strong> und sinnlichem <strong data-start=\"993\" data-end=\"1010\">wei\u00dfem Moschus<\/strong>. Diese tiefe, warme Basis sorgt daf\u00fcr, dass der Duft lange auf Stoffen verweilt und einen subtilen, luxuri\u00f6sen Eindruck hinterl\u00e4sst. <\/p>\n<p data-start=\"1145\" data-end=\"1426\"><strong data-start=\"1145\" data-end=\"1158\">Creamwood<\/strong> ist ein Angebot f\u00fcr alle, die unauff\u00e4llige Kombinationen sch\u00e4tzen \u2013 die Frische von Fr\u00fcchten und Gew\u00fcrzen im Gleichgewicht mit der umh\u00fcllenden S\u00fc\u00dfe und Edelheit des Holzes. Das Parf\u00fcm wurde aus den hochwertigsten Zutaten hergestellt, um der Alltagsw\u00e4sche eine v\u00f6llig neue, sinnliche Dimension zu verleihen. <\/p>\n<p data-start=\"1428\" data-end=\"1515\" data-is-last-node=\"\" data-is-only-node=\"\"><strong data-start=\"1428\" data-end=\"1450\">Booste deine W\u00e4sche<\/strong> \u2013 bring deine W\u00e4sche mit Creamwood von Boostique auf die n\u00e4chste Stufe.<\/p>\n<p data-start=\"558\" data-end=\"894\"><strong data-start=\"558\" data-end=\"576\">Wie man verwendet:<\/strong><br data-start=\"576\" data-end=\"579\">Hochkonzentriertes Produkt \u2013 <strong data-start=\"611\" data-end=\"639\">vor der Anwendung<\/strong> sch\u00fctteln.<br data-start=\"640\" data-end=\"643\">Empfohlene Dosierung: <strong data-start=\"663\" data-end=\"679\">1-2 Kapseln<\/strong>. Gie\u00dfen Sie es in das Abschleppfach des Weichsp\u00fclers.<br data-start=\"736\" data-end=\"739\">Vermeiden Sie direkten Kontakt von unverd\u00fcnntem Produkt mit Stoffen und empfindlichen Oberfl\u00e4chen. Im Falle eines Verlaufens entfernen Sie sofort R\u00fcckst\u00e4nde.  <\/p>\n<p data-start=\"558\" data-end=\"894\"><strong>Kapazit\u00e4t: 250 ml<\/strong><\/p>\n<hr data-start=\"896\" data-end=\"899\">\n<h3 data-start=\"901\" data-end=\"944\"><\/h3>\n<h3 data-start=\"901\" data-end=\"944\"><strong data-start=\"905\" data-end=\"942\">Inhalt (Duftzusammensetzung):<\/strong><\/h3>\n<p data-start=\"945\" data-end=\"1548\">Alpha-Hexyl-Cinnamaldehyd, 3-Octanol, 3,7-Dimethyl-<br data-start=\"1001\" data-end=\"1004\">,3R-(3\u03b1,3a\u03b2,7\u03b2,8a\u03b1)]-1-(2,3,4,7,8,8a-Hexahydro-3,6,8,8-Tetramethyl-1H-3a,7-Methanoazulen-5-yl)Ethan-1-ein,1-(1,2,3,4,5,6,7,8-Octahydro-2,3,8,8-Tetramethyl-2-Naphthyl)Ethan-1-ein, Eugenol, Coumarin, 1-(1,2,3,4,6,7,8a-Octahydro-2,3,8,8-Tetramethyl-2-Naphthyl)Ethan-1-One, (R)-p-menta-1,8-dien, Geraniol(2E)-3,7-Dimethyllocta-2,6-Dien-1-ol, Methyl 2,4-Dihydroxy-3,6-Dimethylbenzoat, Cyclohexanol, 4-(1,1-Dimethylethyl)-, 1-Acetat, Citronellol, 3,5,6,6- Tetramethyl-4-methylenheptan-2-on, Benzolpropanal, \u03b1-methyl-4-(1-methylethyl)-<\/p>\n<hr data-start=\"1550\" data-end=\"1553\">\n<h3 data-start=\"1555\" data-end=\"1590\"><\/h3>\n<h3 data-start=\"1555\" data-end=\"1590\"><strong data-start=\"1559\" data-end=\"1590\">Anmerkungen und Vorsichtsma\u00dfnahmen:<\/strong><\/h3>\n<p data-start=\"1592\" data-end=\"1751\">Es hat eine reizende Wirkung auf die Haut. Kann eine allergische Hautreaktion verursachen. Es ist \u00e4rgerlich f\u00fcr die Augen. Sie ist f\u00fcr Wasserorganismen giftig und verursacht langanhaltende Folgen. Wenn Sie medizinischen Rat ben\u00f6tigen, zeigen Sie den Beh\u00e4lter oder das Etikett. Haltet euch au\u00dferhalb der Reichweite von Kindern. Tragen Sie Schutzhandschuhe. Entfernen Sie kontaminierte Kleidung und waschen Sie sie, bevor Sie sie erneut verwenden. Sammle den Fleck auf. Entsorgen Sie den Inhalt\/Beh\u00e4lter an einem autorisierten Abfallentsorgungspunkt oder geben Sie ihn an den Lieferanten zur\u00fcck.         <\/p>\n<p><img decoding=\"async\" class=\"alignnone wp-image-203\" src=\"https:\/\/boostique.pl\/wp-content\/uploads\/2025\/07\/uwaga.png\" alt=\"\" width=\"40\" height=\"40\" title=\"\" srcset=\"https:\/\/boostique.pl\/wp-content\/uploads\/2025\/07\/uwaga.png 95w, https:\/\/boostique.pl\/wp-content\/uploads\/2025\/07\/uwaga-50x50.png 50w\" sizes=\"(max-width: 40px) 100vw, 40px\" \/>  <img decoding=\"async\" class=\"alignnone wp-image-202\" src=\"https:\/\/boostique.pl\/wp-content\/uploads\/2025\/07\/stworzenie-morskie.png\" alt=\"\" width=\"40\" height=\"40\" title=\"\" srcset=\"https:\/\/boostique.pl\/wp-content\/uploads\/2025\/07\/stworzenie-morskie.png 95w, https:\/\/boostique.pl\/wp-content\/uploads\/2025\/07\/stworzenie-morskie-50x50.png 50w\" sizes=\"(max-width: 40px) 100vw, 40px\" \/>  <img decoding=\"async\" class=\"alignnone wp-image-201\" src=\"https:\/\/boostique.pl\/wp-content\/uploads\/2025\/07\/pp-05.png\" alt=\"\" width=\"40\" height=\"47\" title=\"\">   <img loading=\"lazy\" decoding=\"async\" class=\"alignnone wp-image-204\" src=\"https:\/\/boostique.pl\/wp-content\/uploads\/2025\/07\/pet-01.png\" alt=\"\" width=\"40\" height=\"48\" title=\"\"><\/p>\n<p>&nbsp;<\/p>\n<hr data-start=\"1875\" data-end=\"1878\">\n<h3 data-start=\"1880\" data-end=\"1898\"><\/h3>\n<h3 data-start=\"1880\" data-end=\"1898\"><strong data-start=\"1884\" data-end=\"1898\">Hersteller:<\/strong><\/h3>\n<p data-start=\"1900\" data-end=\"2141\"><strong data-start=\"1900\" data-end=\"1918\">HERGESTELLT IN POLEN<\/strong><br data-start=\"1918\" data-end=\"1921\"><strong data-start=\"1921\" data-end=\"1950\">Hersteller:<\/strong><br data-start=\"1950\" data-end=\"1953\"><strong data-start=\"1953\" data-end=\"1994\">Olfaktorische Beratung \u0141ukasz Czaplicki<\/strong><br data-start=\"1994\" data-end=\"1997\">Wroc\u0142awska 7A, 95-082 Dobro\u0144, Polen<br data-start=\"2037\" data-end=\"2040\">Telefon: +48 519 614 314 <br data-start=\"2064\" data-end=\"2067\"><strong data-start=\"2114\" data-end=\"2122\">UFI: <\/strong>PC30-P0W2-Y00M-MUN9<br \/>\nwww.boostique.eu<\/p>\n","protected":false},"excerpt":{"rendered":"<article class=\"text-token-text-primary w-full focus:outline-none scroll-mt-[calc(var(--header-height)+min(200px,max(70px,20svh)))]\" dir=\"auto\" tabindex=\"-1\" data-testid=\"conversation-turn-62\" data-scroll-anchor=\"true\" data-turn=\"assistant\">\n<div class=\"text-base my-auto mx-auto pb-10 [--thread-content-margin:--spacing(4)] @[37rem]:[--thread-content-margin:--spacing(6)] @[72rem]:[--thread-content-margin:--spacing(16)] px-(--thread-content-margin)\">\n<div class=\"[--thread-content-max-width:32rem] @[34rem]:[--thread-content-max-width:40rem] @[64rem]:[--thread-content-max-width:48rem] mx-auto max-w-(--thread-content-max-width) flex-1 group\/turn-messages focus-visible:outline-hidden relative flex w-full min-w-0 flex-col agent-turn\" tabindex=\"-1\">\n<div class=\"flex max-w-full flex-col grow\">\n<div class=\"min-h-8 text-message relative flex w-full flex-col items-end gap-2 text-start break-words whitespace-normal [.text-message+&amp;]:mt-5\" dir=\"auto\" data-message-author-role=\"assistant\" data-message-id=\"73449366-3976-43f7-901d-af2087c54d65\" data-message-model-slug=\"gpt-4o\">\n<div class=\"flex w-full flex-col gap-1 empty:hidden first:pt-[3px]\">\n<div class=\"markdown prose dark:prose-invert w-full break-words dark\"><strong>Creamwood<\/strong> ist ein W\u00e4scheparf\u00fcm mit warmen Noten von <strong>Myrrhe, Vanille und Sandelholz<\/strong>. Verleihen Sie Ihrer Kleidung einen umh\u00fcllenden, cremigen und holzigen Duft von Luxus. <\/div>\n<\/div>\n<\/div>\n<\/div>\n<\/div>\n<\/div>\n<\/article>\n<p data-start=\"558\" data-end=\"894\"><strong>Kapazit\u00e4t: 250 ml<\/strong><\/p>\n","protected":false},"featured_media":3421,"comment_status":"open","ping_status":"closed","template":"","meta":[],"product_brand":[],"product_cat":[112],"product_tag":[115,148,121,119,122,114,149,157,117],"class_list":{"0":"post-2496","1":"product","2":"type-product","3":"status-publish","4":"has-post-thumbnail","6":"product_cat-wascheparfum","7":"product_tag-boostique","8":"product_tag-creamwood","9":"product_tag-parfum-waschen","10":"product_tag-perfume-de-linge","11":"product_tag-tvattperfym","12":"product_tag-waschduft","13":"product_tag-wascheparfum-2","14":"product_tag-wascheparfum-3","15":"product_tag-waschparfum","17":"first","18":"instock","19":"taxable","20":"shipping-taxable","21":"purchasable","22":"product-type-simple"},"_links":{"self":[{"href":"https:\/\/boostique.pl\/de\/wp-json\/wp\/v2\/product\/2496","targetHints":{"allow":["GET"]}}],"collection":[{"href":"https:\/\/boostique.pl\/de\/wp-json\/wp\/v2\/product"}],"about":[{"href":"https:\/\/boostique.pl\/de\/wp-json\/wp\/v2\/types\/product"}],"replies":[{"embeddable":true,"href":"https:\/\/boostique.pl\/de\/wp-json\/wp\/v2\/comments?post=2496"}],"wp:featuredmedia":[{"embeddable":true,"href":"https:\/\/boostique.pl\/de\/wp-json\/wp\/v2\/media\/3421"}],"wp:attachment":[{"href":"https:\/\/boostique.pl\/de\/wp-json\/wp\/v2\/media?parent=2496"}],"wp:term":[{"taxonomy":"product_brand","embeddable":true,"href":"https:\/\/boostique.pl\/de\/wp-json\/wp\/v2\/product_brand?post=2496"},{"taxonomy":"product_cat","embeddable":true,"href":"https:\/\/boostique.pl\/de\/wp-json\/wp\/v2\/product_cat?post=2496"},{"taxonomy":"product_tag","embeddable":true,"href":"https:\/\/boostique.pl\/de\/wp-json\/wp\/v2\/product_tag?post=2496"}],"curies":[{"name":"wp","href":"https:\/\/api.w.org\/{rel}","templated":true}]}}